{"id":1732,"date":"2023-11-26T12:55:37","date_gmt":"2023-11-26T12:55:37","guid":{"rendered":"https:\/\/beauty-glow.md\/?post_type=product&#038;p=1732"},"modified":"2025-10-27T20:49:58","modified_gmt":"2025-10-27T20:49:58","slug":"innatus-repurify-shampoo-1l","status":"publish","type":"product","link":"https:\/\/beauty-glow.md\/ro\/shop\/innatus-repurify-shampoo-1l\/","title":{"rendered":"\u0218ampon pentru pielea sensibil\u0103 Innatus Repurify Shampoo 1000ml"},"content":{"rendered":"<h2 style=\"text-align: center;\">\u0218ampon pentru pielea sensibil\u0103 <a href=\"https:\/\/www.facebook.com\/people\/innatus\/100090918232793\/\" target=\"_blank\" rel=\"noopener\">Innatus<\/a> Repurify Shampoo<\/h2>\n<p><img decoding=\"async\" class=\"alignleft wp-image-1589 \" src=\"https:\/\/beauty-glow.md\/wp-content\/uploads\/2023\/12\/Innatus-photo.jpg\" alt=\"Innatus photo\" width=\"414\" height=\"350\" title=\"\" srcset=\"https:\/\/beauty-glow.md\/wp-content\/uploads\/2023\/12\/Innatus-photo.jpg 2048w, https:\/\/beauty-glow.md\/wp-content\/uploads\/2023\/12\/Innatus-photo-474x400.jpg 474w, https:\/\/beauty-glow.md\/wp-content\/uploads\/2023\/12\/Innatus-photo-947x800.jpg 947w, https:\/\/beauty-glow.md\/wp-content\/uploads\/2023\/12\/Innatus-photo-768x649.jpg 768w, https:\/\/beauty-glow.md\/wp-content\/uploads\/2023\/12\/Innatus-photo-1536x1298.jpg 1536w, https:\/\/beauty-glow.md\/wp-content\/uploads\/2023\/12\/Innatus-photo-300x253.jpg 300w, https:\/\/beauty-glow.md\/wp-content\/uploads\/2023\/12\/Innatus-photo-600x507.jpg 600w\" sizes=\"(max-width: 414px) 100vw, 414px\" \/><\/p>\n<p><img decoding=\"async\" class=\"alignright wp-image-1598\" src=\"https:\/\/beauty-glow.md\/wp-content\/uploads\/2023\/12\/vegan-icon-400x400.webp\" alt=\"\" width=\"82\" height=\"82\" title=\"\" srcset=\"https:\/\/beauty-glow.md\/wp-content\/uploads\/2023\/12\/vegan-icon-400x400.webp 400w, https:\/\/beauty-glow.md\/wp-content\/uploads\/2023\/12\/vegan-icon-280x280.webp 280w, https:\/\/beauty-glow.md\/wp-content\/uploads\/2023\/12\/vegan-icon-300x300.webp 300w, https:\/\/beauty-glow.md\/wp-content\/uploads\/2023\/12\/vegan-icon-100x100.webp 100w, https:\/\/beauty-glow.md\/wp-content\/uploads\/2023\/12\/vegan-icon.webp 512w\" sizes=\"(max-width: 82px) 100vw, 82px\" \/><a href=\"https:\/\/beauty-glow.md\/tip-produs\/sampon\/\">\u0218ampon<\/a> cu PH 4.5 bazat pe ingrediente naturale extrem de eficiente pentru dezinfec\u021bia, stimularea \u0219i tonifierea pielii \u0219i p\u0103rului. Ingredientele sale active valoroase asigur\u0103 o cur\u0103\u021bare optim\u0103 f\u0103r\u0103 a irita sau sensibiliza chiar \u0219i cea mai sensibil\u0103 piele. Promoveaz\u0103 starea natural\u0103 a pielii, men\u021bin\u00e2nd \u00een acela\u0219i timp p\u0103rul puternic \u0219i s\u0103n\u0103tos. Con\u021bine extracte de mu\u0219e\u021bel, l\u0103m\u00e2ie, portocal\u0103 de s\u00e2nge, nalb\u0103, aloe vera, arnic\u0103, rozmarin, vanilie \u0219i urzic\u0103.<\/p>\n<p><strong>Volum:<\/strong> 1000 ml<\/p>\n<p><strong>Mod de utilizare:\u00a0<\/strong>Aplica\u021bi pe pielea \u0219i p\u0103rul umed, masa\u021bi u\u0219or. A\u0219tepta\u021bi 2 minute \u0219i cl\u0103ti\u021bi. De asemenea, ideal pentru utilizare frecvent\u0103.<\/p>\n<p><strong>Aten\u021bie:<\/strong> numai pentru uz extern. \u00cen caz de contact cu ochii, cl\u0103ti\u021bi cu mult\u0103 ap\u0103. A nu se lasa la indemana copiilor.","protected":false},"excerpt":{"rendered":"<p>Innatus Repurify Shampoo &#8211; pentru dezinfec\u021bia, stimularea \u0219i tonifierea pielii \u0219i p\u0103rului.<\/p>\n","protected":false},"featured_media":1733,"template":"","meta":[],"product_brand":[],"product_cat":[31,70,68,59,57,35],"product_tag":[],"class_list":{"0":"post-1732","1":"product","2":"type-product","3":"status-publish","4":"has-post-thumbnail","6":"product_cat-ingrijirea","7":"product_cat-toate-tipurile","8":"product_cat-parul-gras","9":"product_cat-scalp","10":"product_cat-anti-matreata","11":"product_cat-sampon","12":"pa_brand-innatus","13":"pa_producator-italia","14":"pa_serie-purifying","15":"pa_tip-produs-sampon","16":"pa_volum-1000-ml","18":"first","19":"instock","20":"shipping-taxable","21":"product-type-simple"},"_links":{"self":[{"href":"https:\/\/beauty-glow.md\/ro\/wp-json\/wp\/v2\/product\/1732","targetHints":{"allow":["GET"]}}],"collection":[{"href":"https:\/\/beauty-glow.md\/ro\/wp-json\/wp\/v2\/product"}],"about":[{"href":"https:\/\/beauty-glow.md\/ro\/wp-json\/wp\/v2\/types\/product"}],"wp:featuredmedia":[{"embeddable":true,"href":"https:\/\/beauty-glow.md\/ro\/wp-json\/wp\/v2\/media\/1733"}],"wp:attachment":[{"href":"https:\/\/beauty-glow.md\/ro\/wp-json\/wp\/v2\/media?parent=1732"}],"wp:term":[{"taxonomy":"product_brand","embeddable":true,"href":"https:\/\/beauty-glow.md\/ro\/wp-json\/wp\/v2\/product_brand?post=1732"},{"taxonomy":"product_cat","embeddable":true,"href":"https:\/\/beauty-glow.md\/ro\/wp-json\/wp\/v2\/product_cat?post=1732"},{"taxonomy":"product_tag","embeddable":true,"href":"https:\/\/beauty-glow.md\/ro\/wp-json\/wp\/v2\/product_tag?post=1732"}],"curies":[{"name":"wp","href":"https:\/\/api.w.org\/{rel}","templated":true}]}}