{"id":1754,"date":"2023-06-26T14:09:15","date_gmt":"2023-06-26T14:09:15","guid":{"rendered":"https:\/\/beauty-glow.md\/?post_type=product&#038;p=1754"},"modified":"2025-08-24T12:46:03","modified_gmt":"2025-08-24T12:46:03","slug":"khadi-organaturals-basma","status":"publish","type":"product","link":"https:\/\/beauty-glow.md\/ro\/shop\/khadi-organaturals-basma\/","title":{"rendered":"Basma natural\u0103 pentru p\u0103r Khadi Organaturals Basma 25gr"},"content":{"rendered":"<h2 style=\"text-align: center;\">Basma natural\u0103 pentru p\u0103r Khadi Organaturals Basma<\/h2>\n<p>Basma indian\u0103 ( Indigo ) 100% natural\u0103, un produs ecologic, con\u021bine substan\u021be biologic active \u0219i vitamine. Basma este o <a href=\"https:\/\/beauty-glow.md\/tip-produs\/vopsea-par\/\">vopsea<\/a> natural\u0103, folosit\u0103 pentru a colora p\u0103rul \u00een nuan\u021be mai \u00eenchise (de la castaniu deschis p\u00e2n\u0103 la negru). Basma are propriet\u0103\u021bi vindec\u0103toare &#8211; \u00eembun\u0103t\u0103\u021be\u0219te structura p\u0103rului \u0219i \u00eent\u0103re\u0219te r\u0103d\u0103cinile, confer\u0103 p\u0103rului str\u0103lucire natural\u0103 \u0219i elimin\u0103 m\u0103trea\u021ba. P\u0103rul devine elastic \u0219i u\u0219or de piept\u0103nat dup\u0103 utilizare. Basma este \u00een special potrivit\u0103 pentru persoanele cu sensibilitate crescut\u0103 la componente chimice din vopselele de p\u0103r. Se utilizeaz\u0103 \u00een combina\u021bie cu henna. Prin combinarea diferitelor propor\u021bii de henna \u0219i basma, pute\u021bi ob\u021bine o culoare natural\u0103 uimitoare a p\u0103rului &#8211; de la tonuri de bronz \u0219i castaniu la ciocolatiu \u00eenchis \u0219i negru. Uleiul de argan din compozi\u021bie hr\u0103ne\u0219te \u0219i repar\u0103 p\u0103rul, \u00eel protejeaz\u0103 de fragilitate \u0219i despica\u021bie \u0219i \u00eei \u00eent\u0103re\u0219te rezisten\u021ba.<\/p>\n<p><strong>Volum:<\/strong> 25 gr<\/p>\n<p><strong>Mod de aplicare:<\/strong> Basma se aplic\u0103 pe p\u0103rul curat \u0219i u\u0219or uscat. \u00cen timpul vopsirii, utiliza\u021bi m\u0103nu\u0219i de protec\u021bie \u0219i a\u0219eza\u021bi un prosop pe um\u0103r. Amesteca\u021bi pudra \u00een propor\u021biile dorite cu henna \u0219i ap\u0103 cald\u0103 (nu clocotit\u0103) p\u00e2n\u0103 c\u00e2nd ob\u021bine\u021bi o past\u0103 groas\u0103. Pentru o culoare mai intens\u0103, l\u0103sa\u021bi amestecul s\u0103 se odihneasc\u0103 c\u00e2teva ore. Apoi, ad\u0103uga\u021bi pu\u021bin\u0103 ap\u0103 \u0219i trece\u021bi direct la vopsire p\u0103rului. Timpul de colorare variaz\u0103 \u00eentre 20 de minute \u0219i 2-3 ore, \u00een func\u021bie de rezultatul dorit.<\/p>\n<p><span style=\"font-size: 100%;\"><strong>Aten\u021bie:<\/strong> numai pentru uz extern. \u00cen caz de contact cu ochii, cl\u0103ti\u021bi cu mult\u0103 ap\u0103. A nu se lasa la indemana copiilor.<\/span><\/p>","protected":false},"excerpt":{"rendered":"<p>Khadi Organaturals Basma vopsea de p\u0103r pe baz\u0103 de pigmen\u021bi naturali \u0219i uleiuri esen\u021biale ob\u021binute din plante.<\/p>\n","protected":false},"featured_media":1755,"template":"","meta":[],"product_brand":[],"product_cat":[40,258],"product_tag":[],"class_list":{"0":"post-1754","1":"product","2":"type-product","3":"status-publish","4":"has-post-thumbnail","6":"product_cat-vopsele","7":"product_cat-henna-si-basma","8":"pa_brand-khadi-organaturals","9":"pa_producator-india","10":"pa_tip-produs-vopsea-par","11":"pa_volum-25-gr","13":"first","14":"instock","15":"shipping-taxable","16":"product-type-simple"},"_links":{"self":[{"href":"https:\/\/beauty-glow.md\/ro\/wp-json\/wp\/v2\/product\/1754","targetHints":{"allow":["GET"]}}],"collection":[{"href":"https:\/\/beauty-glow.md\/ro\/wp-json\/wp\/v2\/product"}],"about":[{"href":"https:\/\/beauty-glow.md\/ro\/wp-json\/wp\/v2\/types\/product"}],"wp:featuredmedia":[{"embeddable":true,"href":"https:\/\/beauty-glow.md\/ro\/wp-json\/wp\/v2\/media\/1755"}],"wp:attachment":[{"href":"https:\/\/beauty-glow.md\/ro\/wp-json\/wp\/v2\/media?parent=1754"}],"wp:term":[{"taxonomy":"product_brand","embeddable":true,"href":"https:\/\/beauty-glow.md\/ro\/wp-json\/wp\/v2\/product_brand?post=1754"},{"taxonomy":"product_cat","embeddable":true,"href":"https:\/\/beauty-glow.md\/ro\/wp-json\/wp\/v2\/product_cat?post=1754"},{"taxonomy":"product_tag","embeddable":true,"href":"https:\/\/beauty-glow.md\/ro\/wp-json\/wp\/v2\/product_tag?post=1754"}],"curies":[{"name":"wp","href":"https:\/\/api.w.org\/{rel}","templated":true}]}}