{"id":1873,"date":"2023-09-22T14:18:51","date_gmt":"2023-09-22T14:18:51","guid":{"rendered":"https:\/\/beauty-glow.md\/?post_type=product&#038;p=1873"},"modified":"2024-02-20T08:39:35","modified_gmt":"2024-02-20T08:39:35","slug":"stapiz-flow-3d-hair-shiner","status":"publish","type":"product","link":"https:\/\/beauty-glow.md\/ro\/shop\/stapiz-flow-3d-hair-shiner\/","title":{"rendered":"Spray pentru a ad\u0103uga volum \u0219i str\u0103lucire p\u0103rului Stapiz Flow 3D Hair Shiner 300ml"},"content":{"rendered":"<h2 style=\"text-align: center;\">Spray pentru a ad\u0103uga volum \u0219i str\u0103lucire p\u0103rului <a href=\"https:\/\/stapiz.pl\/\" target=\"_blank\" rel=\"noopener\">Stapiz<\/a> Flow 3D Hair Shiner<\/h2>\n<p>O serie profesional\u0103 de produse cosmetice cu keratin\u0103 \u0219i colagen, concepute pentru \u00eengrijirea p\u0103rului care necesit\u0103 restaurare \u0219i \u00eent\u0103rire. Ofer\u0103 efectul de p\u0103r neted \u0219i str\u0103lucitor. Keratina restabile\u0219te zonele poroase de la suprafa\u021ba p\u0103rului, regener\u00e2nd structura fibrelor capilare.<\/p>\n<p><img decoding=\"async\" class=\"size-medium wp-image-1864 alignleft\" src=\"https:\/\/beauty-glow.md\/wp-content\/uploads\/2024\/01\/Beauty-glow.md-Stapiz-Flow-3D-Serie--400x400.jpg\" alt=\"Stapiz Flow 3D Serie\" width=\"400\" height=\"400\" title=\"\" srcset=\"https:\/\/beauty-glow.md\/wp-content\/uploads\/2024\/01\/Beauty-glow.md-Stapiz-Flow-3D-Serie--400x400.jpg 400w, https:\/\/beauty-glow.md\/wp-content\/uploads\/2024\/01\/Beauty-glow.md-Stapiz-Flow-3D-Serie--280x280.jpg 280w, https:\/\/beauty-glow.md\/wp-content\/uploads\/2024\/01\/Beauty-glow.md-Stapiz-Flow-3D-Serie--300x300.jpg 300w, https:\/\/beauty-glow.md\/wp-content\/uploads\/2024\/01\/Beauty-glow.md-Stapiz-Flow-3D-Serie--600x600.jpg 600w, https:\/\/beauty-glow.md\/wp-content\/uploads\/2024\/01\/Beauty-glow.md-Stapiz-Flow-3D-Serie--100x100.jpg 100w, https:\/\/beauty-glow.md\/wp-content\/uploads\/2024\/01\/Beauty-glow.md-Stapiz-Flow-3D-Serie-.jpg 624w\" sizes=\"(max-width: 400px) 100vw, 400px\" \/><\/p>\n<p><span style=\"font-size: 14.4px;\">Un <\/span><a href=\"https:\/\/beauty-glow.md\/ro\/tip-produs\/spray\/\">Spray<\/a> de styling care ofer\u0103 volum, grosime \u0219i str\u0103lucire p\u0103rului fin, f\u0103r\u0103 a-l \u00eengreuna. Produs pentru orice tip de p\u0103r aflat \u00een stadiul final de coafare.<\/p>\n<p><strong>Volum:<\/strong> 300 ml<\/p>\n<p><strong>Mod de utilizare:<\/strong> \u021aine\u021bi flaconul la o distan\u021b\u0103 de 20 cm de cap \u0219i pulveriza\u021bi produsul pe p\u0103rul uscat \u0219i coafat. Spray-ul cu sclipici poate fi aplicat \u0219i pe m\u00e2ini \u0219i frecat u\u0219or pe firele de p\u0103r.<\/p>\n<p><span style=\"font-size: 100%;\"><strong>Aten\u021bie:<\/strong> numai pentru uz extern. \u00cen caz de contact cu ochii, cl\u0103ti\u021bi cu mult\u0103 ap\u0103. A nu se lasa la indemana copiilor.<\/span><\/p>","protected":false},"excerpt":{"rendered":"<p>Stapiz Flow 3D Hair Shiner &#8211; ofer\u0103 volum, grosime \u0219i str\u0103lucire p\u0103rului fin f\u0103r\u0103 a-l \u00eengreuna.<\/p>\n","protected":false},"featured_media":1874,"template":"","meta":[],"product_brand":[],"product_cat":[70,62,246,39],"product_tag":[],"class_list":{"0":"post-1873","1":"product","2":"type-product","3":"status-publish","4":"has-post-thumbnail","6":"product_cat-toate-tipurile","7":"product_cat-volumul-parului","8":"product_cat-lac-si-spray","9":"product_cat-styling","10":"pa_brand-stapiz","11":"pa_producator-polonia","12":"pa_serie-flow-3d","13":"pa_tip-produs-spray","14":"pa_volum-300-ml","16":"first","17":"instock","18":"shipping-taxable","19":"product-type-simple"},"_links":{"self":[{"href":"https:\/\/beauty-glow.md\/ro\/wp-json\/wp\/v2\/product\/1873","targetHints":{"allow":["GET"]}}],"collection":[{"href":"https:\/\/beauty-glow.md\/ro\/wp-json\/wp\/v2\/product"}],"about":[{"href":"https:\/\/beauty-glow.md\/ro\/wp-json\/wp\/v2\/types\/product"}],"wp:featuredmedia":[{"embeddable":true,"href":"https:\/\/beauty-glow.md\/ro\/wp-json\/wp\/v2\/media\/1874"}],"wp:attachment":[{"href":"https:\/\/beauty-glow.md\/ro\/wp-json\/wp\/v2\/media?parent=1873"}],"wp:term":[{"taxonomy":"product_brand","embeddable":true,"href":"https:\/\/beauty-glow.md\/ro\/wp-json\/wp\/v2\/product_brand?post=1873"},{"taxonomy":"product_cat","embeddable":true,"href":"https:\/\/beauty-glow.md\/ro\/wp-json\/wp\/v2\/product_cat?post=1873"},{"taxonomy":"product_tag","embeddable":true,"href":"https:\/\/beauty-glow.md\/ro\/wp-json\/wp\/v2\/product_tag?post=1873"}],"curies":[{"name":"wp","href":"https:\/\/api.w.org\/{rel}","templated":true}]}}