{"id":1877,"date":"2023-09-22T14:32:02","date_gmt":"2023-09-22T14:32:02","guid":{"rendered":"https:\/\/beauty-glow.md\/?post_type=product&#038;p=1877"},"modified":"2024-02-20T08:47:17","modified_gmt":"2024-02-20T08:47:17","slug":"stapiz-flow-3d-hair-pomade","status":"publish","type":"product","link":"https:\/\/beauty-glow.md\/ro\/shop\/stapiz-flow-3d-hair-pomade\/","title":{"rendered":"Pomad\u0103 pentru coafarea p\u0103rului Stapiz Flow 3D Hair Pomade 80gr"},"content":{"rendered":"<h2 style=\"text-align: center;\">Pomad\u0103 pentru coafarea p\u0103rului <a href=\"https:\/\/stapiz.pl\/\" target=\"_blank\" rel=\"noopener\">Stapiz<\/a> Flow 3D Hair Pomade<\/h2>\n<p>O serie profesional\u0103 de produse cosmetice cu keratin\u0103 \u0219i colagen, concepute pentru \u00eengrijirea p\u0103rului care necesit\u0103 restaurare \u0219i \u00eent\u0103rire. Ofer\u0103 efectul de p\u0103r neted \u0219i str\u0103lucitor. Keratina restabile\u0219te zonele poroase de la suprafa\u021ba p\u0103rului, regener\u00e2nd structura fibrelor capilare.<\/p>\n<p><img decoding=\"async\" class=\"size-medium wp-image-1864 alignleft\" src=\"https:\/\/beauty-glow.md\/wp-content\/uploads\/2024\/01\/Beauty-glow.md-Stapiz-Flow-3D-Serie--400x400.jpg\" alt=\"Stapiz Flow 3D Serie\" width=\"400\" height=\"400\" title=\"\" srcset=\"https:\/\/beauty-glow.md\/wp-content\/uploads\/2024\/01\/Beauty-glow.md-Stapiz-Flow-3D-Serie--400x400.jpg 400w, https:\/\/beauty-glow.md\/wp-content\/uploads\/2024\/01\/Beauty-glow.md-Stapiz-Flow-3D-Serie--280x280.jpg 280w, https:\/\/beauty-glow.md\/wp-content\/uploads\/2024\/01\/Beauty-glow.md-Stapiz-Flow-3D-Serie--300x300.jpg 300w, https:\/\/beauty-glow.md\/wp-content\/uploads\/2024\/01\/Beauty-glow.md-Stapiz-Flow-3D-Serie--600x600.jpg 600w, https:\/\/beauty-glow.md\/wp-content\/uploads\/2024\/01\/Beauty-glow.md-Stapiz-Flow-3D-Serie--100x100.jpg 100w, https:\/\/beauty-glow.md\/wp-content\/uploads\/2024\/01\/Beauty-glow.md-Stapiz-Flow-3D-Serie-.jpg 624w\" sizes=\"(max-width: 400px) 100vw, 400px\" \/><\/p>\n<p>O <a href=\"https:\/\/beauty-glow.md\/tip-produs\/ceara-styling\/\">past\u0103 de p\u0103r<\/a> cu str\u0103lucire ridicat\u0103. Recomandat pentru fixarea suvitelor de par sau a coafurilor intregi. Ajut\u0103 la gestionarea \u0219uvi\u021belor indisciplinate, oferindu-le o str\u0103lucire uimitoare. Ofer\u0103 o fixare puternic\u0103 \u00een orice vreme.<\/p>\n<p><strong>Volum:<\/strong> 80 gr<\/p>\n<p><strong>Mod de utilizare:<\/strong> \u00cel recomand\u0103m pentru coafarea expres\u0103 a \u0219uvi\u021belor individuale sau a \u00eentregii coafuri. Rujul se aplic\u0103 cel mai bine pe p\u0103rul uscat. Este perfect pentru a da volum parului fin. \u00cencepe\u021bi aplicarea cu o cantitate mic\u0103 de produs, m\u0103rind cantitatea dac\u0103 este necesar. Freca\u021bi rujul \u00een m\u00e2ini \u0219i piept\u0103na\u021bi cu degetele de la r\u0103d\u0103cini p\u00e2n\u0103 la v\u00e2rfuri. Apoi ia un pieptene \u0219i \u00eencepe s\u0103 coafezi.<\/p>\n<p><span style=\"font-size: 100%;\"><strong>Aten\u021bie:<\/strong> numai pentru uz extern. \u00cen caz de contact cu ochii, cl\u0103ti\u021bi cu mult\u0103 ap\u0103. A nu se lasa la indemana copiilor.<\/span><\/p>","protected":false},"excerpt":{"rendered":"<p>Stapiz Flow 3D Hair Pomade &#8211; past\u0103 de p\u0103r cu str\u0103lucire ridicat\u0103.<\/p>\n","protected":false},"featured_media":1878,"template":"","meta":[],"product_brand":[],"product_cat":[70,247,39],"product_tag":[],"class_list":{"0":"post-1877","1":"product","2":"type-product","3":"status-publish","4":"has-post-thumbnail","6":"product_cat-toate-tipurile","7":"product_cat-ceara-si-gel","8":"product_cat-styling","9":"pa_brand-stapiz","10":"pa_producator-polonia","11":"pa_serie-flow-3d","12":"pa_tip-produs-ceara-styling","13":"pa_volum-80-gr","15":"first","16":"instock","17":"shipping-taxable","18":"product-type-simple"},"_links":{"self":[{"href":"https:\/\/beauty-glow.md\/ro\/wp-json\/wp\/v2\/product\/1877","targetHints":{"allow":["GET"]}}],"collection":[{"href":"https:\/\/beauty-glow.md\/ro\/wp-json\/wp\/v2\/product"}],"about":[{"href":"https:\/\/beauty-glow.md\/ro\/wp-json\/wp\/v2\/types\/product"}],"wp:featuredmedia":[{"embeddable":true,"href":"https:\/\/beauty-glow.md\/ro\/wp-json\/wp\/v2\/media\/1878"}],"wp:attachment":[{"href":"https:\/\/beauty-glow.md\/ro\/wp-json\/wp\/v2\/media?parent=1877"}],"wp:term":[{"taxonomy":"product_brand","embeddable":true,"href":"https:\/\/beauty-glow.md\/ro\/wp-json\/wp\/v2\/product_brand?post=1877"},{"taxonomy":"product_cat","embeddable":true,"href":"https:\/\/beauty-glow.md\/ro\/wp-json\/wp\/v2\/product_cat?post=1877"},{"taxonomy":"product_tag","embeddable":true,"href":"https:\/\/beauty-glow.md\/ro\/wp-json\/wp\/v2\/product_tag?post=1877"}],"curies":[{"name":"wp","href":"https:\/\/api.w.org\/{rel}","templated":true}]}}