{"id":1879,"date":"2023-09-22T14:38:20","date_gmt":"2023-09-22T14:38:20","guid":{"rendered":"https:\/\/beauty-glow.md\/?post_type=product&#038;p=1879"},"modified":"2024-02-20T08:47:11","modified_gmt":"2024-02-20T08:47:11","slug":"stapiz-flow-3d-keratin-flexible-hair-wax","status":"publish","type":"product","link":"https:\/\/beauty-glow.md\/ro\/shop\/stapiz-flow-3d-keratin-flexible-hair-wax\/","title":{"rendered":"Cear\u0103 pentru coafarea p\u0103rului cu keratin\u0103 Stapiz Flow 3D Keratin Flexible Hair Wax 100gr"},"content":{"rendered":"<h2 style=\"text-align: center;\">Cear\u0103 pentru coafarea p\u0103rului cu keratin\u0103 <a href=\"https:\/\/stapiz.pl\/\" target=\"_blank\" rel=\"noopener\">Stapiz<\/a> Flow 3D Keratin Flexible Hair Wax<\/h2>\n<p>O serie profesional\u0103 de produse cosmetice cu keratin\u0103 \u0219i colagen, concepute pentru \u00eengrijirea p\u0103rului care necesit\u0103 restaurare \u0219i \u00eent\u0103rire. Ofer\u0103 efectul de p\u0103r neted \u0219i str\u0103lucitor. Keratina restabile\u0219te zonele poroase de la suprafa\u021ba p\u0103rului, regener\u00e2nd structura fibrelor capilare.<\/p>\n<p><img decoding=\"async\" class=\"size-medium wp-image-1864 alignleft\" src=\"https:\/\/beauty-glow.md\/wp-content\/uploads\/2024\/01\/Beauty-glow.md-Stapiz-Flow-3D-Serie--400x400.jpg\" alt=\"Stapiz Flow 3D Serie\" width=\"400\" height=\"400\" title=\"\" srcset=\"https:\/\/beauty-glow.md\/wp-content\/uploads\/2024\/01\/Beauty-glow.md-Stapiz-Flow-3D-Serie--400x400.jpg 400w, https:\/\/beauty-glow.md\/wp-content\/uploads\/2024\/01\/Beauty-glow.md-Stapiz-Flow-3D-Serie--280x280.jpg 280w, https:\/\/beauty-glow.md\/wp-content\/uploads\/2024\/01\/Beauty-glow.md-Stapiz-Flow-3D-Serie--300x300.jpg 300w, https:\/\/beauty-glow.md\/wp-content\/uploads\/2024\/01\/Beauty-glow.md-Stapiz-Flow-3D-Serie--600x600.jpg 600w, https:\/\/beauty-glow.md\/wp-content\/uploads\/2024\/01\/Beauty-glow.md-Stapiz-Flow-3D-Serie--100x100.jpg 100w, https:\/\/beauty-glow.md\/wp-content\/uploads\/2024\/01\/Beauty-glow.md-Stapiz-Flow-3D-Serie-.jpg 624w\" sizes=\"(max-width: 400px) 100vw, 400px\" \/><\/p>\n<p><a href=\"https:\/\/beauty-glow.md\/tip-produs\/ceara-styling\/\">Cear\u0103<\/a> elastic\u0103, profesional\u0103, pentru coafarea tunsorilor scurte \u0219i a \u0219uvi\u021belor individuale de p\u0103r, care con\u021bine cheratina. Datorit\u0103 re\u021betei sale unice \u0219i consisten\u021bei elastice, cre\u0219te volumul p\u0103rului, adaug\u0103 str\u0103lucire \u0219i subliniaz\u0103 textura \u0219i forma.<\/p>\n<p><strong>Volum:<\/strong> 100 gr<\/p>\n<p><strong>Mod de utilizare:\u00a0<\/strong>Aplica\u021bi o anumit\u0103 afinitate pe sec\u021biunile de p\u0103r selectate. Coafeaz\u0103-\u021bi p\u0103rul p\u00e2n\u0103 c\u00e2nd ob\u021bii rezultatul dorit. \u00cendreapt\u0103 p\u0103rul rebel, adaug\u0103 volum \u0219i completeaz\u0103 coafura.<\/p>\n<p><span style=\"font-size: 100%;\"><strong>Aten\u021bie:<\/strong> numai pentru uz extern. \u00cen caz de contact cu ochii, cl\u0103ti\u021bi cu mult\u0103 ap\u0103. A nu se lasa la indemana copiilor.<\/span><\/p>","protected":false},"excerpt":{"rendered":"<p>Stapiz Flow 3D Keratin Flexible Hair Wax &#8211; cear\u0103 pentru modelarea tunsorilor scurte \u0219i a \u0219uvi\u021belor individuale de p\u0103r, con\u021bine keratina.<\/p>\n","protected":false},"featured_media":1880,"template":"","meta":[],"product_brand":[],"product_cat":[70,247,60,39],"product_tag":[],"class_list":{"0":"post-1879","1":"product","2":"type-product","3":"status-publish","4":"has-post-thumbnail","6":"product_cat-toate-tipurile","7":"product_cat-ceara-si-gel","8":"product_cat-keratina","9":"product_cat-styling","10":"pa_brand-stapiz","11":"pa_producator-polonia","12":"pa_serie-flow-3d","13":"pa_tip-produs-ceara-styling","14":"pa_volum-100-gr","16":"first","17":"instock","18":"shipping-taxable","19":"product-type-simple"},"_links":{"self":[{"href":"https:\/\/beauty-glow.md\/ro\/wp-json\/wp\/v2\/product\/1879","targetHints":{"allow":["GET"]}}],"collection":[{"href":"https:\/\/beauty-glow.md\/ro\/wp-json\/wp\/v2\/product"}],"about":[{"href":"https:\/\/beauty-glow.md\/ro\/wp-json\/wp\/v2\/types\/product"}],"wp:featuredmedia":[{"embeddable":true,"href":"https:\/\/beauty-glow.md\/ro\/wp-json\/wp\/v2\/media\/1880"}],"wp:attachment":[{"href":"https:\/\/beauty-glow.md\/ro\/wp-json\/wp\/v2\/media?parent=1879"}],"wp:term":[{"taxonomy":"product_brand","embeddable":true,"href":"https:\/\/beauty-glow.md\/ro\/wp-json\/wp\/v2\/product_brand?post=1879"},{"taxonomy":"product_cat","embeddable":true,"href":"https:\/\/beauty-glow.md\/ro\/wp-json\/wp\/v2\/product_cat?post=1879"},{"taxonomy":"product_tag","embeddable":true,"href":"https:\/\/beauty-glow.md\/ro\/wp-json\/wp\/v2\/product_tag?post=1879"}],"curies":[{"name":"wp","href":"https:\/\/api.w.org\/{rel}","templated":true}]}}