{"id":1883,"date":"2023-09-23T07:11:59","date_gmt":"2023-09-23T07:11:59","guid":{"rendered":"https:\/\/beauty-glow.md\/?post_type=product&#038;p=1883"},"modified":"2024-01-26T11:10:26","modified_gmt":"2024-01-26T11:10:26","slug":"stapiz-color-art-desiree-hair-color-cream","status":"publish","type":"product","link":"https:\/\/beauty-glow.md\/ro\/shop\/stapiz-color-art-desiree-hair-color-cream\/","title":{"rendered":"Vopsea de p\u0103r cu keratin\u0103 \u0219i ceramide Stapiz Color Art Desiree Hair Color Cream 100ml"},"content":{"rendered":"<h2 style=\"text-align: center;\">Vopsea de p\u0103r Stapiz Color Art Desiree Hair Color Cream<\/h2>\n<p>Linie profesional\u0103 de produse vopirea p\u0103rului. Combina\u021bia dintre dou\u0103 componente nutri\u021bionale cunoscute &#8211; cheratina \u0219i ceramidele, incluse \u00een baza inovatoare a produsului, garanteaz\u0103 durabilitatea \u0219i satura\u021bia culorii, oferind \u00een acela\u0219i timp protec\u021bie p\u0103rului \u00een timpul \u0219i dup\u0103 vopsire.<\/p>\n<p><img decoding=\"async\" class=\"alignleft wp-image-1884\" src=\"https:\/\/beauty-glow.md\/wp-content\/uploads\/2024\/01\/Beauty-glow.md-Stapiz-Color-Art--400x400.jpg\" alt=\"Stapiz Color Art Desiree Hair Color Cream\" width=\"350\" height=\"350\" title=\"\" srcset=\"https:\/\/beauty-glow.md\/wp-content\/uploads\/2024\/01\/Beauty-glow.md-Stapiz-Color-Art--400x400.jpg 400w, https:\/\/beauty-glow.md\/wp-content\/uploads\/2024\/01\/Beauty-glow.md-Stapiz-Color-Art--800x800.jpg 800w, https:\/\/beauty-glow.md\/wp-content\/uploads\/2024\/01\/Beauty-glow.md-Stapiz-Color-Art--280x280.jpg 280w, https:\/\/beauty-glow.md\/wp-content\/uploads\/2024\/01\/Beauty-glow.md-Stapiz-Color-Art--768x768.jpg 768w, https:\/\/beauty-glow.md\/wp-content\/uploads\/2024\/01\/Beauty-glow.md-Stapiz-Color-Art--300x300.jpg 300w, https:\/\/beauty-glow.md\/wp-content\/uploads\/2024\/01\/Beauty-glow.md-Stapiz-Color-Art--600x600.jpg 600w, https:\/\/beauty-glow.md\/wp-content\/uploads\/2024\/01\/Beauty-glow.md-Stapiz-Color-Art--100x100.jpg 100w, https:\/\/beauty-glow.md\/wp-content\/uploads\/2024\/01\/Beauty-glow.md-Stapiz-Color-Art-.jpg 1534w\" sizes=\"(max-width: 350px) 100vw, 350px\" \/><\/p>\n<p><a href=\"https:\/\/beauty-glow.md\/vopsire-si-styling\/vopsele\/\">Vopsea de p\u0103r<\/a> <a href=\"https:\/\/stapiz.pl\/\" target=\"_blank\" rel=\"noopener\">Stapiz<\/a> cu keratina si ceramide. Ofer\u0103 o protec\u021bie eficient\u0103 a fibrelor de p\u0103r, favorizeaz\u0103 p\u0103trunderea pigmentului \u00een profunzimea p\u0103rului \u0219i garanteaz\u0103 o mai mare durabilitate a culorii. Raport de amestec 1:2.<\/p>\n<p><strong>Volum:<\/strong> 100 ml<\/p>\n<p><span style=\"font-size: 100%;\"><strong>Aten\u021bie:<\/strong> numai pentru uz extern. \u00cen caz de contact cu ochii, cl\u0103ti\u021bi cu mult\u0103 ap\u0103. A nu se lasa la indemana copiilor.<\/span><\/p>","protected":false},"excerpt":{"rendered":"<p>Stapiz Color Art Desiree Hair Color Cream &#8211; vopsire cu amoniac sc\u0103zut. Gam\u0103 larg\u0103 de nuan\u021be pentru rezultate impecabile.<\/p>\n","protected":false},"featured_media":1885,"template":"","meta":[],"product_brand":[],"product_cat":[40,60],"product_tag":[],"class_list":{"0":"post-1883","1":"product","2":"type-product","3":"status-publish","4":"has-post-thumbnail","6":"product_cat-vopsele","7":"product_cat-keratina","8":"pa_brand-stapiz","9":"pa_producator-polonia","10":"pa_serie-color-art-desiree","11":"pa_tip-produs-vopsea-par","12":"pa_volum-100-ml","14":"first","15":"instock","16":"shipping-taxable","17":"product-type-simple"},"_links":{"self":[{"href":"https:\/\/beauty-glow.md\/ro\/wp-json\/wp\/v2\/product\/1883","targetHints":{"allow":["GET"]}}],"collection":[{"href":"https:\/\/beauty-glow.md\/ro\/wp-json\/wp\/v2\/product"}],"about":[{"href":"https:\/\/beauty-glow.md\/ro\/wp-json\/wp\/v2\/types\/product"}],"wp:featuredmedia":[{"embeddable":true,"href":"https:\/\/beauty-glow.md\/ro\/wp-json\/wp\/v2\/media\/1885"}],"wp:attachment":[{"href":"https:\/\/beauty-glow.md\/ro\/wp-json\/wp\/v2\/media?parent=1883"}],"wp:term":[{"taxonomy":"product_brand","embeddable":true,"href":"https:\/\/beauty-glow.md\/ro\/wp-json\/wp\/v2\/product_brand?post=1883"},{"taxonomy":"product_cat","embeddable":true,"href":"https:\/\/beauty-glow.md\/ro\/wp-json\/wp\/v2\/product_cat?post=1883"},{"taxonomy":"product_tag","embeddable":true,"href":"https:\/\/beauty-glow.md\/ro\/wp-json\/wp\/v2\/product_tag?post=1883"}],"curies":[{"name":"wp","href":"https:\/\/api.w.org\/{rel}","templated":true}]}}