{"id":1928,"date":"2023-07-18T11:06:52","date_gmt":"2023-07-18T11:06:52","guid":{"rendered":"https:\/\/beauty-glow.md\/?post_type=product&#038;p=1928"},"modified":"2024-01-26T11:11:38","modified_gmt":"2024-01-26T11:11:38","slug":"stapiz-sleek-line-bleaching-powder","status":"publish","type":"product","link":"https:\/\/beauty-glow.md\/ro\/shop\/stapiz-sleek-line-bleaching-powder\/","title":{"rendered":"Pudr\u0103 pentru iluminarea p\u0103rului Stapiz Sleek Line Bleaching Powder Grey 500gr"},"content":{"rendered":"<h2 style=\"text-align: center;\">Pudr\u0103 pentru iluminarea p\u0103rului Stapiz Sleek Line Bleaching Powder<\/h2>\n<p>O linie care con\u021bine proteine de m\u0103tase cu propriet\u0103\u021bi de netezire \u0219i regenerare. Cosmeticele profesionale din seria SLEEK LINE ofer\u0103 p\u0103rului elasticitate \u0219i str\u0103lucire natural\u0103. Utilizarea regulat\u0103 \u00eengroa\u0219\u0103 fibra capilar\u0103 \u0219i, de asemenea, protejeaz\u0103 p\u0103rul de factorii externi.<\/p>\n<p><img decoding=\"async\" class=\"wp-image-672  alignleft\" src=\"https:\/\/beauty-glow.md\/wp-content\/uploads\/2023\/11\/Beauty-glow.md-Stapiz-Sleek-Line-BLOND-Serie-e1700306598473.jpg\" alt=\"Stapiz Sleek Line BLOND Serie\" width=\"388\" height=\"321\" title=\"\" srcset=\"https:\/\/beauty-glow.md\/wp-content\/uploads\/2023\/11\/Beauty-glow.md-Stapiz-Sleek-Line-BLOND-Serie-e1700306598473.jpg 1548w, https:\/\/beauty-glow.md\/wp-content\/uploads\/2023\/11\/Beauty-glow.md-Stapiz-Sleek-Line-BLOND-Serie-e1700306598473-484x400.jpg 484w, https:\/\/beauty-glow.md\/wp-content\/uploads\/2023\/11\/Beauty-glow.md-Stapiz-Sleek-Line-BLOND-Serie-e1700306598473-968x800.jpg 968w, https:\/\/beauty-glow.md\/wp-content\/uploads\/2023\/11\/Beauty-glow.md-Stapiz-Sleek-Line-BLOND-Serie-e1700306598473-768x635.jpg 768w, https:\/\/beauty-glow.md\/wp-content\/uploads\/2023\/11\/Beauty-glow.md-Stapiz-Sleek-Line-BLOND-Serie-e1700306598473-1536x1270.jpg 1536w, https:\/\/beauty-glow.md\/wp-content\/uploads\/2023\/11\/Beauty-glow.md-Stapiz-Sleek-Line-BLOND-Serie-e1700306598473-300x248.jpg 300w, https:\/\/beauty-glow.md\/wp-content\/uploads\/2023\/11\/Beauty-glow.md-Stapiz-Sleek-Line-BLOND-Serie-e1700306598473-600x496.jpg 600w\" sizes=\"(max-width: 388px) 100vw, 388px\" \/><\/p>\n<p><a href=\"https:\/\/beauty-glow.md\/tip-produs\/pudra-de-decolorare\/\">Decolorant de p\u0103r<\/a> microgranular f\u0103r\u0103 praf <a href=\"https:\/\/stapiz.pl\/\" target=\"_blank\" rel=\"noopener\">Stapiz<\/a>. Ofer\u0103 p\u0103rului t\u0103u o nuan\u021b\u0103 blond\u0103 frumoas\u0103, ad\u0103ug\u00e2nd str\u0103lucire \u0219i catifelare. Are o arom\u0103 subtil\u0103, ceea ce \u00eel face pl\u0103cut la utilizare. Consisten\u021ba microgranular\u0103 a produsului cosmetic faciliteaz\u0103 prepararea unei substan\u021be omogene. Decoloreaz\u0103 p\u0103rul de la 3 la 7 niveluri.<\/p>\n<p><strong>Volum:<\/strong> 500 gr<\/p>\n<p><strong>Mod de utilizare:<\/strong> Amesteca\u021bi 1 parte pudr\u0103 de iluminat \u0219i 2 p\u0103r\u021bi dezvoltator. C\u00e2nd se folose\u0219te un agent oxidant 6% &#8211; p\u0103rul se lumineaz\u0103 cu 2-3 tonuri, 9% \u2013 4-6 tonuri, 12% \u2013 p\u00e2n\u0103 la 7 tonuri. Durata de ac\u021biune este de 25-35 de minute, \u00een func\u021bie de nuan\u021ba dorit\u0103.<\/p>\n<p><span style=\"font-size: 100%;\"><strong>Aten\u021bie:<\/strong> numai pentru uz extern. \u00cen caz de contact cu ochii, cl\u0103ti\u021bi cu mult\u0103 ap\u0103. A nu se lasa la indemana copiilor.<\/span><\/p>","protected":false},"excerpt":{"rendered":"<p>Stapiz Sleek Line Bleaching Powder &#8211; pudr\u0103 profesional\u0103 f\u0103r\u0103 praf pentru albirea p\u0103rului.<\/p>\n","protected":false},"featured_media":1929,"template":"","meta":[],"product_brand":[],"product_cat":[124,175],"product_tag":[],"class_list":{"0":"post-1928","1":"product","2":"type-product","3":"status-publish","4":"has-post-thumbnail","6":"product_cat-decolorarea-parului","7":"product_cat-produse-pentru-saloane","8":"pa_brand-stapiz","9":"pa_producator-polonia","10":"pa_serie-sleek-line","11":"pa_tip-produs-pudra-de-decolorare","12":"pa_volum-500-gr","14":"first","15":"instock","16":"shipping-taxable","17":"product-type-simple"},"_links":{"self":[{"href":"https:\/\/beauty-glow.md\/ro\/wp-json\/wp\/v2\/product\/1928","targetHints":{"allow":["GET"]}}],"collection":[{"href":"https:\/\/beauty-glow.md\/ro\/wp-json\/wp\/v2\/product"}],"about":[{"href":"https:\/\/beauty-glow.md\/ro\/wp-json\/wp\/v2\/types\/product"}],"wp:featuredmedia":[{"embeddable":true,"href":"https:\/\/beauty-glow.md\/ro\/wp-json\/wp\/v2\/media\/1929"}],"wp:attachment":[{"href":"https:\/\/beauty-glow.md\/ro\/wp-json\/wp\/v2\/media?parent=1928"}],"wp:term":[{"taxonomy":"product_brand","embeddable":true,"href":"https:\/\/beauty-glow.md\/ro\/wp-json\/wp\/v2\/product_brand?post=1928"},{"taxonomy":"product_cat","embeddable":true,"href":"https:\/\/beauty-glow.md\/ro\/wp-json\/wp\/v2\/product_cat?post=1928"},{"taxonomy":"product_tag","embeddable":true,"href":"https:\/\/beauty-glow.md\/ro\/wp-json\/wp\/v2\/product_tag?post=1928"}],"curies":[{"name":"wp","href":"https:\/\/api.w.org\/{rel}","templated":true}]}}