{"id":2103,"date":"2024-07-29T08:56:52","date_gmt":"2024-07-29T08:56:52","guid":{"rendered":"https:\/\/beauty-glow.md\/?post_type=product&#038;p=2103"},"modified":"2025-10-30T11:58:58","modified_gmt":"2025-10-30T11:58:58","slug":"shot-tricoilogy-summer-line-sun-remedy","status":"publish","type":"product","link":"https:\/\/beauty-glow.md\/ro\/shop\/shot-tricoilogy-summer-line-sun-remedy\/","title":{"rendered":"Spray de protec\u021bie a p\u0103rului Shot Tricoilogy Summer Line Sun Remedy 200ml"},"content":{"rendered":"<h2 style=\"text-align: center;\">Spray de protec\u021bie a p\u0103rului Shot Tricoilogy Summer Line Sun Remedy<\/h2>\n<p>Seria Tricoilogy Summer Line este un sistem cuprinz\u0103tor de tratament \u0219i prevenire, protec\u021bie \u0219i regenerare a p\u0103rului. Produse multifunc\u021bionale \u0219i eficiente bazate pe ingrediente ecologice.<\/p>\n<p><img decoding=\"async\" class=\"size-medium wp-image-2098 aligncenter\" src=\"https:\/\/beauty-glow.md\/wp-content\/uploads\/2024\/07\/Tricoilogy-summer-Depliant.pdf-image-000-800x177.jpg\" alt=\"Tricoilogy Summer Line\" width=\"800\" height=\"177\" title=\"\" srcset=\"https:\/\/beauty-glow.md\/wp-content\/uploads\/2024\/07\/Tricoilogy-summer-Depliant.pdf-image-000-800x177.jpg 800w, https:\/\/beauty-glow.md\/wp-content\/uploads\/2024\/07\/Tricoilogy-summer-Depliant.pdf-image-000-768x170.jpg 768w, https:\/\/beauty-glow.md\/wp-content\/uploads\/2024\/07\/Tricoilogy-summer-Depliant.pdf-image-000-300x67.jpg 300w, https:\/\/beauty-glow.md\/wp-content\/uploads\/2024\/07\/Tricoilogy-summer-Depliant.pdf-image-000-600x133.jpg 600w, https:\/\/beauty-glow.md\/wp-content\/uploads\/2024\/07\/Tricoilogy-summer-Depliant.pdf-image-000.jpg 983w\" sizes=\"(max-width: 800px) 100vw, 800px\" \/><\/p>\n<p><a href=\"https:\/\/beauty-glow.md\/tip-produs\/balsam-pentru-par\/\">Spray<\/a> <a href=\"https:\/\/www.cosmeticcenter.it\/\" target=\"_blank\" rel=\"noopener\">Shot<\/a> Tricoilogy Summer Line &#8211; un spray protector, hr\u0103nitor, hidratant \u0219i catifelant pentru p\u0103rul stresat de deshidratare, soare, v\u00e2nt, sare \u0219i clor, datorit\u0103 ingredientelor active naturale de bambus, aloe \u0219i nuc\u0103 de cocos.<\/p>\n<ul>\n<li><strong>Aloe vera<\/strong> calmeaz\u0103 pielea \u0219i \u00eenchide rapid porii dila\u021bi. Foarte util de utilizat pe pielea \u00eenro\u0219it\u0103 \u0219i dup\u0103 expunerea la soare.<\/li>\n<li><strong>Uleiul de cocos<\/strong> con\u021bine mult acid lauric, un agent antiseptic \u0219i antimicrobian natural. Hr\u0103ne\u0219te pielea \u00een profunzime, previne deshidratarea, calmeaz\u0103 cr\u0103p\u0103turile, inflama\u021biile, arsurile solare \u0219i disconfortul.<\/li>\n<li><strong>Bambusul<\/strong> con\u021bine o surs\u0103 complex\u0103 de aminoacizi, vitamine \u0219i minerale, are propriet\u0103\u021bi regenerante \u0219i tonice \u0219i este indicat \u00een special pentru pielea uscat\u0103, sensibil\u0103, precum \u0219i pentru p\u0103rul sub\u021bire, casant sau uscat.<\/li>\n<\/ul>\n<p><strong>Volum:<\/strong> 200 ml<\/p>\n<p><strong>Mod de utilizare:<\/strong> Pulveriza\u021bi pe p\u0103rul uscat \u00eenainte \u0219i dup\u0103 expunerea la soare, \u00eenot \u0219i bronzare.<\/p>\n<p><span style=\"font-size: 100%;\"><strong>Aten\u021bie:<\/strong> numai pentru uz extern. \u00cen caz de contact cu ochii, cl\u0103ti\u021bi cu mult\u0103 ap\u0103. A nu se lasa la indemana copiilor.<\/span><\/p>","protected":false},"excerpt":{"rendered":"<p>Shot Tricoilogy Summer Line Sun Remedy &#8211; pentru o protec\u021bie maxim\u0103 a p\u0103rului t\u0103u.<\/p>\n","protected":false},"featured_media":2104,"template":"","meta":[],"product_brand":[296],"product_cat":[31,54,70,69,55,228],"product_tag":[],"class_list":{"0":"post-2103","1":"product","2":"type-product","3":"status-publish","4":"has-post-thumbnail","6":"product_brand-shot","7":"product_cat-ingrijirea","8":"product_cat-restaurarea","9":"product_cat-toate-tipurile","10":"product_cat-par-uscat-si-deteriorat","11":"product_cat-protectia","12":"product_cat-balsam","13":"pa_brand-shot","14":"pa_producator-italia","15":"pa_serie-tricoilogy-summer-line","16":"pa_tip-produs-balsam-pentru-par","17":"pa_tip-produs-spray","18":"pa_volum-200-ml","20":"first","21":"instock","22":"shipping-taxable","23":"product-type-simple"},"_links":{"self":[{"href":"https:\/\/beauty-glow.md\/ro\/wp-json\/wp\/v2\/product\/2103","targetHints":{"allow":["GET"]}}],"collection":[{"href":"https:\/\/beauty-glow.md\/ro\/wp-json\/wp\/v2\/product"}],"about":[{"href":"https:\/\/beauty-glow.md\/ro\/wp-json\/wp\/v2\/types\/product"}],"wp:featuredmedia":[{"embeddable":true,"href":"https:\/\/beauty-glow.md\/ro\/wp-json\/wp\/v2\/media\/2104"}],"wp:attachment":[{"href":"https:\/\/beauty-glow.md\/ro\/wp-json\/wp\/v2\/media?parent=2103"}],"wp:term":[{"taxonomy":"product_brand","embeddable":true,"href":"https:\/\/beauty-glow.md\/ro\/wp-json\/wp\/v2\/product_brand?post=2103"},{"taxonomy":"product_cat","embeddable":true,"href":"https:\/\/beauty-glow.md\/ro\/wp-json\/wp\/v2\/product_cat?post=2103"},{"taxonomy":"product_tag","embeddable":true,"href":"https:\/\/beauty-glow.md\/ro\/wp-json\/wp\/v2\/product_tag?post=2103"}],"curies":[{"name":"wp","href":"https:\/\/api.w.org\/{rel}","templated":true}]}}