{"id":2158,"date":"2025-05-02T17:20:19","date_gmt":"2025-05-02T17:20:19","guid":{"rendered":"https:\/\/beauty-glow.md\/?post_type=product&#038;p=2158"},"modified":"2025-10-27T15:38:17","modified_gmt":"2025-10-27T15:38:17","slug":"kezy-coconut-shampoo-1000ml","status":"publish","type":"product","link":"https:\/\/beauty-glow.md\/ro\/shop\/kezy-coconut-shampoo-1000ml\/","title":{"rendered":"\u0218ampon pentru p\u0103r vopsit Kezy Coconut Shampoo 1000ml"},"content":{"rendered":"<h2 style=\"text-align: center;\">\u0218ampon pentru p\u0103r vopsit <a href=\"https:\/\/www.kezy.it\/\" target=\"_blank\" rel=\"noopener\">Kezy<\/a> Coconut Shampoo 1000ml<\/h2>\n<p>Linia de produse cosmetice profesionale pe baz\u0103 de ap\u0103 de cocos, conceput\u0103 pentru p\u0103rul vopsit. Ajut\u0103 la reducerea decolor\u0103rii pentru un rezultat cosmetic de lung\u0103 durat\u0103, radiant \u0219i intens.<\/p>\n<ul>\n<li>PH~4,5 &#8211; 5,5;<\/li>\n<li>Vegan: f\u0103r\u0103 ingrediente de origine animal\u0103;<\/li>\n<li>Sticl\u0103: 100% PET reciclat.<\/li>\n<\/ul>\n<p><img decoding=\"async\" class=\"aligncenter wp-image-670 \" src=\"https:\/\/beauty-glow.md\/wp-content\/uploads\/2025\/04\/Beauty-glow.md-Kezy-Coconut-Serie.webp\" alt=\"Kezy-Coconut-Serie\" width=\"332\" height=\"319\" title=\"\"><\/p>\n<p><a href=\"https:\/\/beauty-glow.md\/tip-produs\/sampon\/\">\u0218ampon<\/a>\u00a0moale, protector \u0219i hidratant pentru p\u0103r vopsit \u0219i sensibil, potrivit pentru utilizare zilnic\u0103. \u00cengrije\u0219te p\u0103rul, p\u0103str\u00e2ndu-i culoarea \u0219i prevenind decolorarea acestuia. Men\u021bine intensitatea culorii, ad\u0103ug\u00e2nd \u00een acela\u0219i timp str\u0103lucire.<\/p>\n<p>Apa de cocos ofer\u0103 o hidratare intens\u0103 \u0219i \u00eembog\u0103\u021be\u0219te p\u0103rul cu nutrien\u021bi. Extractul glicolic concentrat din semin\u021be de floarea-soarelui ajut\u0103 la protejarea p\u0103rului de deteriorare \u0219i la men\u021binerea culorii vibrante.<\/p>\n<p><strong>Volum:<\/strong> 1000 ml<\/p>\n<p><strong>Mod de utilizare:<\/strong> Aplica\u021bi pe scalpul umed. Masa\u021bi u\u0219or, apoi cl\u0103ti\u021bi bine. Reaplica\u021bi dac\u0103 este necesar.<\/p>\n<p><span style=\"font-size: 100%;\"><strong>Aten\u021bie:<\/strong> numai pentru uz extern. \u00cen caz de contact cu ochii, cl\u0103ti\u021bi cu mult\u0103 ap\u0103. A nu se lasa la indemana copiilor.<\/span><\/p>","protected":false},"excerpt":{"rendered":"<p>Kezy Coconut Shampoo &#8211; \u00eengrije\u0219te p\u0103rul, p\u0103str\u00e2ndu-i culoarea \u0219i prevenind decolorarea.<\/p>\n","protected":false},"featured_media":2132,"template":"","meta":[],"product_brand":[288],"product_cat":[70,86,55,66,31,35],"product_tag":[],"class_list":{"0":"post-2158","1":"product","2":"type-product","3":"status-publish","4":"has-post-thumbnail","6":"product_brand-kezy","7":"product_cat-toate-tipurile","8":"product_cat-parul-vopsit","9":"product_cat-protectia","10":"product_cat-protectia-culorii","11":"product_cat-ingrijirea","12":"product_cat-sampon","13":"pa_brand-kezy","14":"pa_producator-italia","15":"pa_serie-kezy-coconut","16":"pa_tip-produs-sampon","17":"pa_volum-1000-ml","19":"first","20":"instock","21":"shipping-taxable","22":"product-type-simple"},"_links":{"self":[{"href":"https:\/\/beauty-glow.md\/ro\/wp-json\/wp\/v2\/product\/2158","targetHints":{"allow":["GET"]}}],"collection":[{"href":"https:\/\/beauty-glow.md\/ro\/wp-json\/wp\/v2\/product"}],"about":[{"href":"https:\/\/beauty-glow.md\/ro\/wp-json\/wp\/v2\/types\/product"}],"wp:featuredmedia":[{"embeddable":true,"href":"https:\/\/beauty-glow.md\/ro\/wp-json\/wp\/v2\/media\/2132"}],"wp:attachment":[{"href":"https:\/\/beauty-glow.md\/ro\/wp-json\/wp\/v2\/media?parent=2158"}],"wp:term":[{"taxonomy":"product_brand","embeddable":true,"href":"https:\/\/beauty-glow.md\/ro\/wp-json\/wp\/v2\/product_brand?post=2158"},{"taxonomy":"product_cat","embeddable":true,"href":"https:\/\/beauty-glow.md\/ro\/wp-json\/wp\/v2\/product_cat?post=2158"},{"taxonomy":"product_tag","embeddable":true,"href":"https:\/\/beauty-glow.md\/ro\/wp-json\/wp\/v2\/product_tag?post=2158"}],"curies":[{"name":"wp","href":"https:\/\/api.w.org\/{rel}","templated":true}]}}