{"id":2166,"date":"2025-05-02T17:20:23","date_gmt":"2025-05-02T17:20:23","guid":{"rendered":"https:\/\/beauty-glow.md\/?post_type=product&#038;p=2166"},"modified":"2025-10-27T15:41:10","modified_gmt":"2025-10-27T15:41:10","slug":"kezy-macadamia-anti-yellow-shampoo-1000ml","status":"publish","type":"product","link":"https:\/\/beauty-glow.md\/ro\/shop\/kezy-macadamia-anti-yellow-shampoo-1000ml\/","title":{"rendered":"\u0218ampon \u00eempotriva pigmentului galben Kezy Macadamia Anti-Yellow Shampoo 1000ml"},"content":{"rendered":"<h2 style=\"text-align: center;\">\u0218ampon \u00eempotriva pigmentului galben <a href=\"https:\/\/www.kezy.it\/\" target=\"_blank\" rel=\"noopener\">Kezy<\/a> Macadamia Anti-Yellow Shampoo 1000ml<\/h2>\n<p>Linia de produse cosmetice profesionale pe baz\u0103 de ulei de macadamia, conceput\u0103 pentru p\u0103rul u\u0219or \u0219i deteriorat. Ajut\u0103 la refacerea p\u0103rului deteriorat \u0219i tern, f\u0103c\u00e2ndu-l str\u0103lucitor \u0219i restaurat.<\/p>\n<ul>\n<li>PH~5,0 &#8211; 6,0;<\/li>\n<li>Vegan: f\u0103r\u0103 ingrediente de origine animal\u0103;<\/li>\n<li>Sticl\u0103: 100% PET reciclat.<\/li>\n<\/ul>\n<p><img decoding=\"async\" class=\"aligncenter wp-image-670 \" src=\"https:\/\/beauty-glow.md\/wp-content\/uploads\/2025\/04\/Beauty-glow.md-Kezy-Macadamia-Serie.webp\" alt=\"Kezy-Macadamia-Serie\" width=\"332\" height=\"319\" title=\"\"><\/p>\n<p><a href=\"https:\/\/beauty-glow.md\/tip-produs\/sampon\/\">\u0218ampon<\/a>\u00a0anti-g\u0103lbui pentru p\u0103r deschis la culoare. Formula sa con\u021bine pigmen\u021bi violet care neutralizeaz\u0103 nuan\u021bele nedorite de galben \u0219i portocaliu. Cu utilizare regulat\u0103, ofer\u0103 protec\u021bie de lung\u0103 durat\u0103 \u00eempotriva \u00eeng\u0103lbenirii, p\u0103str\u00e2nd nuan\u021bele de blond rece mai mult timp \u0219i red\u00e2nd str\u0103lucirea \u0219i moliciunea p\u0103rului deschis la culoare.<\/p>\n<p>Uleiul de macadamia previne oxidarea celular\u0103. Ac\u021biunea sa anti-\u00eemb\u0103tr\u00e2nire este una dintre principalele sale utiliz\u0103ri. Complexul hidratant ajut\u0103 la prevenirea deterior\u0103rii \u0219i la refacerea p\u0103rului deja deteriorat. Complexul extrem de puternic de \u00eent\u0103rire a celulelor bioproteice are o ac\u021biune dubl\u0103: p\u0103trunde \u00een firul de p\u0103r, cresc\u00e2nd con\u021binutul de umiditate \u0219i plasticitatea acestuia; \u00eenvele\u0219te p\u0103rul \u0219i \u00eent\u0103re\u0219te cuticula.<\/p>\n<p><strong>Volum:<\/strong> 1000 ml<\/p>\n<p><strong>Mod de utilizare:<\/strong> Aplica\u021bi pe scalpul umed. Masa\u021bi u\u0219or, apoi cl\u0103ti\u021bi bine. Reaplica\u021bi dac\u0103 este necesar.<\/p>\n<p><span style=\"font-size: 100%;\"><strong>Aten\u021bie:<\/strong> numai pentru uz extern. \u00cen caz de contact cu ochii, cl\u0103ti\u021bi cu mult\u0103 ap\u0103. A nu se lasa la indemana copiilor.<\/span><\/p>","protected":false},"excerpt":{"rendered":"<p>Kezy Macadamia Anti-Yellow Shampoo &#8211; con\u021bine pigment violet care neutralizeaz\u0103 nuan\u021bele nedorite de galben \u0219i portocaliu.<\/p>\n","protected":false},"featured_media":2142,"template":"","meta":[],"product_brand":[288],"product_cat":[70,86,69,66,31,35],"product_tag":[],"class_list":{"0":"post-2166","1":"product","2":"type-product","3":"status-publish","4":"has-post-thumbnail","6":"product_brand-kezy","7":"product_cat-toate-tipurile","8":"product_cat-parul-vopsit","9":"product_cat-par-uscat-si-deteriorat","10":"product_cat-protectia-culorii","11":"product_cat-ingrijirea","12":"product_cat-sampon","13":"pa_brand-kezy","14":"pa_producator-italia","15":"pa_serie-kezy-macadamia","16":"pa_tip-produs-sampon","17":"pa_volum-1000-ml","19":"first","20":"instock","21":"shipping-taxable","22":"product-type-simple"},"_links":{"self":[{"href":"https:\/\/beauty-glow.md\/ro\/wp-json\/wp\/v2\/product\/2166","targetHints":{"allow":["GET"]}}],"collection":[{"href":"https:\/\/beauty-glow.md\/ro\/wp-json\/wp\/v2\/product"}],"about":[{"href":"https:\/\/beauty-glow.md\/ro\/wp-json\/wp\/v2\/types\/product"}],"wp:featuredmedia":[{"embeddable":true,"href":"https:\/\/beauty-glow.md\/ro\/wp-json\/wp\/v2\/media\/2142"}],"wp:attachment":[{"href":"https:\/\/beauty-glow.md\/ro\/wp-json\/wp\/v2\/media?parent=2166"}],"wp:term":[{"taxonomy":"product_brand","embeddable":true,"href":"https:\/\/beauty-glow.md\/ro\/wp-json\/wp\/v2\/product_brand?post=2166"},{"taxonomy":"product_cat","embeddable":true,"href":"https:\/\/beauty-glow.md\/ro\/wp-json\/wp\/v2\/product_cat?post=2166"},{"taxonomy":"product_tag","embeddable":true,"href":"https:\/\/beauty-glow.md\/ro\/wp-json\/wp\/v2\/product_tag?post=2166"}],"curies":[{"name":"wp","href":"https:\/\/api.w.org\/{rel}","templated":true}]}}