{"id":2167,"date":"2025-05-02T17:20:24","date_gmt":"2025-05-02T17:20:24","guid":{"rendered":"https:\/\/beauty-glow.md\/shop\/%d0%bc%d0%b0%d1%81%d0%bb%d0%be-%d0%bc%d0%b0%d0%ba%d0%b0%d0%b4%d0%b0%d0%bc%d0%b8%d0%b8-%d0%b4%d0%bb%d1%8f-%d0%b2%d0%be%d0%bb%d0%be%d1%81-kezy-macadamia-oil-100ml\/"},"modified":"2025-05-02T17:25:23","modified_gmt":"2025-05-02T17:25:23","slug":"kezy-macadamia-oil-100ml","status":"publish","type":"product","link":"https:\/\/beauty-glow.md\/ro\/shop\/kezy-macadamia-oil-100ml\/","title":{"rendered":"Ulei de macadamia pentru p\u0103r Kezy Macadamia Oil 100ml"},"content":{"rendered":"<h2 style=\"text-align: center;\">Ulei de macadamia pentru p\u0103r <a href=\"https:\/\/www.kezy.it\/\" target=\"_blank\" rel=\"noopener\">Kezy<\/a> Macadamia Oil 100ml<\/h2>\n<p>Linia de produse cosmetice profesionale pe baz\u0103 de ulei de macadamia, conceput\u0103 pentru p\u0103rul u\u0219or \u0219i deteriorat. Ajut\u0103 la refacerea p\u0103rului deteriorat \u0219i tern, f\u0103c\u00e2ndu-l str\u0103lucitor \u0219i restaurat.<\/p>\n<ul>\n<li>PH~5,0 &#8211; 6,0;<\/li>\n<li>Vegan: f\u0103r\u0103 ingrediente de origine animal\u0103;<\/li>\n<li>Ambalaj: sticl\u0103, carton.<\/li>\n<\/ul>\n<p><img decoding=\"async\" class=\"aligncenter wp-image-670 \" src=\"https:\/\/beauty-glow.md\/wp-content\/uploads\/2025\/04\/Beauty-glow.md-Kezy-Macadamia-Serie.webp\" alt=\"Kezy-Macadamia-Serie\" width=\"332\" height=\"319\" title=\"\"><\/p>\n<p><a href=\"https:\/\/beauty-glow.md\/tip-produs\/ulei-de-par\/\">Ulei<\/a>\u00a0pentru tratarea p\u0103rului tern \u0219i fragil. Ulei hr\u0103nitor cu extract de ulei de macadamia: restaureaz\u0103 \u0219i hr\u0103ne\u0219te p\u0103rul, sigileaz\u0103 cuticulele \u0219i ofer\u0103 str\u0103lucire extrem\u0103. Textur\u0103 u\u0219oar\u0103 care face p\u0103rul u\u0219or \u0219i elastic.<\/p>\n<p>Apa de cocos hidrateaz\u0103 \u00een profunzime \u0219i o \u00eembog\u0103\u021be\u0219te cu nutrien\u021bi. Uleiul de macadamia previne oxidarea celular\u0103. Ac\u021biunea sa anti-\u00eemb\u0103tr\u00e2nire este una dintre principalele sale utiliz\u0103ri. Uleiul de jojoba este un excelent agent calmant \u0219i antiinflamator, oferind p\u0103rului str\u0103lucire \u0219i elasticitate.<\/p>\n<p><strong>Volum:<\/strong> 100 ml<\/p>\n<p><strong>Mod de utilizare:<\/strong> Aplica\u021bi o cantitate mic\u0103 pe p\u0103rul curat, \u0219terg\u00e2ndu-l cu prosopul. Nu cl\u0103ti\u021bi \u0219i continua\u021bi coafarea.<\/p>\n<p><span style=\"font-size: 100%;\"><strong>Aten\u021bie:<\/strong> numai pentru uz extern. \u00cen caz de contact cu ochii, cl\u0103ti\u021bi cu mult\u0103 ap\u0103. A nu se lasa la indemana copiilor.<\/span><\/p>","protected":false},"excerpt":{"rendered":"<p>Kezy Macadamia Oil &#8211; tratamentul p\u0103rului tern \u0219i fragil.<\/p>\n","protected":false},"featured_media":2140,"template":"","meta":[],"product_brand":[288],"product_cat":[54,69,37,31],"product_tag":[],"class_list":{"0":"post-2167","1":"product","2":"type-product","3":"status-publish","4":"has-post-thumbnail","6":"product_brand-kezy","7":"product_cat-restaurarea","8":"product_cat-par-uscat-si-deteriorat","9":"product_cat-ulei","10":"product_cat-ingrijirea","11":"pa_brand-kezy","12":"pa_producator-italia","13":"pa_serie-kezy-macadamia","14":"pa_tip-produs-ulei-de-par","15":"pa_volum-100-ml","17":"first","18":"instock","19":"shipping-taxable","20":"product-type-simple"},"_links":{"self":[{"href":"https:\/\/beauty-glow.md\/ro\/wp-json\/wp\/v2\/product\/2167","targetHints":{"allow":["GET"]}}],"collection":[{"href":"https:\/\/beauty-glow.md\/ro\/wp-json\/wp\/v2\/product"}],"about":[{"href":"https:\/\/beauty-glow.md\/ro\/wp-json\/wp\/v2\/types\/product"}],"wp:featuredmedia":[{"embeddable":true,"href":"https:\/\/beauty-glow.md\/ro\/wp-json\/wp\/v2\/media\/2140"}],"wp:attachment":[{"href":"https:\/\/beauty-glow.md\/ro\/wp-json\/wp\/v2\/media?parent=2167"}],"wp:term":[{"taxonomy":"product_brand","embeddable":true,"href":"https:\/\/beauty-glow.md\/ro\/wp-json\/wp\/v2\/product_brand?post=2167"},{"taxonomy":"product_cat","embeddable":true,"href":"https:\/\/beauty-glow.md\/ro\/wp-json\/wp\/v2\/product_cat?post=2167"},{"taxonomy":"product_tag","embeddable":true,"href":"https:\/\/beauty-glow.md\/ro\/wp-json\/wp\/v2\/product_tag?post=2167"}],"curies":[{"name":"wp","href":"https:\/\/api.w.org\/{rel}","templated":true}]}}