{"id":2169,"date":"2025-05-02T17:20:27","date_gmt":"2025-05-02T17:20:27","guid":{"rendered":"https:\/\/beauty-glow.md\/?post_type=product&#038;p=2169"},"modified":"2025-10-27T15:43:53","modified_gmt":"2025-10-27T15:43:53","slug":"kezy-avocado-shampoo-1000ml","status":"publish","type":"product","link":"https:\/\/beauty-glow.md\/ro\/shop\/kezy-avocado-shampoo-1000ml\/","title":{"rendered":"\u0218ampon pentru p\u0103r uscat Kezy Avocado Shampoo 1000ml"},"content":{"rendered":"<h2 style=\"text-align: center;\">\u0218ampon pentru p\u0103r uscat <a href=\"https:\/\/www.kezy.it\/\" target=\"_blank\" rel=\"noopener\">Kezy<\/a> Avocado Shampoo 1000ml<\/h2>\n<p>Linia de produse cosmetice profesionale pe baz\u0103 de ulei de avocado, conceput\u0103 pentru p\u0103rul uscat \u0219i deshidratat. Ajut\u0103 la hidratarea \u0219i la restabilirea st\u0103rii optime a fibrei capilare, l\u0103s\u00e2nd p\u0103rul hr\u0103nit, moale \u0219i m\u0103t\u0103sos.<\/p>\n<ul>\n<li>PH~5,0 &#8211; 6,0;<\/li>\n<li>Vegan: f\u0103r\u0103 ingrediente de origine animal\u0103;<\/li>\n<li>Sticl\u0103: 100% PET reciclat.<\/li>\n<\/ul>\n<p><img decoding=\"async\" class=\"wp-image-2238 aligncenter\" src=\"https:\/\/beauty-glow.md\/wp-content\/uploads\/2025\/05\/Beauty-glow.md-Kezy-Avocado-Serie.webp\" alt=\"Kezy Avocado Serie\" width=\"319\" height=\"319\" title=\"\" srcset=\"https:\/\/beauty-glow.md\/wp-content\/uploads\/2025\/05\/Beauty-glow.md-Kezy-Avocado-Serie.webp 800w, https:\/\/beauty-glow.md\/wp-content\/uploads\/2025\/05\/Beauty-glow.md-Kezy-Avocado-Serie-400x400.webp 400w, https:\/\/beauty-glow.md\/wp-content\/uploads\/2025\/05\/Beauty-glow.md-Kezy-Avocado-Serie-280x280.webp 280w, https:\/\/beauty-glow.md\/wp-content\/uploads\/2025\/05\/Beauty-glow.md-Kezy-Avocado-Serie-768x768.webp 768w, https:\/\/beauty-glow.md\/wp-content\/uploads\/2025\/05\/Beauty-glow.md-Kezy-Avocado-Serie-300x300.webp 300w, https:\/\/beauty-glow.md\/wp-content\/uploads\/2025\/05\/Beauty-glow.md-Kezy-Avocado-Serie-600x600.webp 600w, https:\/\/beauty-glow.md\/wp-content\/uploads\/2025\/05\/Beauty-glow.md-Kezy-Avocado-Serie-100x100.webp 100w\" sizes=\"(max-width: 319px) 100vw, 319px\" \/><\/p>\n<p><a href=\"https:\/\/beauty-glow.md\/tip-produs\/sampon\/\">\u0218ampon<\/a>\u00a0pentru p\u0103r uscat \u0219i deshidratat. Cur\u0103\u021b\u0103 delicat, hr\u0103ne\u0219te \u0219i hidrateaz\u0103 p\u0103rul uscat, readuc\u00e2nd fibra capilar\u0103 la starea sa optim\u0103. \u00cent\u0103re\u0219te \u0219i restaureaz\u0103 r\u0103d\u0103cinile p\u0103rului sl\u0103bit, oferindu-le volum \u0219i m\u0103t\u0103sime.<\/p>\n<p>Ulei de avocado: P\u0103rul uscat beneficiaz\u0103 de propriet\u0103\u021bile protectoare ale uleiului de avocado, care neteze\u0219te structura p\u0103rului \u0219i \u00eei confer\u0103 un plus de str\u0103lucire. Glicerina hidrateaz\u0103 \u0219i catifeleaz\u0103 p\u0103rul.<\/p>\n<p><strong>Volum:<\/strong> 1000 ml<\/p>\n<p><strong>Mod de utilizare:<\/strong> Aplica\u021bi pe scalpul umed. Masa\u021bi u\u0219or, apoi cl\u0103ti\u021bi bine. Reaplica\u021bi dac\u0103 este necesar.<\/p>\n<p><span style=\"font-size: 100%;\"><strong>Aten\u021bie:<\/strong> numai pentru uz extern. \u00cen caz de contact cu ochii, cl\u0103ti\u021bi cu mult\u0103 ap\u0103. A nu se lasa la indemana copiilor.<\/span><\/p>","protected":false},"excerpt":{"rendered":"<p>Kezy Avocado Shampoo &#8211; cur\u0103\u021b\u0103 delicat, hr\u0103ne\u0219te \u0219i hidrateaz\u0103 p\u0103rul uscat.<\/p>\n","protected":false},"featured_media":2145,"template":"","meta":[],"product_brand":[288],"product_cat":[54,69,31,35],"product_tag":[],"class_list":{"0":"post-2169","1":"product","2":"type-product","3":"status-publish","4":"has-post-thumbnail","6":"product_brand-kezy","7":"product_cat-restaurarea","8":"product_cat-par-uscat-si-deteriorat","9":"product_cat-ingrijirea","10":"product_cat-sampon","11":"pa_brand-kezy","12":"pa_producator-italia","13":"pa_serie-kezy-avocado","14":"pa_tip-produs-sampon","15":"pa_volum-1000-ml","17":"first","18":"instock","19":"shipping-taxable","20":"product-type-simple"},"_links":{"self":[{"href":"https:\/\/beauty-glow.md\/ro\/wp-json\/wp\/v2\/product\/2169","targetHints":{"allow":["GET"]}}],"collection":[{"href":"https:\/\/beauty-glow.md\/ro\/wp-json\/wp\/v2\/product"}],"about":[{"href":"https:\/\/beauty-glow.md\/ro\/wp-json\/wp\/v2\/types\/product"}],"wp:featuredmedia":[{"embeddable":true,"href":"https:\/\/beauty-glow.md\/ro\/wp-json\/wp\/v2\/media\/2145"}],"wp:attachment":[{"href":"https:\/\/beauty-glow.md\/ro\/wp-json\/wp\/v2\/media?parent=2169"}],"wp:term":[{"taxonomy":"product_brand","embeddable":true,"href":"https:\/\/beauty-glow.md\/ro\/wp-json\/wp\/v2\/product_brand?post=2169"},{"taxonomy":"product_cat","embeddable":true,"href":"https:\/\/beauty-glow.md\/ro\/wp-json\/wp\/v2\/product_cat?post=2169"},{"taxonomy":"product_tag","embeddable":true,"href":"https:\/\/beauty-glow.md\/ro\/wp-json\/wp\/v2\/product_tag?post=2169"}],"curies":[{"name":"wp","href":"https:\/\/api.w.org\/{rel}","templated":true}]}}