{"id":2180,"date":"2025-05-04T11:31:04","date_gmt":"2025-05-04T11:31:04","guid":{"rendered":"https:\/\/beauty-glow.md\/?post_type=product&#038;p=2180"},"modified":"2025-05-04T11:44:44","modified_gmt":"2025-05-04T11:44:44","slug":"kezy-premium-spray-mask-18in1","status":"publish","type":"product","link":"https:\/\/beauty-glow.md\/ro\/shop\/kezy-premium-spray-mask-18in1\/","title":{"rendered":"Spray-masc\u0103 hidratant\u0103 18 \u00een 1 Kezy Premium Spray Mask 200ml"},"content":{"rendered":"<h2 style=\"text-align: center;\">Spray-masc\u0103 hidratant\u0103 18 \u00een 1 Kezy Premium Spray Mask<\/h2>\n<p>Un produs <a href=\"https:\/\/www.kezy.it\/\" target=\"_blank\" rel=\"noopener\">KEZY<\/a> versatil care combin\u0103 ingredientele active din patru grupe de \u00eengrijire a p\u0103rului \u00eentr-o masc\u0103 spray hidratant\u0103, oferind 18 beneficii pentru fiecare tip de p\u0103r.<\/p>\n<ul>\n<li>PH~3,0 &#8211; 4,5;<\/li>\n<li>Vegan: f\u0103r\u0103 ingrediente de origine animal\u0103;<\/li>\n<li>Sticl\u0103: 100% PET reciclat.<\/li>\n<\/ul>\n<p><img decoding=\"async\" class=\"aligncenter wp-image-2181\" src=\"https:\/\/beauty-glow.md\/wp-content\/uploads\/2025\/05\/Beauty-glow.md-Kezy-Premium-Spray-Mask-18in1.webp\" alt=\"Beauty-glow.md Kezy Premium Spray Mask 18in1\" width=\"320\" height=\"320\" title=\"\" srcset=\"https:\/\/beauty-glow.md\/wp-content\/uploads\/2025\/05\/Beauty-glow.md-Kezy-Premium-Spray-Mask-18in1.webp 800w, https:\/\/beauty-glow.md\/wp-content\/uploads\/2025\/05\/Beauty-glow.md-Kezy-Premium-Spray-Mask-18in1-400x400.webp 400w, https:\/\/beauty-glow.md\/wp-content\/uploads\/2025\/05\/Beauty-glow.md-Kezy-Premium-Spray-Mask-18in1-280x280.webp 280w, https:\/\/beauty-glow.md\/wp-content\/uploads\/2025\/05\/Beauty-glow.md-Kezy-Premium-Spray-Mask-18in1-768x768.webp 768w, https:\/\/beauty-glow.md\/wp-content\/uploads\/2025\/05\/Beauty-glow.md-Kezy-Premium-Spray-Mask-18in1-300x300.webp 300w, https:\/\/beauty-glow.md\/wp-content\/uploads\/2025\/05\/Beauty-glow.md-Kezy-Premium-Spray-Mask-18in1-600x600.webp 600w, https:\/\/beauty-glow.md\/wp-content\/uploads\/2025\/05\/Beauty-glow.md-Kezy-Premium-Spray-Mask-18in1-100x100.webp 100w\" sizes=\"(max-width: 320px) 100vw, 320px\" \/><\/p>\n<p><a href=\"https:\/\/beauty-glow.md\/tip-produs\/balsam-pentru-par\/\">Masc\u0103 spray multifunc\u021bional\u0103<\/a>, f\u0103r\u0103 cl\u0103tire. Ofer\u0103 18 beneficii pentru revitalizarea p\u0103rului \u0219i satisface cele mai comune nevoi ale tuturor tipurilor de p\u0103r. Ofer\u0103 hidratare \u00een timp ce descurc\u0103 \u0219i \u00eembl\u00e2nze\u0219te p\u0103rul, l\u0103s\u00e2nd acesta moale, voluminos \u0219i str\u0103lucitor. Produsul este conceput pentru a oferi rezultate uimitoare.<br \/>\n<strong>Ulei de avocado:<\/strong> P\u0103rul uscat beneficiaz\u0103 de propriet\u0103\u021bile protectoare ale uleiului de avocado, care neteze\u0219te structura p\u0103rului \u0219i \u00eei confer\u0103 un plus de str\u0103lucire.<br \/>\n<strong>Ap\u0103 de cocos:<\/strong> Hidratant\u0103 \u00een profunzime, bogat\u0103 \u00een nutrien\u021bi.<br \/>\n<strong>Ulei de macadamia:<\/strong> previne oxidarea celular\u0103. Ac\u021biunea sa anti-\u00eemb\u0103tr\u00e2nire este una dintre principalele sale utiliz\u0103ri.<br \/>\n<strong>Extract de bambus:<\/strong> Mineralele g\u0103site \u00een bambus adaug\u0103 volum \u0219i tonus p\u0103rului.<\/p>\n<p><strong>Volum:<\/strong> 200 ml<\/p>\n<p><strong>Mod de utilizare:<\/strong> Aplica\u021bi pe p\u0103rul sp\u0103lat \u0219i uscat cu prosopul. Piept\u0103na\u021bi pentru a distribui uniform. Nu cl\u0103ti\u021bi.<\/p>\n<p><span style=\"font-size: 100%;\"><strong>Aten\u021bie:<\/strong> numai pentru uz extern. \u00cen caz de contact cu ochii, cl\u0103ti\u021bi cu mult\u0103 ap\u0103. A nu se lasa la indemana copiilor.<\/span><\/p>","protected":false},"excerpt":{"rendered":"<p>Kezy Premium Spray Mask &#8211; masc\u0103 spray hidratant\u0103 cu ac\u021biune multifunc\u021bional\u0103, f\u0103r\u0103 cl\u0103tire.<\/p>\n","protected":false},"featured_media":2182,"template":"","meta":[],"product_brand":[288],"product_cat":[54,70,228,36,31],"product_tag":[],"class_list":{"0":"post-2180","1":"product","2":"type-product","3":"status-publish","4":"has-post-thumbnail","6":"product_brand-kezy","7":"product_cat-restaurarea","8":"product_cat-toate-tipurile","9":"product_cat-balsam","10":"product_cat-masca","11":"product_cat-ingrijirea","12":"pa_brand-kezy","13":"pa_producator-italia","14":"pa_tip-produs-balsam-pentru-par","15":"pa_tip-produs-masca-par","16":"pa_tip-produs-spray","17":"pa_volum-200-ml","19":"first","20":"instock","21":"shipping-taxable","22":"product-type-simple"},"_links":{"self":[{"href":"https:\/\/beauty-glow.md\/ro\/wp-json\/wp\/v2\/product\/2180","targetHints":{"allow":["GET"]}}],"collection":[{"href":"https:\/\/beauty-glow.md\/ro\/wp-json\/wp\/v2\/product"}],"about":[{"href":"https:\/\/beauty-glow.md\/ro\/wp-json\/wp\/v2\/types\/product"}],"wp:featuredmedia":[{"embeddable":true,"href":"https:\/\/beauty-glow.md\/ro\/wp-json\/wp\/v2\/media\/2182"}],"wp:attachment":[{"href":"https:\/\/beauty-glow.md\/ro\/wp-json\/wp\/v2\/media?parent=2180"}],"wp:term":[{"taxonomy":"product_brand","embeddable":true,"href":"https:\/\/beauty-glow.md\/ro\/wp-json\/wp\/v2\/product_brand?post=2180"},{"taxonomy":"product_cat","embeddable":true,"href":"https:\/\/beauty-glow.md\/ro\/wp-json\/wp\/v2\/product_cat?post=2180"},{"taxonomy":"product_tag","embeddable":true,"href":"https:\/\/beauty-glow.md\/ro\/wp-json\/wp\/v2\/product_tag?post=2180"}],"curies":[{"name":"wp","href":"https:\/\/api.w.org\/{rel}","templated":true}]}}