{"id":2223,"date":"2025-05-04T14:02:53","date_gmt":"2025-05-04T14:02:53","guid":{"rendered":"https:\/\/beauty-glow.md\/?post_type=product&#038;p=2223"},"modified":"2025-10-27T15:48:48","modified_gmt":"2025-10-27T15:48:48","slug":"kezy-volumizing-soft-mousse","status":"publish","type":"product","link":"https:\/\/beauty-glow.md\/ro\/shop\/kezy-volumizing-soft-mousse\/","title":{"rendered":"Mousse pentru a ad\u0103uga volum p\u0103rului cu fixare fin\u0103 Kezy Volumizing soft Mousse 300ml"},"content":{"rendered":"<h2 style=\"text-align: center;\">Mousse pentru a ad\u0103uga volum p\u0103rului cu fixare fin\u0103 Kezy Volumizing soft Mousse<\/h2>\n<div>Stil italian \u0219i elegan\u021b\u0103 care impresioneaz\u0103.<\/div>\n<ul>\n<li><strong>Vegan:<\/strong> F\u0103r\u0103 ingrediente de origine animal\u0103.<\/li>\n<li><strong>pH:<\/strong> 4,5-5,0.<\/li>\n<\/ul>\n<p><img decoding=\"async\" class=\"aligncenter wp-image-2216\" src=\"https:\/\/beauty-glow.md\/wp-content\/uploads\/2025\/05\/Beauty-glow.md-Kezy-Creativity-Serie.jpg\" alt=\"Beauty-glow.md Kezy Creativity Serie\" width=\"320\" height=\"320\" title=\"\" srcset=\"https:\/\/beauty-glow.md\/wp-content\/uploads\/2025\/05\/Beauty-glow.md-Kezy-Creativity-Serie.jpg 800w, https:\/\/beauty-glow.md\/wp-content\/uploads\/2025\/05\/Beauty-glow.md-Kezy-Creativity-Serie-400x400.jpg 400w, https:\/\/beauty-glow.md\/wp-content\/uploads\/2025\/05\/Beauty-glow.md-Kezy-Creativity-Serie-280x280.jpg 280w, https:\/\/beauty-glow.md\/wp-content\/uploads\/2025\/05\/Beauty-glow.md-Kezy-Creativity-Serie-768x768.jpg 768w, https:\/\/beauty-glow.md\/wp-content\/uploads\/2025\/05\/Beauty-glow.md-Kezy-Creativity-Serie-300x300.jpg 300w, https:\/\/beauty-glow.md\/wp-content\/uploads\/2025\/05\/Beauty-glow.md-Kezy-Creativity-Serie-600x600.jpg 600w, https:\/\/beauty-glow.md\/wp-content\/uploads\/2025\/05\/Beauty-glow.md-Kezy-Creativity-Serie-100x100.jpg 100w\" sizes=\"(max-width: 320px) 100vw, 320px\" \/><\/p>\n<p><a href=\"https:\/\/beauty-glow.md\/tip-produs\/mousse\/\">Mousse<\/a> <a href=\"https:\/\/www.kezy.it\/\" target=\"_blank\" rel=\"noopener\">KEZY<\/a> pentru volum \u0219i fixare fin\u0103. Ideal pentru p\u0103rul cre\u021b \u0219i ondulat, men\u021bin\u00e2nd onduleurile cu o fixare mai lung\u0103; pentru p\u0103rul drept va ajuta la dezvoltarea stilurilor creative cu o perie \u0219i un usc\u0103tor de p\u0103r; pentru p\u0103rul sub\u021bire cre\u0219te semnificativ volumul natural.<br \/>\n\u00cengrije\u0219te p\u0103rul f\u0103r\u0103 a-l usca. Creeaz\u0103 un aspect voluminos \u0219i un stil luxuriant.<\/p>\n<p><strong>Volum:<\/strong> 300 ml<\/p>\n<p><strong>Mod de utilizare:<\/strong> Agita\u021bi \u0219i \u00eentoarce\u021bi cu susul \u00een jos. Aplica\u021bi pe p\u0103rul umed, piept\u0103n\u00e2nd uniform. Nu cl\u0103ti\u021bi \u0219i continua\u021bi coafarea.<\/p>\n<p><span style=\"font-size: 100%;\"><strong>Aten\u021bie:<\/strong> numai pentru uz extern. \u00cen caz de contact cu ochii, cl\u0103ti\u021bi cu mult\u0103 ap\u0103. A nu se lasa la indemana copiilor.<\/span><\/p>","protected":false},"excerpt":{"rendered":"<p>Kezy Volumizing soft Mousse &#8211; adaug\u0103 volum \u0219i ofer\u0103 o fixare fin\u0103.<\/p>\n","protected":false},"featured_media":2224,"template":"","meta":[],"product_brand":[288],"product_cat":[39,246],"product_tag":[],"class_list":{"0":"post-2223","1":"product","2":"type-product","3":"status-publish","4":"has-post-thumbnail","6":"product_brand-kezy","7":"product_cat-styling","8":"product_cat-lac-si-spray","9":"pa_brand-kezy","10":"pa_producator-italia","11":"pa_serie-kezy-creativity","12":"pa_tip-produs-mousse","13":"pa_volum-300-ml","15":"first","16":"instock","17":"shipping-taxable","18":"product-type-simple"},"_links":{"self":[{"href":"https:\/\/beauty-glow.md\/ro\/wp-json\/wp\/v2\/product\/2223","targetHints":{"allow":["GET"]}}],"collection":[{"href":"https:\/\/beauty-glow.md\/ro\/wp-json\/wp\/v2\/product"}],"about":[{"href":"https:\/\/beauty-glow.md\/ro\/wp-json\/wp\/v2\/types\/product"}],"wp:featuredmedia":[{"embeddable":true,"href":"https:\/\/beauty-glow.md\/ro\/wp-json\/wp\/v2\/media\/2224"}],"wp:attachment":[{"href":"https:\/\/beauty-glow.md\/ro\/wp-json\/wp\/v2\/media?parent=2223"}],"wp:term":[{"taxonomy":"product_brand","embeddable":true,"href":"https:\/\/beauty-glow.md\/ro\/wp-json\/wp\/v2\/product_brand?post=2223"},{"taxonomy":"product_cat","embeddable":true,"href":"https:\/\/beauty-glow.md\/ro\/wp-json\/wp\/v2\/product_cat?post=2223"},{"taxonomy":"product_tag","embeddable":true,"href":"https:\/\/beauty-glow.md\/ro\/wp-json\/wp\/v2\/product_tag?post=2223"}],"curies":[{"name":"wp","href":"https:\/\/api.w.org\/{rel}","templated":true}]}}