{"id":2286,"date":"2025-10-27T18:53:20","date_gmt":"2025-10-27T18:53:20","guid":{"rendered":"https:\/\/beauty-glow.md\/?post_type=product&#038;p=2286"},"modified":"2025-10-27T18:54:56","modified_gmt":"2025-10-27T18:54:56","slug":"kezy-macadamia-shampoo-3750ml","status":"publish","type":"product","link":"https:\/\/beauty-glow.md\/ro\/shop\/kezy-macadamia-shampoo-3750ml\/","title":{"rendered":"\u0218ampon pentru p\u0103r deteriorat Kezy Macadamia Shampoo 3750ml"},"content":{"rendered":"<h2 style=\"text-align: center;\">\u0218ampon pentru p\u0103r deteriorat <a href=\"https:\/\/www.kezy.it\/\" target=\"_blank\" rel=\"noopener\">Kezy<\/a> Macadamia Shampoo 3750ml<\/h2>\n<p>Linia de produse cosmetice profesionale pe baz\u0103 de ulei de macadamia, conceput\u0103 pentru p\u0103rul u\u0219or \u0219i deteriorat. Ajut\u0103 la refacerea p\u0103rului deteriorat \u0219i tern, f\u0103c\u00e2ndu-l str\u0103lucitor \u0219i restaurat.<\/p>\n<ul>\n<li>PH~5,0 &#8211; 6,0;<\/li>\n<li>Vegan: f\u0103r\u0103 ingrediente de origine animal\u0103;<\/li>\n<li>Sticl\u0103: 100% PET reciclat.<\/li>\n<\/ul>\n<p><img decoding=\"async\" class=\"wp-image-2281 aligncenter\" src=\"https:\/\/beauty-glow.md\/wp-content\/uploads\/2025\/10\/Beauty-glow.md-Kezy-Shampoo-3750ml-664x400.png\" alt=\"Beauty-glow.md Kezy Shampoo 3750ml\" width=\"350\" height=\"211\" title=\"\" srcset=\"https:\/\/beauty-glow.md\/wp-content\/uploads\/2025\/10\/Beauty-glow.md-Kezy-Shampoo-3750ml-664x400.png 664w, https:\/\/beauty-glow.md\/wp-content\/uploads\/2025\/10\/Beauty-glow.md-Kezy-Shampoo-3750ml-768x462.png 768w, https:\/\/beauty-glow.md\/wp-content\/uploads\/2025\/10\/Beauty-glow.md-Kezy-Shampoo-3750ml-300x181.png 300w, https:\/\/beauty-glow.md\/wp-content\/uploads\/2025\/10\/Beauty-glow.md-Kezy-Shampoo-3750ml-600x361.png 600w, https:\/\/beauty-glow.md\/wp-content\/uploads\/2025\/10\/Beauty-glow.md-Kezy-Shampoo-3750ml.png 1000w\" sizes=\"(max-width: 350px) 100vw, 350px\" \/><\/p>\n<p><a href=\"https:\/\/beauty-glow.md\/tip-produs\/sampon\/\">\u0218ampon<\/a>\u00a0regenerant pentru tratarea \u0219i \u00eent\u0103rirea p\u0103rului deteriorat. Reface structura p\u0103rului deteriorat, oferind un efect puternic de descurcare \u0219i prevenind ruperea. Face p\u0103rul u\u0219or de aranjat \u0219i str\u0103lucitor.<\/p>\n<p>Uleiul de macadamia previne oxidarea celular\u0103. Ac\u021biunea sa anti-\u00eemb\u0103tr\u00e2nire este una dintre principalele sale utiliz\u0103ri. Complexul hidratant ajut\u0103 la prevenirea deterior\u0103rii \u0219i la refacerea p\u0103rului deja deteriorat.<\/p>\n<p><strong>Volum:<\/strong> 3750 ml<\/p>\n<p><strong>Mod de utilizare:<\/strong> Aplica\u021bi pe scalpul umed. Masa\u021bi u\u0219or, apoi cl\u0103ti\u021bi bine. Reaplica\u021bi dac\u0103 este necesar.<\/p>\n<p><span style=\"font-size: 100%;\"><strong>Aten\u021bie:<\/strong> numai pentru uz extern. \u00cen caz de contact cu ochii, cl\u0103ti\u021bi cu mult\u0103 ap\u0103. A nu se lasa la indemana copiilor.<\/span><\/p>","protected":false},"excerpt":{"rendered":"<p>Kezy Macadamia Shampoo &#8211; \u0219ampon regenerant pentru tratarea \u0219i \u00eent\u0103rirea p\u0103rului deteriorat.<\/p>\n","protected":false},"featured_media":2287,"template":"","meta":[],"product_brand":[288],"product_cat":[54,69,31,35],"product_tag":[],"class_list":{"0":"post-2286","1":"product","2":"type-product","3":"status-publish","4":"has-post-thumbnail","6":"product_brand-kezy","7":"product_cat-restaurarea","8":"product_cat-par-uscat-si-deteriorat","9":"product_cat-ingrijirea","10":"product_cat-sampon","11":"pa_brand-kezy","12":"pa_producator-italia","13":"pa_serie-kezy-macadamia","14":"pa_tip-produs-sampon","15":"pa_volum-3750-ml","17":"first","18":"instock","19":"shipping-taxable","20":"product-type-simple"},"_links":{"self":[{"href":"https:\/\/beauty-glow.md\/ro\/wp-json\/wp\/v2\/product\/2286","targetHints":{"allow":["GET"]}}],"collection":[{"href":"https:\/\/beauty-glow.md\/ro\/wp-json\/wp\/v2\/product"}],"about":[{"href":"https:\/\/beauty-glow.md\/ro\/wp-json\/wp\/v2\/types\/product"}],"wp:featuredmedia":[{"embeddable":true,"href":"https:\/\/beauty-glow.md\/ro\/wp-json\/wp\/v2\/media\/2287"}],"wp:attachment":[{"href":"https:\/\/beauty-glow.md\/ro\/wp-json\/wp\/v2\/media?parent=2286"}],"wp:term":[{"taxonomy":"product_brand","embeddable":true,"href":"https:\/\/beauty-glow.md\/ro\/wp-json\/wp\/v2\/product_brand?post=2286"},{"taxonomy":"product_cat","embeddable":true,"href":"https:\/\/beauty-glow.md\/ro\/wp-json\/wp\/v2\/product_cat?post=2286"},{"taxonomy":"product_tag","embeddable":true,"href":"https:\/\/beauty-glow.md\/ro\/wp-json\/wp\/v2\/product_tag?post=2286"}],"curies":[{"name":"wp","href":"https:\/\/api.w.org\/{rel}","templated":true}]}}