{"id":2312,"date":"2025-10-29T13:00:24","date_gmt":"2025-10-29T13:00:24","guid":{"rendered":"https:\/\/beauty-glow.md\/?post_type=product&#038;p=2312"},"modified":"2025-10-29T13:20:37","modified_gmt":"2025-10-29T13:20:37","slug":"shot-ammino-plastia-miccelar-shampoo","status":"publish","type":"product","link":"https:\/\/beauty-glow.md\/ro\/shop\/shot-ammino-plastia-miccelar-shampoo\/","title":{"rendered":"\u0218ampon micelar restructurant Shot Ammino Plastia Miccelar Shampoo 500ml"},"content":{"rendered":"<h2 style=\"text-align: center;\">\u0218ampon micelar restructurant\u00a0Shot Ammino Plastia Miccelar Shampoo<\/h2>\n<p>Terapie intensiv\u0103 pentru p\u0103r cu o formul\u0103 unic\u0103 bazat\u0103 pe aminoacizi micromoleculari naturali care p\u0103trund ad\u00e2nc \u00een structura fibrelor. Aceast\u0103 serie \u00eent\u0103re\u0219te, restaureaz\u0103, adaug\u0103 volum \u0219i str\u0103lucire, \u00eembun\u0103t\u0103\u021be\u0219te elasticitatea \u0219i reduce ruperea &#8211; potrivit\u0103 pentru toate tipurile de p\u0103r, inclusiv p\u0103rul vopsit sau tratat chimic.<\/p>\n<p><img decoding=\"async\" class=\" wp-image-2313 alignleft\" src=\"https:\/\/beauty-glow.md\/wp-content\/uploads\/2025\/10\/Beauty-glow.md-Shot-Plastia-Ammino-Serie-267x400.jpg\" alt=\"Beauty-glow.md Shot Plastia Ammino Serie\" width=\"211\" height=\"316\" title=\"\" srcset=\"https:\/\/beauty-glow.md\/wp-content\/uploads\/2025\/10\/Beauty-glow.md-Shot-Plastia-Ammino-Serie-267x400.jpg 267w, https:\/\/beauty-glow.md\/wp-content\/uploads\/2025\/10\/Beauty-glow.md-Shot-Plastia-Ammino-Serie-533x800.jpg 533w, https:\/\/beauty-glow.md\/wp-content\/uploads\/2025\/10\/Beauty-glow.md-Shot-Plastia-Ammino-Serie-768x1152.jpg 768w, https:\/\/beauty-glow.md\/wp-content\/uploads\/2025\/10\/Beauty-glow.md-Shot-Plastia-Ammino-Serie-1024x1536.jpg 1024w, https:\/\/beauty-glow.md\/wp-content\/uploads\/2025\/10\/Beauty-glow.md-Shot-Plastia-Ammino-Serie-300x450.jpg 300w, https:\/\/beauty-glow.md\/wp-content\/uploads\/2025\/10\/Beauty-glow.md-Shot-Plastia-Ammino-Serie-600x900.jpg 600w, https:\/\/beauty-glow.md\/wp-content\/uploads\/2025\/10\/Beauty-glow.md-Shot-Plastia-Ammino-Serie.jpg 1280w\" sizes=\"(max-width: 211px) 100vw, 211px\" \/><\/p>\n<p><a href=\"https:\/\/beauty-glow.md\/attribute\/tip-produs\/sampon\/\">\u0218amponul<\/a> <a href=\"https:\/\/www.cosmeticcenter.it\/\" target=\"_blank\" rel=\"noopener\">Shot<\/a> Ammino Plastia &#8211; un \u0219ampon micelar pentru cur\u0103\u021barea profund\u0103, dar delicat\u0103, a p\u0103rului \u0219i a scalpului. Formula cu keratin\u0103, m\u0103tase, colagen \u0219i acid hialuronic restaureaz\u0103, hidrateaz\u0103, catifeleaz\u0103 \u0219i las\u0103 p\u0103rul str\u0103lucitor. \u00cendep\u0103rteaz\u0103 impurit\u0103\u021bile f\u0103r\u0103 irita\u021bii, faciliteaz\u0103 piept\u0103narea \u0219i protejeaz\u0103 p\u0103rul de factorii de mediu. Potrivit pentru utilizare frecvent\u0103 \u0219i pentru toate tipurile de p\u0103r, nu con\u021bine SLES \u0219i SLS.<\/p>\n<p><strong>Volum:<\/strong> 500 ml<\/p>\n<p><strong>Mod de utilizare:<\/strong> Aplica\u021bi \u0219ampon pe p\u0103rul umed, masa\u021bi u\u0219or \u0219i apoi cl\u0103ti\u021bi bine cu ap\u0103. Repeta\u021bi procedura dac\u0103 este necesar.<\/p>\n<p><span style=\"font-size: 100%;\"><strong>Aten\u021bie:<\/strong> numai pentru uz extern. \u00cen caz de contact cu ochii, cl\u0103ti\u021bi cu mult\u0103 ap\u0103. A nu se lasa la indemana copiilor.<\/span><\/p>","protected":false},"excerpt":{"rendered":"<p>Shot Ammino Plastia Miccelar Shampoo &#8211; cu keratin\u0103, m\u0103tase, colagen \u0219i acid hialuronic.<\/p>\n","protected":false},"featured_media":2314,"template":"","meta":[],"product_brand":[],"product_cat":[31,54,83,70,60,35],"product_tag":[],"class_list":{"0":"post-2312","1":"product","2":"type-product","3":"status-publish","4":"has-post-thumbnail","6":"product_cat-ingrijirea","7":"product_cat-restaurarea","8":"product_cat-acid-hialuronic","9":"product_cat-toate-tipurile","10":"product_cat-keratina","11":"product_cat-sampon","12":"pa_brand-shot","13":"pa_producator-italia","14":"pa_serie-ammino-plastia","15":"pa_tip-produs-sampon","16":"pa_volum-500-ml","18":"first","19":"instock","20":"shipping-taxable","21":"product-type-simple"},"_links":{"self":[{"href":"https:\/\/beauty-glow.md\/ro\/wp-json\/wp\/v2\/product\/2312","targetHints":{"allow":["GET"]}}],"collection":[{"href":"https:\/\/beauty-glow.md\/ro\/wp-json\/wp\/v2\/product"}],"about":[{"href":"https:\/\/beauty-glow.md\/ro\/wp-json\/wp\/v2\/types\/product"}],"wp:featuredmedia":[{"embeddable":true,"href":"https:\/\/beauty-glow.md\/ro\/wp-json\/wp\/v2\/media\/2314"}],"wp:attachment":[{"href":"https:\/\/beauty-glow.md\/ro\/wp-json\/wp\/v2\/media?parent=2312"}],"wp:term":[{"taxonomy":"product_brand","embeddable":true,"href":"https:\/\/beauty-glow.md\/ro\/wp-json\/wp\/v2\/product_brand?post=2312"},{"taxonomy":"product_cat","embeddable":true,"href":"https:\/\/beauty-glow.md\/ro\/wp-json\/wp\/v2\/product_cat?post=2312"},{"taxonomy":"product_tag","embeddable":true,"href":"https:\/\/beauty-glow.md\/ro\/wp-json\/wp\/v2\/product_tag?post=2312"}],"curies":[{"name":"wp","href":"https:\/\/api.w.org\/{rel}","templated":true}]}}