{"id":2315,"date":"2025-10-29T13:18:21","date_gmt":"2025-10-29T13:18:21","guid":{"rendered":"https:\/\/beauty-glow.md\/?post_type=product&#038;p=2315"},"modified":"2025-10-29T13:25:16","modified_gmt":"2025-10-29T13:25:16","slug":"shot-ammino-plastia-integrator-mask","status":"publish","type":"product","link":"https:\/\/beauty-glow.md\/ro\/shop\/shot-ammino-plastia-integrator-mask\/","title":{"rendered":"Masc\u0103 de p\u0103r restructurant\u0103 Shot Ammino Plastia Integrator Mask 500ml"},"content":{"rendered":"<h2 style=\"text-align: center;\">Masc\u0103 de p\u0103r restructurant\u0103 Shot Ammino Plastia Integrator Mask<\/h2>\n<p>Terapie intensiv\u0103 pentru p\u0103r cu o formul\u0103 unic\u0103 bazat\u0103 pe aminoacizi micromoleculari naturali care p\u0103trund ad\u00e2nc \u00een structura fibrelor. Aceast\u0103 serie \u00eent\u0103re\u0219te, restaureaz\u0103, adaug\u0103 volum \u0219i str\u0103lucire, \u00eembun\u0103t\u0103\u021be\u0219te elasticitatea \u0219i reduce ruperea &#8211; potrivit\u0103 pentru toate tipurile de p\u0103r, inclusiv p\u0103rul vopsit sau tratat chimic.<\/p>\n<p><img decoding=\"async\" class=\" wp-image-2313 alignleft\" src=\"https:\/\/beauty-glow.md\/wp-content\/uploads\/2025\/10\/Beauty-glow.md-Shot-Plastia-Ammino-Serie-267x400.jpg\" alt=\"Beauty-glow.md Shot Plastia Ammino Serie\" width=\"211\" height=\"316\" title=\"\" srcset=\"https:\/\/beauty-glow.md\/wp-content\/uploads\/2025\/10\/Beauty-glow.md-Shot-Plastia-Ammino-Serie-267x400.jpg 267w, https:\/\/beauty-glow.md\/wp-content\/uploads\/2025\/10\/Beauty-glow.md-Shot-Plastia-Ammino-Serie-533x800.jpg 533w, https:\/\/beauty-glow.md\/wp-content\/uploads\/2025\/10\/Beauty-glow.md-Shot-Plastia-Ammino-Serie-768x1152.jpg 768w, https:\/\/beauty-glow.md\/wp-content\/uploads\/2025\/10\/Beauty-glow.md-Shot-Plastia-Ammino-Serie-1024x1536.jpg 1024w, https:\/\/beauty-glow.md\/wp-content\/uploads\/2025\/10\/Beauty-glow.md-Shot-Plastia-Ammino-Serie-300x450.jpg 300w, https:\/\/beauty-glow.md\/wp-content\/uploads\/2025\/10\/Beauty-glow.md-Shot-Plastia-Ammino-Serie-600x900.jpg 600w, https:\/\/beauty-glow.md\/wp-content\/uploads\/2025\/10\/Beauty-glow.md-Shot-Plastia-Ammino-Serie.jpg 1280w\" sizes=\"(max-width: 211px) 100vw, 211px\" \/><\/p>\n<p><a href=\"https:\/\/beauty-glow.md\/ro\/ingrijirea\/masca\/\">Masca<\/a> <a href=\"https:\/\/www.cosmeticcenter.it\/\" target=\"_blank\" rel=\"noopener\">Shot<\/a> Ammino Plastia \u2013 o masc\u0103 hr\u0103nitoare cu tehnologie din argil\u0103 vulcanic\u0103 \u0219i zah\u0103r. Regenereaz\u0103, hr\u0103ne\u0219te \u0219i catifeleaz\u0103 p\u0103rul, elimin\u0103 \u00eencre\u021birea \u0219i adaug\u0103 str\u0103lucire. Formula cu ulei de tamanu, unt de shea, argil\u0103 alb\u0103 \u0219i taurin\u0103 protejeaz\u0103 structura p\u0103rului \u0219i prelunge\u0219te durata de via\u021b\u0103 a coafurii. Potrivit\u0103 pentru toate tipurile de p\u0103r, 95% ingrediente naturale, vegan\u0103 \u0219i f\u0103r\u0103 SLES, SLS, MIT, CMIT, siliconi, parabeni \u0219i coloran\u021bi.<\/p>\n<p><strong>Volum:<\/strong> 500 ml<\/p>\n<p><strong>Mod de utilizare:<\/strong> Aplica\u021bi pe p\u0103rul curat, uscat cu prosopul. Piept\u0103na\u021bi pentru a distribui uniform. L\u0103sa\u021bi timp de 3-5 minute. Cl\u0103ti\u021bi bine.<\/p>\n<p><span style=\"font-size: 100%;\"><strong>Aten\u021bie:<\/strong> numai pentru uz extern. \u00cen caz de contact cu ochii, cl\u0103ti\u021bi cu mult\u0103 ap\u0103. A nu se lasa la indemana copiilor.<\/span><\/p>","protected":false},"excerpt":{"rendered":"<p>Shot Ammino Plastia Integrator Mask &#8211; cu ulei de tamanu, unt de shea, argil\u0103 alb\u0103 \u0219i taurin\u0103.<\/p>\n","protected":false},"featured_media":2316,"template":"","meta":[],"product_brand":[],"product_cat":[31,54,70,36],"product_tag":[],"class_list":{"0":"post-2315","1":"product","2":"type-product","3":"status-publish","4":"has-post-thumbnail","6":"product_cat-ingrijirea","7":"product_cat-restaurarea","8":"product_cat-toate-tipurile","9":"product_cat-masca","10":"pa_brand-shot","11":"pa_producator-italia","12":"pa_serie-ammino-plastia","13":"pa_tip-produs-masca-par","14":"pa_volum-500-ml","16":"first","17":"instock","18":"shipping-taxable","19":"product-type-simple"},"_links":{"self":[{"href":"https:\/\/beauty-glow.md\/ro\/wp-json\/wp\/v2\/product\/2315","targetHints":{"allow":["GET"]}}],"collection":[{"href":"https:\/\/beauty-glow.md\/ro\/wp-json\/wp\/v2\/product"}],"about":[{"href":"https:\/\/beauty-glow.md\/ro\/wp-json\/wp\/v2\/types\/product"}],"wp:featuredmedia":[{"embeddable":true,"href":"https:\/\/beauty-glow.md\/ro\/wp-json\/wp\/v2\/media\/2316"}],"wp:attachment":[{"href":"https:\/\/beauty-glow.md\/ro\/wp-json\/wp\/v2\/media?parent=2315"}],"wp:term":[{"taxonomy":"product_brand","embeddable":true,"href":"https:\/\/beauty-glow.md\/ro\/wp-json\/wp\/v2\/product_brand?post=2315"},{"taxonomy":"product_cat","embeddable":true,"href":"https:\/\/beauty-glow.md\/ro\/wp-json\/wp\/v2\/product_cat?post=2315"},{"taxonomy":"product_tag","embeddable":true,"href":"https:\/\/beauty-glow.md\/ro\/wp-json\/wp\/v2\/product_tag?post=2315"}],"curies":[{"name":"wp","href":"https:\/\/api.w.org\/{rel}","templated":true}]}}