{"id":2317,"date":"2025-10-29T13:26:34","date_gmt":"2025-10-29T13:26:34","guid":{"rendered":"https:\/\/beauty-glow.md\/?post_type=product&#038;p=2317"},"modified":"2025-10-29T13:33:23","modified_gmt":"2025-10-29T13:33:23","slug":"shot-ammino-plastia-rush-rain","status":"publish","type":"product","link":"https:\/\/beauty-glow.md\/ro\/shop\/shot-ammino-plastia-rush-rain\/","title":{"rendered":"Concentrat fortifiant \u0219i reparator Shot Ammino Plastia Rush Rain 100ml"},"content":{"rendered":"<h2 style=\"text-align: center;\">Concentrat fortifiant \u0219i reparator Shot Ammino Plastia Rush Rain<\/h2>\n<p>Terapie intensiv\u0103 pentru p\u0103r cu o formul\u0103 unic\u0103 bazat\u0103 pe aminoacizi micromoleculari naturali care p\u0103trund ad\u00e2nc \u00een structura fibrelor. Aceast\u0103 serie \u00eent\u0103re\u0219te, restaureaz\u0103, adaug\u0103 volum \u0219i str\u0103lucire, \u00eembun\u0103t\u0103\u021be\u0219te elasticitatea \u0219i reduce ruperea &#8211; potrivit\u0103 pentru toate tipurile de p\u0103r, inclusiv p\u0103rul vopsit sau tratat chimic.<\/p>\n<p><img decoding=\"async\" class=\" wp-image-2313 alignleft\" src=\"https:\/\/beauty-glow.md\/wp-content\/uploads\/2025\/10\/Beauty-glow.md-Shot-Plastia-Ammino-Serie-267x400.jpg\" alt=\"Beauty-glow.md Shot Plastia Ammino Serie\" width=\"211\" height=\"316\" title=\"\" srcset=\"https:\/\/beauty-glow.md\/wp-content\/uploads\/2025\/10\/Beauty-glow.md-Shot-Plastia-Ammino-Serie-267x400.jpg 267w, https:\/\/beauty-glow.md\/wp-content\/uploads\/2025\/10\/Beauty-glow.md-Shot-Plastia-Ammino-Serie-533x800.jpg 533w, https:\/\/beauty-glow.md\/wp-content\/uploads\/2025\/10\/Beauty-glow.md-Shot-Plastia-Ammino-Serie-768x1152.jpg 768w, https:\/\/beauty-glow.md\/wp-content\/uploads\/2025\/10\/Beauty-glow.md-Shot-Plastia-Ammino-Serie-1024x1536.jpg 1024w, https:\/\/beauty-glow.md\/wp-content\/uploads\/2025\/10\/Beauty-glow.md-Shot-Plastia-Ammino-Serie-300x450.jpg 300w, https:\/\/beauty-glow.md\/wp-content\/uploads\/2025\/10\/Beauty-glow.md-Shot-Plastia-Ammino-Serie-600x900.jpg 600w, https:\/\/beauty-glow.md\/wp-content\/uploads\/2025\/10\/Beauty-glow.md-Shot-Plastia-Ammino-Serie.jpg 1280w\" sizes=\"(max-width: 211px) 100vw, 211px\" \/><\/p>\n<p><a href=\"https:\/\/beauty-glow.md\/ro\/ingrijirea\/serum\/\">Serum<\/a> <a href=\"https:\/\/www.cosmeticcenter.it\/\" target=\"_blank\" rel=\"noopener\">Shot<\/a> Ammino Plastia \u2013 concentrat fortifiant, volumizant \u0219i nutritiv cu o concentra\u021bie ridicat\u0103 de aminoacizi. P\u0103trunde ad\u00e2nc \u00een structura firului de p\u0103r, regenereaz\u0103 \u0219i \u00eent\u0103re\u0219te leg\u0103turile interne, \u00eembun\u0103t\u0103\u021bind for\u021ba, volumul, elasticitatea \u0219i str\u0103lucirea de la prima aplicare. Aminoacizii, elemente de baz\u0103 ale keratinei, refac zonele deteriorate, reduc ruperea \u0219i previn v\u00e2rfurile despicate. Ideal pentru toate tipurile de p\u0103r, permite colorarea, decolorarea \u0219i coafarea f\u0103r\u0103 restric\u021bii.<\/p>\n<p><strong>Volum:<\/strong> 100 ml<\/p>\n<p><strong>Mod de utilizare:<\/strong> Aplica\u021bi pe p\u0103rul curat \u0219i uscat cu prosopul, mas\u00e2nd u\u0219or pe lungimi \u0219i v\u00e2rfuri pentru o distribuire uniform\u0103.<\/p>\n<p><span style=\"font-size: 100%;\"><strong>Aten\u021bie:<\/strong> numai pentru uz extern. \u00cen caz de contact cu ochii, cl\u0103ti\u021bi cu mult\u0103 ap\u0103. A nu se lasa la indemana copiilor.<\/span><\/p>","protected":false},"excerpt":{"rendered":"<p>Shot Ammino Plastia Rush Rain &#8211; reface zonele deteriorate, reduce ruperea \u0219i previne v\u00e2rfurile despicate.<\/p>\n","protected":false},"featured_media":2318,"template":"","meta":[],"product_brand":[],"product_cat":[31,54,70,229],"product_tag":[],"class_list":{"0":"post-2317","1":"product","2":"type-product","3":"status-publish","4":"has-post-thumbnail","6":"product_cat-ingrijirea","7":"product_cat-restaurarea","8":"product_cat-toate-tipurile","9":"product_cat-serum","10":"pa_brand-shot","11":"pa_producator-italia","12":"pa_serie-ammino-plastia","13":"pa_tip-produs-ser","14":"pa_volum-100-ml","16":"first","17":"instock","18":"shipping-taxable","19":"product-type-simple"},"_links":{"self":[{"href":"https:\/\/beauty-glow.md\/ro\/wp-json\/wp\/v2\/product\/2317","targetHints":{"allow":["GET"]}}],"collection":[{"href":"https:\/\/beauty-glow.md\/ro\/wp-json\/wp\/v2\/product"}],"about":[{"href":"https:\/\/beauty-glow.md\/ro\/wp-json\/wp\/v2\/types\/product"}],"wp:featuredmedia":[{"embeddable":true,"href":"https:\/\/beauty-glow.md\/ro\/wp-json\/wp\/v2\/media\/2318"}],"wp:attachment":[{"href":"https:\/\/beauty-glow.md\/ro\/wp-json\/wp\/v2\/media?parent=2317"}],"wp:term":[{"taxonomy":"product_brand","embeddable":true,"href":"https:\/\/beauty-glow.md\/ro\/wp-json\/wp\/v2\/product_brand?post=2317"},{"taxonomy":"product_cat","embeddable":true,"href":"https:\/\/beauty-glow.md\/ro\/wp-json\/wp\/v2\/product_cat?post=2317"},{"taxonomy":"product_tag","embeddable":true,"href":"https:\/\/beauty-glow.md\/ro\/wp-json\/wp\/v2\/product_tag?post=2317"}],"curies":[{"name":"wp","href":"https:\/\/api.w.org\/{rel}","templated":true}]}}