{"id":2329,"date":"2025-10-29T14:43:13","date_gmt":"2025-10-29T14:43:13","guid":{"rendered":"https:\/\/beauty-glow.md\/?post_type=product&#038;p=2329"},"modified":"2025-10-29T14:48:30","modified_gmt":"2025-10-29T14:48:30","slug":"shot-work-activity-hair-shine-spray","status":"publish","type":"product","link":"https:\/\/beauty-glow.md\/ro\/shop\/shot-work-activity-hair-shine-spray\/","title":{"rendered":"Spray cu str\u0103lucire de styling Shot Work Activity Hair Shine Spray 300ml"},"content":{"rendered":"<h2 style=\"text-align: center;\">Spray cu str\u0103lucire de styling Shot Work Activity Hair Shine Spray<\/h2>\n<p><img decoding=\"async\" class=\"alignleft wp-image-1349\" src=\"https:\/\/beauty-glow.md\/wp-content\/uploads\/2023\/12\/Beauty-glow.md-Shot-Work-Activity-1-1.jpg\" alt=\"Shot Work Activity\" width=\"418\" height=\"350\" title=\"\" srcset=\"https:\/\/beauty-glow.md\/wp-content\/uploads\/2023\/12\/Beauty-glow.md-Shot-Work-Activity-1-1.jpg 1410w, https:\/\/beauty-glow.md\/wp-content\/uploads\/2023\/12\/Beauty-glow.md-Shot-Work-Activity-1-1-477x400.jpg 477w, https:\/\/beauty-glow.md\/wp-content\/uploads\/2023\/12\/Beauty-glow.md-Shot-Work-Activity-1-1-954x800.jpg 954w, https:\/\/beauty-glow.md\/wp-content\/uploads\/2023\/12\/Beauty-glow.md-Shot-Work-Activity-1-1-768x644.jpg 768w, https:\/\/beauty-glow.md\/wp-content\/uploads\/2023\/12\/Beauty-glow.md-Shot-Work-Activity-1-1-300x251.jpg 300w, https:\/\/beauty-glow.md\/wp-content\/uploads\/2023\/12\/Beauty-glow.md-Shot-Work-Activity-1-1-600x503.jpg 600w\" sizes=\"(max-width: 418px) 100vw, 418px\" \/>Prima linie de cosmetice pentru styling cu efect de restructurare bazat pe keratina, colagen \u0219i complex MFA. Componente active:<\/p>\n<ul>\n<li>Keratina este un elixir de frumuse\u021be pentru p\u0103r. Aceasta este o protein\u0103 bogat\u0103 \u00een vitamine \u0219i microelemente. Hr\u0103ne\u0219te \u0219i restructureaz\u0103, \u00eentineri\u0219te p\u0103rul.<\/li>\n<li>Colagenul este cea mai important\u0103 protein\u0103 din corpul nostru. Ofer\u0103 structur\u0103, m\u0103re\u0219te rezisten\u021ba la trac\u021biune \u0219i confer\u0103 elasticitate.<\/li>\n<li>Complexul MFA este un complex multivitaminic pe baza de trestie de zahar, mere, citrice \u0219i ceai verde. \u00cengro\u0219eaz\u0103 p\u0103rul, f\u0103c\u00e2ndu-l m\u0103t\u0103sos \u0219i calmeaz\u0103 irita\u021biile pielii.<\/li>\n<\/ul>\n<div><a href=\"https:\/\/beauty-glow.md\/tip-produs\/spray\/\">Spray<\/a> de p\u0103r <a href=\"https:\/\/www.cosmeticcenter.it\/\" target=\"_blank\" rel=\"noopener\">Shot<\/a> \u2013 spray\u2011finisaj u\u0219or pentru p\u0103r, care confer\u0103 str\u0103lucire \u0219i netezime f\u0103r\u0103 a \u00eenc\u0103rca firul de p\u0103r. Eviden\u021biaz\u0103 textura p\u0103rului, reduce electricitatea static\u0103 \u0219i face coafura mai \u00eengrijit\u0103 \u0219i elegant\u0103. Ideal pentru finisarea oric\u0103rei coafuri pe p\u0103r uscat sau u\u0219or umed. Nu se cl\u0103te\u0219te.<\/div>\n<p><strong>Volum:<\/strong> 300 ml<\/p>\n<p><strong>Mod de utilizare:<\/strong> Agita\u021bi bine \u00eenainte de utilizare. \u021aine\u021bi spray-ul la aproximativ 25-30 cm de p\u0103r. Pulveriza\u021bi uniform pe p\u0103rul uscat sau u\u0219or umed, concentr\u00e2ndu-v\u0103 pe lungimi \u0219i v\u00e2rfuri. Distribui\u021bi u\u0219or spray-ul cu m\u00e2inile sau piept\u0103na\u021bi pentru o acoperire uniform\u0103.<\/p>\n<p><span style=\"font-size: 100%;\"><strong>Aten\u021bie:<\/strong> numai pentru uz extern. \u00cen caz de contact cu ochii, cl\u0103ti\u021bi cu mult\u0103 ap\u0103. A nu se lasa la indemana copiilor.<\/span><\/p>","protected":false},"excerpt":{"rendered":"<p>Shot Work Activity Hair Shine Spray- ofer\u0103 o str\u0103lucire radiant\u0103, face coafura mai \u00eengrijit\u0103 \u0219i mai bine \u00eengrijit\u0103.<\/p>\n","protected":false},"featured_media":2330,"template":"","meta":[],"product_brand":[],"product_cat":[39,246],"product_tag":[],"class_list":{"0":"post-2329","1":"product","2":"type-product","3":"status-publish","4":"has-post-thumbnail","6":"product_cat-styling","7":"product_cat-lac-si-spray","8":"pa_brand-shot","9":"pa_producator-italia","10":"pa_serie-work-activity","11":"pa_tip-produs-spray-cu-straluci","12":"pa_volum-300-ml","14":"first","15":"instock","16":"shipping-taxable","17":"product-type-simple"},"_links":{"self":[{"href":"https:\/\/beauty-glow.md\/ro\/wp-json\/wp\/v2\/product\/2329","targetHints":{"allow":["GET"]}}],"collection":[{"href":"https:\/\/beauty-glow.md\/ro\/wp-json\/wp\/v2\/product"}],"about":[{"href":"https:\/\/beauty-glow.md\/ro\/wp-json\/wp\/v2\/types\/product"}],"wp:featuredmedia":[{"embeddable":true,"href":"https:\/\/beauty-glow.md\/ro\/wp-json\/wp\/v2\/media\/2330"}],"wp:attachment":[{"href":"https:\/\/beauty-glow.md\/ro\/wp-json\/wp\/v2\/media?parent=2329"}],"wp:term":[{"taxonomy":"product_brand","embeddable":true,"href":"https:\/\/beauty-glow.md\/ro\/wp-json\/wp\/v2\/product_brand?post=2329"},{"taxonomy":"product_cat","embeddable":true,"href":"https:\/\/beauty-glow.md\/ro\/wp-json\/wp\/v2\/product_cat?post=2329"},{"taxonomy":"product_tag","embeddable":true,"href":"https:\/\/beauty-glow.md\/ro\/wp-json\/wp\/v2\/product_tag?post=2329"}],"curies":[{"name":"wp","href":"https:\/\/api.w.org\/{rel}","templated":true}]}}