{"id":2346,"date":"2025-10-29T19:02:27","date_gmt":"2025-10-29T19:02:27","guid":{"rendered":"https:\/\/beauty-glow.md\/?post_type=product&#038;p=2346"},"modified":"2025-10-29T21:01:46","modified_gmt":"2025-10-29T21:01:46","slug":"shot-anti-age-deep-serum-fiole","status":"publish","type":"product","link":"https:\/\/beauty-glow.md\/ro\/shop\/shot-anti-age-deep-serum-fiole\/","title":{"rendered":"Ser pentru p\u0103r anti-imbatranire Shot Anti-age Deep Serum Fiole 10x10ml"},"content":{"rendered":"<h2 style=\"text-align: center;\">Ser pentru p\u0103r anti-imbatranire Shot Anti-age Deep Serum Fiole<\/h2>\n<p>Linie profesional\u0103 de produse cosmetice pentru p\u0103r anti-\u00eemb\u0103tr\u00e2nire. \u201eFrumuse\u021bea ta este atemporal\u0103\u201d P\u0103streaz\u0103 tinere\u021bea structurii p\u0103rului t\u0103u \u0219terg\u00e2nd semnele de v\u00e2rst\u0103.<\/p>\n<p><img decoding=\"async\" class=\"aligncenter wp-image-2338\" src=\"https:\/\/beauty-glow.md\/wp-content\/uploads\/2025\/10\/Beauty-glow.md-Shot-Antiage-Serie-.jpg\" alt=\"Beauty-glow.md Shot Antiage Serie\" width=\"1049\" height=\"350\" title=\"\" srcset=\"https:\/\/beauty-glow.md\/wp-content\/uploads\/2025\/10\/Beauty-glow.md-Shot-Antiage-Serie-.jpg 1771w, https:\/\/beauty-glow.md\/wp-content\/uploads\/2025\/10\/Beauty-glow.md-Shot-Antiage-Serie--800x267.jpg 800w, https:\/\/beauty-glow.md\/wp-content\/uploads\/2025\/10\/Beauty-glow.md-Shot-Antiage-Serie--1400x467.jpg 1400w, https:\/\/beauty-glow.md\/wp-content\/uploads\/2025\/10\/Beauty-glow.md-Shot-Antiage-Serie--768x256.jpg 768w, https:\/\/beauty-glow.md\/wp-content\/uploads\/2025\/10\/Beauty-glow.md-Shot-Antiage-Serie--1536x513.jpg 1536w, https:\/\/beauty-glow.md\/wp-content\/uploads\/2025\/10\/Beauty-glow.md-Shot-Antiage-Serie--300x100.jpg 300w, https:\/\/beauty-glow.md\/wp-content\/uploads\/2025\/10\/Beauty-glow.md-Shot-Antiage-Serie--600x200.jpg 600w\" sizes=\"(max-width: 1049px) 100vw, 1049px\" \/><\/p>\n<p><a href=\"https:\/\/beauty-glow.md\/tip-produs\/ser\/\">Serum<\/a>-spray <a href=\"https:\/\/www.cosmeticcenter.it\/\" target=\"_blank\" rel=\"noopener\">Shot<\/a> pentru restaurare p\u0103rului. Formula unic\u0103 a serului cu elemente de Keratin\u0103 \u0219i Oligo ajut\u0103 la restabilirea rapid\u0103 a structurii chiar \u0219i a celui mai deteriorat p\u0103r. \u00cengroa\u0219\u0103 \u0219i ofer\u0103 p\u0103rului vitalitate \u0219i str\u0103lucire. Acum, \u00eentr-un ambalaj modern \u0219i ergonomic, produsul t\u0103u de \u00eengrijire preferat a devenit \u0219i mai practic.<\/p>\n<p><strong>Volum:<\/strong> 10buc x 10ml<\/p>\n<p><strong>Mod de utilizare:<\/strong> Dac\u0103 este posibil, utiliza\u021bi \u0219ampon \u0219i balsam din aceea\u0219i gam\u0103 ca \u0219i serul f\u0103r\u0103 \u00eendoial\u0103. Usca\u021bi-v\u0103 p\u0103rul cu un prosop. Distribui\u021bi serul pe toat\u0103 lungimea p\u0103rului c\u0103tre v\u00e2rfuri. Piept\u0103na\u021bi-v\u0103 p\u0103rul \u0219i \u00eencepe\u021bi s\u0103 v\u0103 coafa\u021bi.<\/p>\n<p><span style=\"font-size: 100%;\"><strong>Aten\u021bie:<\/strong> numai pentru uz extern. \u00cen caz de contact cu ochii, cl\u0103ti\u021bi cu mult\u0103 ap\u0103. A nu se lasa la indemana copiilor.<\/span><\/p>","protected":false},"excerpt":{"rendered":"<p>Shot Anti-age Deep Serum Fiole &#8211; v\u0103 permite s\u0103 restabili\u021bi rapid structura p\u0103rului, f\u0103c\u00e2ndu-l mai dens \u0219i mai str\u0103lucitor.<\/p>\n","protected":false},"featured_media":2347,"template":"","meta":[],"product_brand":[296],"product_cat":[31,61,70,229],"product_tag":[],"class_list":{"0":"post-2346","1":"product","2":"type-product","3":"status-publish","4":"has-post-thumbnail","6":"product_brand-shot","7":"product_cat-ingrijirea","8":"product_cat-anti-imbatranire","9":"product_cat-toate-tipurile","10":"product_cat-serum","11":"pa_brand-shot","12":"pa_producator-italia","13":"pa_serie-care-design-anti-age","14":"pa_tip-produs-ser","15":"pa_volum-10x10-ml","17":"first","18":"instock","19":"shipping-taxable","20":"product-type-simple"},"_links":{"self":[{"href":"https:\/\/beauty-glow.md\/ro\/wp-json\/wp\/v2\/product\/2346","targetHints":{"allow":["GET"]}}],"collection":[{"href":"https:\/\/beauty-glow.md\/ro\/wp-json\/wp\/v2\/product"}],"about":[{"href":"https:\/\/beauty-glow.md\/ro\/wp-json\/wp\/v2\/types\/product"}],"wp:featuredmedia":[{"embeddable":true,"href":"https:\/\/beauty-glow.md\/ro\/wp-json\/wp\/v2\/media\/2347"}],"wp:attachment":[{"href":"https:\/\/beauty-glow.md\/ro\/wp-json\/wp\/v2\/media?parent=2346"}],"wp:term":[{"taxonomy":"product_brand","embeddable":true,"href":"https:\/\/beauty-glow.md\/ro\/wp-json\/wp\/v2\/product_brand?post=2346"},{"taxonomy":"product_cat","embeddable":true,"href":"https:\/\/beauty-glow.md\/ro\/wp-json\/wp\/v2\/product_cat?post=2346"},{"taxonomy":"product_tag","embeddable":true,"href":"https:\/\/beauty-glow.md\/ro\/wp-json\/wp\/v2\/product_tag?post=2346"}],"curies":[{"name":"wp","href":"https:\/\/api.w.org\/{rel}","templated":true}]}}