{"id":2367,"date":"2025-10-29T20:24:06","date_gmt":"2025-10-29T20:24:06","guid":{"rendered":"https:\/\/beauty-glow.md\/?post_type=product&#038;p=2367"},"modified":"2025-10-29T21:03:50","modified_gmt":"2025-10-29T21:03:50","slug":"shot-color-care-shampoo-1000ml","status":"publish","type":"product","link":"https:\/\/beauty-glow.md\/ro\/shop\/shot-color-care-shampoo-1000ml\/","title":{"rendered":"\u0218ampon pentru p\u0103r vopsit Shot Color Care Shampoo 1000ml"},"content":{"rendered":"<h2 style=\"text-align: center;\">\u0218ampon pentru p\u0103r vopsit Shot Color Care Shampoo<\/h2>\n<p>Linie profesional\u0103 de produse cosmetice pentru p\u0103r. \u201eVisez la magie pentru a avea grij\u0103 de culoarea ta\u201d<br \/>\nProtejeaz\u0103 culoarea, f\u0103c\u00e2nd-o str\u0103lucitoare \u0219i bogat\u0103 \u00een timp.<\/p>\n<p><img decoding=\"async\" class=\"wp-image-2370\" src=\"https:\/\/beauty-glow.md\/wp-content\/uploads\/2025\/10\/Beauty-glow.md-Shot-Color-Care-Serie-.jpg\" alt=\"Beauty-glow.md Shot Color Care Serie\" width=\"1047\" height=\"350\" title=\"\" srcset=\"https:\/\/beauty-glow.md\/wp-content\/uploads\/2025\/10\/Beauty-glow.md-Shot-Color-Care-Serie-.jpg 1768w, https:\/\/beauty-glow.md\/wp-content\/uploads\/2025\/10\/Beauty-glow.md-Shot-Color-Care-Serie--800x267.jpg 800w, https:\/\/beauty-glow.md\/wp-content\/uploads\/2025\/10\/Beauty-glow.md-Shot-Color-Care-Serie--1400x468.jpg 1400w, https:\/\/beauty-glow.md\/wp-content\/uploads\/2025\/10\/Beauty-glow.md-Shot-Color-Care-Serie--768x257.jpg 768w, https:\/\/beauty-glow.md\/wp-content\/uploads\/2025\/10\/Beauty-glow.md-Shot-Color-Care-Serie--1536x513.jpg 1536w, https:\/\/beauty-glow.md\/wp-content\/uploads\/2025\/10\/Beauty-glow.md-Shot-Color-Care-Serie--300x100.jpg 300w, https:\/\/beauty-glow.md\/wp-content\/uploads\/2025\/10\/Beauty-glow.md-Shot-Color-Care-Serie--600x201.jpg 600w\" sizes=\"(max-width: 1047px) 100vw, 1047px\" \/><\/p>\n<p><a href=\"https:\/\/beauty-glow.md\/attribute\/tip-produs\/sampon\/\">\u0218amponul<\/a> <a href=\"https:\/\/www.cosmeticcenter.it\/\" target=\"_blank\" rel=\"noopener\">Shot<\/a> pentru p\u0103r vopsit cur\u0103\u021b\u0103 delicat, cre\u0219te durabilitatea \u0219i str\u0103lucirea culorii, \u00een timp ce hr\u0103ne\u0219te \u0219i hidrateaz\u0103 p\u0103rul. Ingrediente active: Ceramide, fructe de padure Goji si ulei de monoi. Acum, \u00eentr-un ambalaj modern \u0219i ergonomic, produsul t\u0103u de \u00eengrijire preferat a devenit \u0219i mai practic.<\/p>\n<p><strong>Volum:<\/strong> 1000 ml<\/p>\n<p><strong>Mod de utilizare:<\/strong> Aplica\u021bi \u0219ampon pe p\u0103rul umed, masa\u021bi u\u0219or \u0219i apoi cl\u0103ti\u021bi bine cu ap\u0103. Repeta\u021bi procedura dac\u0103 este necesar.<\/p>\n<p><span style=\"font-size: 100%;\"><strong>Aten\u021bie:<\/strong> numai pentru uz extern. \u00cen caz de contact cu ochii, cl\u0103ti\u021bi cu mult\u0103 ap\u0103. A nu se lasa la indemana copiilor.<\/span><\/p>","protected":false},"excerpt":{"rendered":"<p>Shot Color Care Shampoo &#8211; pentru cur\u0103\u021barea bl\u00e2nd\u0103 \u0219i p\u0103strarea durabilit\u0103\u021bii culorii p\u0103rului vopsit.<\/p>\n","protected":false},"featured_media":2369,"template":"","meta":[],"product_brand":[296],"product_cat":[31,70,86,66,35],"product_tag":[],"class_list":{"0":"post-2367","1":"product","2":"type-product","3":"status-publish","4":"has-post-thumbnail","6":"product_brand-shot","7":"product_cat-ingrijirea","8":"product_cat-toate-tipurile","9":"product_cat-parul-vopsit","10":"product_cat-protectia-culorii","11":"product_cat-sampon","12":"pa_brand-shot","13":"pa_producator-italia","14":"pa_serie-care-design-color-care","15":"pa_tip-produs-sampon","16":"pa_volum-1000-ml","18":"first","19":"instock","20":"shipping-taxable","21":"product-type-simple"},"_links":{"self":[{"href":"https:\/\/beauty-glow.md\/ro\/wp-json\/wp\/v2\/product\/2367","targetHints":{"allow":["GET"]}}],"collection":[{"href":"https:\/\/beauty-glow.md\/ro\/wp-json\/wp\/v2\/product"}],"about":[{"href":"https:\/\/beauty-glow.md\/ro\/wp-json\/wp\/v2\/types\/product"}],"wp:featuredmedia":[{"embeddable":true,"href":"https:\/\/beauty-glow.md\/ro\/wp-json\/wp\/v2\/media\/2369"}],"wp:attachment":[{"href":"https:\/\/beauty-glow.md\/ro\/wp-json\/wp\/v2\/media?parent=2367"}],"wp:term":[{"taxonomy":"product_brand","embeddable":true,"href":"https:\/\/beauty-glow.md\/ro\/wp-json\/wp\/v2\/product_brand?post=2367"},{"taxonomy":"product_cat","embeddable":true,"href":"https:\/\/beauty-glow.md\/ro\/wp-json\/wp\/v2\/product_cat?post=2367"},{"taxonomy":"product_tag","embeddable":true,"href":"https:\/\/beauty-glow.md\/ro\/wp-json\/wp\/v2\/product_tag?post=2367"}],"curies":[{"name":"wp","href":"https:\/\/api.w.org\/{rel}","templated":true}]}}