{"id":2377,"date":"2025-10-29T20:33:30","date_gmt":"2025-10-29T20:33:30","guid":{"rendered":"https:\/\/beauty-glow.md\/?post_type=product&#038;p=2377"},"modified":"2025-10-29T21:04:08","modified_gmt":"2025-10-29T21:04:08","slug":"shot-color-care-milk-125ml","status":"publish","type":"product","link":"https:\/\/beauty-glow.md\/ro\/shop\/shot-color-care-milk-125ml\/","title":{"rendered":"Lapte pentru p\u0103r vopsit Shot Color Care Milk 125ml"},"content":{"rendered":"<h2 style=\"text-align: center;\">Lapte pentru p\u0103r vopsit Shot Color Care Milk<\/h2>\n<p>Linie profesional\u0103 de produse cosmetice pentru p\u0103r. \u201eVisez la magie pentru a avea grij\u0103 de culoarea ta\u201d<br \/>\nProtejeaz\u0103 culoarea, f\u0103c\u00e2nd-o str\u0103lucitoare \u0219i bogat\u0103 \u00een timp.<\/p>\n<p><img decoding=\"async\" class=\"wp-image-2370\" src=\"https:\/\/beauty-glow.md\/wp-content\/uploads\/2025\/10\/Beauty-glow.md-Shot-Color-Care-Serie-.jpg\" alt=\"Beauty-glow.md Shot Color Care Serie\" width=\"1047\" height=\"350\" title=\"\" srcset=\"https:\/\/beauty-glow.md\/wp-content\/uploads\/2025\/10\/Beauty-glow.md-Shot-Color-Care-Serie-.jpg 1768w, https:\/\/beauty-glow.md\/wp-content\/uploads\/2025\/10\/Beauty-glow.md-Shot-Color-Care-Serie--800x267.jpg 800w, https:\/\/beauty-glow.md\/wp-content\/uploads\/2025\/10\/Beauty-glow.md-Shot-Color-Care-Serie--1400x468.jpg 1400w, https:\/\/beauty-glow.md\/wp-content\/uploads\/2025\/10\/Beauty-glow.md-Shot-Color-Care-Serie--768x257.jpg 768w, https:\/\/beauty-glow.md\/wp-content\/uploads\/2025\/10\/Beauty-glow.md-Shot-Color-Care-Serie--1536x513.jpg 1536w, https:\/\/beauty-glow.md\/wp-content\/uploads\/2025\/10\/Beauty-glow.md-Shot-Color-Care-Serie--300x100.jpg 300w, https:\/\/beauty-glow.md\/wp-content\/uploads\/2025\/10\/Beauty-glow.md-Shot-Color-Care-Serie--600x201.jpg 600w\" sizes=\"(max-width: 1047px) 100vw, 1047px\" \/><\/p>\n<p><a href=\"https:\/\/beauty-glow.md\/tip-produs\/lapte\/\">Laptele<\/a> hr\u0103nitor Shot pentru p\u0103r vopsit &#8211; este un produs protector, hidratant \u0219i catifelant, cu efect de etan\u0219are a culorii. Ingrediente active: Ceramide, fructe de padure Goji si ulei de monoi. Acum, \u00eentr-un ambalaj modern \u0219i ergonomic, produsul t\u0103u de \u00eengrijire preferat a devenit \u0219i mai practic.<\/p>\n<p><strong>Volum:<\/strong> 125 ml<\/p>\n<p><strong>Mod de utilizare:<\/strong> Aplica\u021bi uniform pe p\u0103rul curat \u0219i umed. Nu cl\u0103ti\u021bi. \u00cencepe\u021bi s\u0103 v\u0103 coafa\u021bi \u0219i s\u0103 v\u0103 usca\u021bi p\u0103rul.<\/p>\n<p><span style=\"font-size: 100%;\"><strong>Aten\u021bie:<\/strong> numai pentru uz extern. \u00cen caz de contact cu ochii, cl\u0103ti\u021bi cu mult\u0103 ap\u0103. A nu se lasa la indemana copiilor.<\/span><\/p>","protected":false},"excerpt":{"rendered":"<p>Shot Color Care Milk &#8211; pentru hidratare \u0219i p\u0103strarea durabilit\u0103\u021bii culorii p\u0103rului vopsit.<\/p>\n","protected":false},"featured_media":2378,"template":"","meta":[],"product_brand":[296],"product_cat":[31,70,86,66,230],"product_tag":[],"class_list":{"0":"post-2377","1":"product","2":"type-product","3":"status-publish","4":"has-post-thumbnail","6":"product_brand-shot","7":"product_cat-ingrijirea","8":"product_cat-toate-tipurile","9":"product_cat-parul-vopsit","10":"product_cat-protectia-culorii","11":"product_cat-lotiune","12":"pa_brand-shot","13":"pa_producator-italia","14":"pa_serie-care-design-color-care","15":"pa_tip-produs-lapte","16":"pa_volum-125-ml","18":"first","19":"instock","20":"shipping-taxable","21":"product-type-simple"},"_links":{"self":[{"href":"https:\/\/beauty-glow.md\/ro\/wp-json\/wp\/v2\/product\/2377","targetHints":{"allow":["GET"]}}],"collection":[{"href":"https:\/\/beauty-glow.md\/ro\/wp-json\/wp\/v2\/product"}],"about":[{"href":"https:\/\/beauty-glow.md\/ro\/wp-json\/wp\/v2\/types\/product"}],"wp:featuredmedia":[{"embeddable":true,"href":"https:\/\/beauty-glow.md\/ro\/wp-json\/wp\/v2\/media\/2378"}],"wp:attachment":[{"href":"https:\/\/beauty-glow.md\/ro\/wp-json\/wp\/v2\/media?parent=2377"}],"wp:term":[{"taxonomy":"product_brand","embeddable":true,"href":"https:\/\/beauty-glow.md\/ro\/wp-json\/wp\/v2\/product_brand?post=2377"},{"taxonomy":"product_cat","embeddable":true,"href":"https:\/\/beauty-glow.md\/ro\/wp-json\/wp\/v2\/product_cat?post=2377"},{"taxonomy":"product_tag","embeddable":true,"href":"https:\/\/beauty-glow.md\/ro\/wp-json\/wp\/v2\/product_tag?post=2377"}],"curies":[{"name":"wp","href":"https:\/\/api.w.org\/{rel}","templated":true}]}}