{"id":2383,"date":"2025-10-29T20:55:50","date_gmt":"2025-10-29T20:55:50","guid":{"rendered":"https:\/\/beauty-glow.md\/?post_type=product&#038;p=2383"},"modified":"2025-10-29T21:04:23","modified_gmt":"2025-10-29T21:04:23","slug":"shot-simply-blond-shampoo-1000ml","status":"publish","type":"product","link":"https:\/\/beauty-glow.md\/ro\/shop\/shot-simply-blond-shampoo-1000ml\/","title":{"rendered":"\u0218ampon pentru p\u0103r blond Shot Simply Blond Shampoo 1000ml"},"content":{"rendered":"<h2 style=\"text-align: center;\">\u0218ampon pentru p\u0103r blond Shot Simply Blond Shampoo<\/h2>\n<p>Linie profesional\u0103 de produse cosmetice pentru p\u0103r. \u201eTe-ai n\u0103scut blond\u0103 sau ai devenit blond\u0103&#8230; principalul lucru este s\u0103 p\u0103strezi culoarea.\u201d O linie special\u0103 de hidratare pentru p\u0103rul decolorat \u0219i blond, oferindu-i str\u0103lucire \u0219i catifelare.<\/p>\n<p><img decoding=\"async\" class=\"aligncenter wp-image-2385\" src=\"https:\/\/beauty-glow.md\/wp-content\/uploads\/2025\/10\/Beauty-glow.md-Shot-Care-Design-Simply-Blond-Serie.jpg\" alt=\"Beauty-glow.md Shot Care Design Simply Blond Serie\" width=\"1054\" height=\"350\" title=\"\" srcset=\"https:\/\/beauty-glow.md\/wp-content\/uploads\/2025\/10\/Beauty-glow.md-Shot-Care-Design-Simply-Blond-Serie.jpg 1780w, https:\/\/beauty-glow.md\/wp-content\/uploads\/2025\/10\/Beauty-glow.md-Shot-Care-Design-Simply-Blond-Serie-800x266.jpg 800w, https:\/\/beauty-glow.md\/wp-content\/uploads\/2025\/10\/Beauty-glow.md-Shot-Care-Design-Simply-Blond-Serie-1400x465.jpg 1400w, https:\/\/beauty-glow.md\/wp-content\/uploads\/2025\/10\/Beauty-glow.md-Shot-Care-Design-Simply-Blond-Serie-768x255.jpg 768w, https:\/\/beauty-glow.md\/wp-content\/uploads\/2025\/10\/Beauty-glow.md-Shot-Care-Design-Simply-Blond-Serie-1536x510.jpg 1536w, https:\/\/beauty-glow.md\/wp-content\/uploads\/2025\/10\/Beauty-glow.md-Shot-Care-Design-Simply-Blond-Serie-300x100.jpg 300w, https:\/\/beauty-glow.md\/wp-content\/uploads\/2025\/10\/Beauty-glow.md-Shot-Care-Design-Simply-Blond-Serie-600x199.jpg 600w\" sizes=\"(max-width: 1054px) 100vw, 1054px\" \/><\/p>\n<p><a href=\"https:\/\/beauty-glow.md\/attribute\/tip-produs\/sampon\/\">\u0218amponul<\/a> <a href=\"https:\/\/www.cosmeticcenter.it\/\" target=\"_blank\" rel=\"noopener\">Shot<\/a> pentru p\u0103rul blond \u0219i decolorat. Formula cu Elastin\u0103, ulei de Macadamia, proteine \u200b\u200bdin lapte hr\u0103ne\u0219te, \u201ere\u00eenvie\u201d p\u0103rul, \u00eel face elastic \u0219i moale. Formula bl\u00e2nd\u0103, f\u0103r\u0103 SLES, siliconi \u0219i parabeni, pentru siguran\u021b\u0103 maxim\u0103 de utilizare. Ideal pentru utilizare frecvent\u0103 pe toate tipurile de p\u0103r, chiar \u0219i p\u0103rul fragil \u0219i sensibil. Acum, \u00eentr-un ambalaj modern \u0219i ergonomic, produsul t\u0103u de \u00eengrijire preferat a devenit \u0219i mai practic.<\/p>\n<p><strong>Volum:<\/strong> 1000 ml<\/p>\n<p><strong>Mod de utilizare:<\/strong> Aplica\u021bi \u0219ampon pe p\u0103rul umed, masa\u021bi u\u0219or \u0219i apoi cl\u0103ti\u021bi bine cu ap\u0103. Repeta\u021bi procedura dac\u0103 este necesar.<\/p>\n<p><span style=\"font-size: 100%;\"><strong>Aten\u021bie:<\/strong> numai pentru uz extern. \u00cen caz de contact cu ochii, cl\u0103ti\u021bi cu mult\u0103 ap\u0103. A nu se lasa la indemana copiilor.<\/span><\/p>","protected":false},"excerpt":{"rendered":"<p>Shot Simply Blond Shampoo &#8211; pentru p\u0103rul blond \u0219i decolorat.<\/p>\n","protected":false},"featured_media":2384,"template":"","meta":[],"product_brand":[296],"product_cat":[31,70,86,66,35],"product_tag":[],"class_list":{"0":"post-2383","1":"product","2":"type-product","3":"status-publish","4":"has-post-thumbnail","6":"product_brand-shot","7":"product_cat-ingrijirea","8":"product_cat-toate-tipurile","9":"product_cat-parul-vopsit","10":"product_cat-protectia-culorii","11":"product_cat-sampon","12":"pa_brand-shot","13":"pa_producator-italia","14":"pa_serie-care-design-simply-blond","15":"pa_tip-produs-sampon","16":"pa_volum-1000-ml","18":"first","19":"instock","20":"shipping-taxable","21":"product-type-simple"},"_links":{"self":[{"href":"https:\/\/beauty-glow.md\/ro\/wp-json\/wp\/v2\/product\/2383","targetHints":{"allow":["GET"]}}],"collection":[{"href":"https:\/\/beauty-glow.md\/ro\/wp-json\/wp\/v2\/product"}],"about":[{"href":"https:\/\/beauty-glow.md\/ro\/wp-json\/wp\/v2\/types\/product"}],"wp:featuredmedia":[{"embeddable":true,"href":"https:\/\/beauty-glow.md\/ro\/wp-json\/wp\/v2\/media\/2384"}],"wp:attachment":[{"href":"https:\/\/beauty-glow.md\/ro\/wp-json\/wp\/v2\/media?parent=2383"}],"wp:term":[{"taxonomy":"product_brand","embeddable":true,"href":"https:\/\/beauty-glow.md\/ro\/wp-json\/wp\/v2\/product_brand?post=2383"},{"taxonomy":"product_cat","embeddable":true,"href":"https:\/\/beauty-glow.md\/ro\/wp-json\/wp\/v2\/product_cat?post=2383"},{"taxonomy":"product_tag","embeddable":true,"href":"https:\/\/beauty-glow.md\/ro\/wp-json\/wp\/v2\/product_tag?post=2383"}],"curies":[{"name":"wp","href":"https:\/\/api.w.org\/{rel}","templated":true}]}}