{"id":2398,"date":"2025-10-30T10:02:39","date_gmt":"2025-10-30T10:02:39","guid":{"rendered":"https:\/\/beauty-glow.md\/?post_type=product&#038;p=2398"},"modified":"2025-10-30T10:11:01","modified_gmt":"2025-10-30T10:11:01","slug":"shot-texturizing-shampoo-1000ml","status":"publish","type":"product","link":"https:\/\/beauty-glow.md\/ro\/shop\/shot-texturizing-shampoo-1000ml\/","title":{"rendered":"\u0218ampon pentru p\u0103rul cre\u021b Shot Texturizing Shampoo 1000ml"},"content":{"rendered":"<h2 style=\"text-align: center;\">\u0218ampon pentru p\u0103rul cre\u021b Shot Texturizing Shampoo<\/h2>\n<p>O linie profesional\u0103 de produse cosmetice pentru p\u0103r fin \u0219i cre\u021b. Aceast\u0103 serie de produse cosmetice este special conceput\u0103 pentru a ad\u0103uga volum, hidratare, control \u0219i elasticitate p\u0103rului.<\/p>\n<p><img decoding=\"async\" class=\"aligncenter wp-image-2401\" src=\"https:\/\/beauty-glow.md\/wp-content\/uploads\/2025\/10\/Beauty-glow.md-Shot-Scalp-Purifying-Serie-1-1.jpg\" alt=\"Beauty-glow.md Shot Scalp Purifying Serie\" width=\"693\" height=\"350\" title=\"\" srcset=\"https:\/\/beauty-glow.md\/wp-content\/uploads\/2025\/10\/Beauty-glow.md-Shot-Scalp-Purifying-Serie-1-1.jpg 1920w, https:\/\/beauty-glow.md\/wp-content\/uploads\/2025\/10\/Beauty-glow.md-Shot-Scalp-Purifying-Serie-1-1-792x400.jpg 792w, https:\/\/beauty-glow.md\/wp-content\/uploads\/2025\/10\/Beauty-glow.md-Shot-Scalp-Purifying-Serie-1-1-1400x707.jpg 1400w, https:\/\/beauty-glow.md\/wp-content\/uploads\/2025\/10\/Beauty-glow.md-Shot-Scalp-Purifying-Serie-1-1-768x388.jpg 768w, https:\/\/beauty-glow.md\/wp-content\/uploads\/2025\/10\/Beauty-glow.md-Shot-Scalp-Purifying-Serie-1-1-1536x776.jpg 1536w, https:\/\/beauty-glow.md\/wp-content\/uploads\/2025\/10\/Beauty-glow.md-Shot-Scalp-Purifying-Serie-1-1-300x152.jpg 300w, https:\/\/beauty-glow.md\/wp-content\/uploads\/2025\/10\/Beauty-glow.md-Shot-Scalp-Purifying-Serie-1-1-600x303.jpg 600w\" sizes=\"(max-width: 693px) 100vw, 693px\" \/><\/p>\n<p><a href=\"https:\/\/beauty-glow.md\/attribute\/tip-produs\/sampon\/\">\u0218amponul<\/a> <a href=\"https:\/\/www.cosmeticcenter.it\/\" target=\"_blank\" rel=\"noopener\">Shot<\/a> &#8211; perfect pentru a adauga volum p\u0103rului sub\u021bire, hr\u0103nirea \u0219i elasticizarea p\u0103rului cre\u021b, reducerea electricit\u0103\u021bii statice \u0219i a \u00eencre\u021birii. F\u0103r\u0103 SLES, SLS \u0219i parabeni.<\/p>\n<div>Acid hialuronic: Ofer\u0103 elasticitate, str\u0103lucire \u0219i hidratare. Protejeaz\u0103 \u00eempotriva agresorilor din mediu.<\/div>\n<div>Elastina: Hidrateaz\u0103 \u00een profunzime, oferind p\u0103rului elasticitate \u0219i rezisten\u021b\u0103 excep\u021bionale.<\/div>\n<div>Q10: Ofer\u0103 str\u0103lucire, moliciune \u0219i elasticitate \u0219i ofer\u0103, de asemenea, importante beneficii anti-\u00eemb\u0103tr\u00e2nire.<\/div>\n<div>Piper negru: Are activitate antioxidant\u0103 ridicat\u0103, care poate contracara c\u0103derea prematur\u0103 a p\u0103rului.<\/div>\n<p><strong>Volum:<\/strong> 1000 ml<\/p>\n<p><strong>Mod de utilizare:<\/strong> Aplica\u021bi \u0219ampon pe p\u0103rul umed, masa\u021bi u\u0219or \u0219i apoi cl\u0103ti\u021bi bine cu ap\u0103. Repeta\u021bi procedura dac\u0103 este necesar.<\/p>\n<p><span style=\"font-size: 100%;\"><strong>Aten\u021bie:<\/strong> numai pentru uz extern. \u00cen caz de contact cu ochii, cl\u0103ti\u021bi cu mult\u0103 ap\u0103. A nu se lasa la indemana copiilor.<\/span><\/p>","protected":false},"excerpt":{"rendered":"<p>Shot Texturizing Shampoo &#8211; pentru a adauga volum p\u0103rului sub\u021bire, hr\u0103nirea \u0219i elasticizarea p\u0103rului cre\u021b.<\/p>\n","protected":false},"featured_media":2400,"template":"","meta":[],"product_brand":[296],"product_cat":[31,67,70,62,35],"product_tag":[],"class_list":{"0":"post-2398","1":"product","2":"type-product","3":"status-publish","4":"has-post-thumbnail","6":"product_brand-shot","7":"product_cat-ingrijirea","8":"product_cat-parul-ondulat","9":"product_cat-toate-tipurile","10":"product_cat-volumul-parului","11":"product_cat-sampon","12":"pa_brand-shot","13":"pa_producator-italia","14":"pa_serie-care-design-texturizing","15":"pa_tip-produs-sampon","16":"pa_volum-1000-ml","18":"first","19":"instock","20":"shipping-taxable","21":"product-type-simple"},"_links":{"self":[{"href":"https:\/\/beauty-glow.md\/ro\/wp-json\/wp\/v2\/product\/2398","targetHints":{"allow":["GET"]}}],"collection":[{"href":"https:\/\/beauty-glow.md\/ro\/wp-json\/wp\/v2\/product"}],"about":[{"href":"https:\/\/beauty-glow.md\/ro\/wp-json\/wp\/v2\/types\/product"}],"wp:featuredmedia":[{"embeddable":true,"href":"https:\/\/beauty-glow.md\/ro\/wp-json\/wp\/v2\/media\/2400"}],"wp:attachment":[{"href":"https:\/\/beauty-glow.md\/ro\/wp-json\/wp\/v2\/media?parent=2398"}],"wp:term":[{"taxonomy":"product_brand","embeddable":true,"href":"https:\/\/beauty-glow.md\/ro\/wp-json\/wp\/v2\/product_brand?post=2398"},{"taxonomy":"product_cat","embeddable":true,"href":"https:\/\/beauty-glow.md\/ro\/wp-json\/wp\/v2\/product_cat?post=2398"},{"taxonomy":"product_tag","embeddable":true,"href":"https:\/\/beauty-glow.md\/ro\/wp-json\/wp\/v2\/product_tag?post=2398"}],"curies":[{"name":"wp","href":"https:\/\/api.w.org\/{rel}","templated":true}]}}