{"id":2408,"date":"2025-10-30T10:25:33","date_gmt":"2025-10-30T10:25:33","guid":{"rendered":"https:\/\/beauty-glow.md\/?post_type=product&#038;p=2408"},"modified":"2025-10-30T10:32:33","modified_gmt":"2025-10-30T10:32:33","slug":"shot-texturizing-daily-dew-125ml","status":"publish","type":"product","link":"https:\/\/beauty-glow.md\/ro\/shop\/shot-texturizing-daily-dew-125ml\/","title":{"rendered":"Spray texturant pentru p\u0103rul cre\u021b Shot Texturizing Daily Dew 125ml"},"content":{"rendered":"<h2 style=\"text-align: center;\">Spray texturant pentru p\u0103rul cre\u021b Shot Texturizing Daily Dew<\/h2>\n<p>O linie profesional\u0103 de produse cosmetice pentru p\u0103r fin \u0219i cre\u021b. Aceast\u0103 serie de produse cosmetice este special conceput\u0103 pentru a ad\u0103uga volum, hidratare, control \u0219i elasticitate p\u0103rului.<\/p>\n<p><img decoding=\"async\" class=\"aligncenter wp-image-2401\" src=\"https:\/\/beauty-glow.md\/wp-content\/uploads\/2025\/10\/Beauty-glow.md-Shot-Scalp-Purifying-Serie-1-1.jpg\" alt=\"Beauty-glow.md Shot Scalp Purifying Serie\" width=\"693\" height=\"350\" title=\"\" srcset=\"https:\/\/beauty-glow.md\/wp-content\/uploads\/2025\/10\/Beauty-glow.md-Shot-Scalp-Purifying-Serie-1-1.jpg 1920w, https:\/\/beauty-glow.md\/wp-content\/uploads\/2025\/10\/Beauty-glow.md-Shot-Scalp-Purifying-Serie-1-1-792x400.jpg 792w, https:\/\/beauty-glow.md\/wp-content\/uploads\/2025\/10\/Beauty-glow.md-Shot-Scalp-Purifying-Serie-1-1-1400x707.jpg 1400w, https:\/\/beauty-glow.md\/wp-content\/uploads\/2025\/10\/Beauty-glow.md-Shot-Scalp-Purifying-Serie-1-1-768x388.jpg 768w, https:\/\/beauty-glow.md\/wp-content\/uploads\/2025\/10\/Beauty-glow.md-Shot-Scalp-Purifying-Serie-1-1-1536x776.jpg 1536w, https:\/\/beauty-glow.md\/wp-content\/uploads\/2025\/10\/Beauty-glow.md-Shot-Scalp-Purifying-Serie-1-1-300x152.jpg 300w, https:\/\/beauty-glow.md\/wp-content\/uploads\/2025\/10\/Beauty-glow.md-Shot-Scalp-Purifying-Serie-1-1-600x303.jpg 600w\" sizes=\"(max-width: 693px) 100vw, 693px\" \/><\/p>\n<p><a href=\"https:\/\/beauty-glow.md\/tip-produs\/spray\/\">Spray<\/a> de styling <a href=\"https:\/\/www.cosmeticcenter.it\/\" target=\"_blank\" rel=\"noopener\">Shot<\/a> &#8211; spray texturizant zilnic pentru a oferi sus\u021binere \u0219i textur\u0103 p\u0103rului sub\u021bire \u0219i\/sau a accentua buclele.<\/p>\n<p>Ginseng: ac\u021bioneaz\u0103 ca energizant, \u00eent\u0103rind p\u0103rul \u0219i stimul\u00e2nd microcircula\u021bia pielii.<br \/>\nAcid hialuronic: adaug\u0103 elasticitate, str\u0103lucire \u0219i hidratare. Protejeaz\u0103 \u00eempotriva influen\u021belor externe.<br \/>\nElastina: hidrateaz\u0103 \u00een profunzime, oferind p\u0103rului o elasticitate \u0219i o rezisten\u021b\u0103 excep\u021bionale.<br \/>\nQ10: Adaug\u0103 str\u0103lucire, moliciune \u0219i elasticitate \u0219i are, de asemenea, un important efect anti-\u00eemb\u0103tr\u00e2nire.<br \/>\nPiper negru: Are o activitate antioxidant\u0103 ridicat\u0103, care poate contracara c\u0103derea prematur\u0103 a p\u0103rului.<\/p>\n<p><strong>Volum:<\/strong> 125 ml<\/p>\n<p><strong>Mod de utilizare:<\/strong> pulveriza\u021bi pe p\u0103r \u0219i continua\u021bi cu coafarea dorit\u0103.<\/p>\n<p><span style=\"font-size: 100%;\"><strong>Aten\u021bie:<\/strong> numai pentru uz extern. \u00cen caz de contact cu ochii, cl\u0103ti\u021bi cu mult\u0103 ap\u0103. A nu se lasa la indemana copiilor.<\/span><\/p>","protected":false},"excerpt":{"rendered":"<p>Shot Texturizing Daily Dew &#8211; \u00eent\u0103re\u0219te p\u0103rul, \u00eei confer\u0103 elasticitate, str\u0103lucire \u0219i hidratare.<\/p>\n","protected":false},"featured_media":2409,"template":"","meta":[],"product_brand":[296],"product_cat":[62,67,70,246],"product_tag":[],"class_list":{"0":"post-2408","1":"product","2":"type-product","3":"status-publish","4":"has-post-thumbnail","6":"product_brand-shot","7":"product_cat-volumul-parului","8":"product_cat-parul-ondulat","9":"product_cat-toate-tipurile","10":"product_cat-lac-si-spray","11":"pa_brand-shot","12":"pa_producator-italia","13":"pa_serie-care-design-texturizing","14":"pa_tip-produs-spray","15":"pa_volum-125-ml","17":"first","18":"instock","19":"shipping-taxable","20":"product-type-simple"},"_links":{"self":[{"href":"https:\/\/beauty-glow.md\/ro\/wp-json\/wp\/v2\/product\/2408","targetHints":{"allow":["GET"]}}],"collection":[{"href":"https:\/\/beauty-glow.md\/ro\/wp-json\/wp\/v2\/product"}],"about":[{"href":"https:\/\/beauty-glow.md\/ro\/wp-json\/wp\/v2\/types\/product"}],"wp:featuredmedia":[{"embeddable":true,"href":"https:\/\/beauty-glow.md\/ro\/wp-json\/wp\/v2\/media\/2409"}],"wp:attachment":[{"href":"https:\/\/beauty-glow.md\/ro\/wp-json\/wp\/v2\/media?parent=2408"}],"wp:term":[{"taxonomy":"product_brand","embeddable":true,"href":"https:\/\/beauty-glow.md\/ro\/wp-json\/wp\/v2\/product_brand?post=2408"},{"taxonomy":"product_cat","embeddable":true,"href":"https:\/\/beauty-glow.md\/ro\/wp-json\/wp\/v2\/product_cat?post=2408"},{"taxonomy":"product_tag","embeddable":true,"href":"https:\/\/beauty-glow.md\/ro\/wp-json\/wp\/v2\/product_tag?post=2408"}],"curies":[{"name":"wp","href":"https:\/\/api.w.org\/{rel}","templated":true}]}}