{"id":2446,"date":"2025-10-30T17:48:09","date_gmt":"2025-10-30T17:48:09","guid":{"rendered":"https:\/\/beauty-glow.md\/?post_type=product&#038;p=2446"},"modified":"2025-10-30T18:10:33","modified_gmt":"2025-10-30T18:10:33","slug":"kezy-waving-perm-2","status":"publish","type":"product","link":"https:\/\/beauty-glow.md\/ro\/shop\/kezy-waving-perm-2\/","title":{"rendered":"Modulator pentru ondulare permanent\u0103 Kezy Waving Perm 2 1000ml"},"content":{"rendered":"<h2 style=\"text-align: center;\">Modulator pentru ondulare permanent\u0103Kezy Waving Perm 2<\/h2>\n<p><img decoding=\"async\" class=\"alignleft wp-image-2445 \" src=\"https:\/\/beauty-glow.md\/wp-content\/uploads\/2025\/10\/Beauty-glow.md-Kezy-Perma-Serie.jpg\" alt=\"Beauty-glow.md Kezy Perma Serie\" width=\"320\" height=\"320\" title=\"\" srcset=\"https:\/\/beauty-glow.md\/wp-content\/uploads\/2025\/10\/Beauty-glow.md-Kezy-Perma-Serie.jpg 1000w, https:\/\/beauty-glow.md\/wp-content\/uploads\/2025\/10\/Beauty-glow.md-Kezy-Perma-Serie-400x400.jpg 400w, https:\/\/beauty-glow.md\/wp-content\/uploads\/2025\/10\/Beauty-glow.md-Kezy-Perma-Serie-800x800.jpg 800w, https:\/\/beauty-glow.md\/wp-content\/uploads\/2025\/10\/Beauty-glow.md-Kezy-Perma-Serie-280x280.jpg 280w, https:\/\/beauty-glow.md\/wp-content\/uploads\/2025\/10\/Beauty-glow.md-Kezy-Perma-Serie-768x768.jpg 768w, https:\/\/beauty-glow.md\/wp-content\/uploads\/2025\/10\/Beauty-glow.md-Kezy-Perma-Serie-300x300.jpg 300w, https:\/\/beauty-glow.md\/wp-content\/uploads\/2025\/10\/Beauty-glow.md-Kezy-Perma-Serie-600x600.jpg 600w, https:\/\/beauty-glow.md\/wp-content\/uploads\/2025\/10\/Beauty-glow.md-Kezy-Perma-Serie-100x100.jpg 100w\" sizes=\"(max-width: 320px) 100vw, 320px\" \/><br \/>\n<a href=\"https:\/\/beauty-glow.md\/tip-produs\/modulator\/\">Modulator<\/a> <a href=\"https:\/\/beauty-glow.md\/tip-produs\/fixativ-de-permanent\/\">Kezy<\/a>. O formul\u0103 de ondulare special conceput\u0103 pentru p\u0103rul tratat\/vopsit. Acest produs dezvoltat unic creeaz\u0103 valuri sau bucle definite \u0219i de lung\u0103 durat\u0103, f\u0103r\u0103 a deteriora structura p\u0103rului sau a irita scalpul. Con\u021bin\u00e2nd emolien\u021bi, p\u0103rul r\u0103m\u00e2ne moale, neted \u0219i f\u0103r\u0103 electrizare. Culoarea \u0219i str\u0103lucirea sunt p\u0103strate.<\/p>\n<div>Remedex restaureaz\u0103 \u0219i sigileaz\u0103 cuticulele deteriorate, creeaz\u0103 o pelicul\u0103 protectoare puternic\u0103, hr\u0103ne\u0219te \u0219i hidrateaz\u0103. Complexul proteic cre\u0219te hidratarea, adaug\u0103 str\u0103lucire \u0219i elasticitate.<\/div>\n<p><strong>pH:\u00a0<\/strong>8.0-9.0<\/p>\n<p><strong>Volum:<\/strong> 1000 ml<\/p>\n<p><strong>Mod de utilizare: <\/strong>Aplica\u021bi produsul pe p\u0103rul sp\u0103lat, uscat cu prosopul \u0219i ondulat cu bigudiuri. L\u0103sa\u021bi s\u0103 ac\u021bioneze 8-12 minute. Pute\u021bi l\u0103sa produsul s\u0103 ac\u021bioneze mai mult timp, dar nu uita\u021bi s\u0103 verifica\u021bi forma buclelor desf\u0103c\u00e2nd bigudiurile la fiecare 5 minute. Cl\u0103ti\u021bi cu ap\u0103 cald\u0103 dup\u0103 5 minute. Fixa\u021bi onduleurile sau buclele cu Perma Fix.<\/p>\n<p><span style=\"font-size: 100%;\">Aten\u021bie: numai pentru uz extern. \u00cen caz de contact cu ochii, cl\u0103ti\u021bi cu mult\u0103 ap\u0103. A nu se lasa la indemana copiilor.<\/span><\/p>","protected":false},"excerpt":{"rendered":"<p>Kezy Waving Perm 2 &#8211; face procedura de ondulare permanent\u0103 mai modern\u0103 \u0219i mai eficient\u0103.<\/p>\n","protected":false},"featured_media":2447,"template":"","meta":[],"product_brand":[288],"product_cat":[140,175],"product_tag":[],"class_list":{"0":"post-2446","1":"product","2":"type-product","3":"status-publish","4":"has-post-thumbnail","6":"product_brand-kezy","7":"product_cat-ondulare-permanenta","8":"product_cat-produse-pentru-saloane","9":"pa_brand-kezy","10":"pa_producator-italia","11":"pa_serie-kezy-perm","12":"pa_tip-produs-modulator","13":"pa_volum-1000-ml","15":"first","16":"instock","17":"shipping-taxable","18":"product-type-simple"},"_links":{"self":[{"href":"https:\/\/beauty-glow.md\/ro\/wp-json\/wp\/v2\/product\/2446","targetHints":{"allow":["GET"]}}],"collection":[{"href":"https:\/\/beauty-glow.md\/ro\/wp-json\/wp\/v2\/product"}],"about":[{"href":"https:\/\/beauty-glow.md\/ro\/wp-json\/wp\/v2\/types\/product"}],"wp:featuredmedia":[{"embeddable":true,"href":"https:\/\/beauty-glow.md\/ro\/wp-json\/wp\/v2\/media\/2447"}],"wp:attachment":[{"href":"https:\/\/beauty-glow.md\/ro\/wp-json\/wp\/v2\/media?parent=2446"}],"wp:term":[{"taxonomy":"product_brand","embeddable":true,"href":"https:\/\/beauty-glow.md\/ro\/wp-json\/wp\/v2\/product_brand?post=2446"},{"taxonomy":"product_cat","embeddable":true,"href":"https:\/\/beauty-glow.md\/ro\/wp-json\/wp\/v2\/product_cat?post=2446"},{"taxonomy":"product_tag","embeddable":true,"href":"https:\/\/beauty-glow.md\/ro\/wp-json\/wp\/v2\/product_tag?post=2446"}],"curies":[{"name":"wp","href":"https:\/\/api.w.org\/{rel}","templated":true}]}}