{"id":2448,"date":"2025-10-30T18:00:50","date_gmt":"2025-10-30T18:00:50","guid":{"rendered":"https:\/\/beauty-glow.md\/?post_type=product&#038;p=2448"},"modified":"2025-10-30T18:10:28","modified_gmt":"2025-10-30T18:10:28","slug":"kezy-waving-perm-1","status":"publish","type":"product","link":"https:\/\/beauty-glow.md\/ro\/shop\/kezy-waving-perm-1\/","title":{"rendered":"Modulator pentru ondulare permanent\u0103 Kezy Waving Perm 1 1000ml"},"content":{"rendered":"<h2 style=\"text-align: center;\">Modulator pentru ondulare permanent\u0103 Kezy Waving Perm 1<\/h2>\n<p><img decoding=\"async\" class=\"alignleft wp-image-2445 \" src=\"https:\/\/beauty-glow.md\/wp-content\/uploads\/2025\/10\/Beauty-glow.md-Kezy-Perma-Serie.jpg\" alt=\"Beauty-glow.md Kezy Perma Serie\" width=\"320\" height=\"320\" title=\"\" srcset=\"https:\/\/beauty-glow.md\/wp-content\/uploads\/2025\/10\/Beauty-glow.md-Kezy-Perma-Serie.jpg 1000w, https:\/\/beauty-glow.md\/wp-content\/uploads\/2025\/10\/Beauty-glow.md-Kezy-Perma-Serie-400x400.jpg 400w, https:\/\/beauty-glow.md\/wp-content\/uploads\/2025\/10\/Beauty-glow.md-Kezy-Perma-Serie-800x800.jpg 800w, https:\/\/beauty-glow.md\/wp-content\/uploads\/2025\/10\/Beauty-glow.md-Kezy-Perma-Serie-280x280.jpg 280w, https:\/\/beauty-glow.md\/wp-content\/uploads\/2025\/10\/Beauty-glow.md-Kezy-Perma-Serie-768x768.jpg 768w, https:\/\/beauty-glow.md\/wp-content\/uploads\/2025\/10\/Beauty-glow.md-Kezy-Perma-Serie-300x300.jpg 300w, https:\/\/beauty-glow.md\/wp-content\/uploads\/2025\/10\/Beauty-glow.md-Kezy-Perma-Serie-600x600.jpg 600w, https:\/\/beauty-glow.md\/wp-content\/uploads\/2025\/10\/Beauty-glow.md-Kezy-Perma-Serie-100x100.jpg 100w\" sizes=\"(max-width: 320px) 100vw, 320px\" \/><\/p>\n<div><a href=\"https:\/\/beauty-glow.md\/tip-produs\/modulator\/\">Modulator<\/a>\u00a0<a href=\"https:\/\/www.kezy.it\/\" target=\"_blank\" rel=\"noopener\">Kezy<\/a> Perm este o formul\u0103 profesional\u0103 pentru crearea de onduleuri \u0219i bucle de lung\u0103 durat\u0103 pe p\u0103rul netratat (natural). Aceast\u0103 formul\u0103 vegan\u0103, f\u0103r\u0103 ingrediente de origine animal\u0103, este conceput\u0103 pentru a fi delicat\u0103 cu scalpul \u0219i structura p\u0103rului.<\/div>\n<div><\/div>\n<div>Creeaz\u0103 bucle definite \u0219i de lung\u0103 durat\u0103, las\u0103 p\u0103rul moale, elimin\u0103 \u00eencre\u021birea \u0219i men\u021bine culoarea. Remedex restaureaz\u0103 \u0219i sigileaz\u0103 cuticulele deteriorate, creeaz\u0103 o pelicul\u0103 protectoare puternic\u0103, hr\u0103ne\u0219te \u0219i hidrateaz\u0103. Complexul proteic cre\u0219te hidratarea, adaug\u0103 str\u0103lucire \u0219i elasticitate.<\/div>\n<p><strong>pH:\u00a0<\/strong>8.0-9.0<\/p>\n<p><strong>Volum:<\/strong> 1000 ml<\/p>\n<p><strong>Mod de utilizare:<\/strong>\u00a0Aplica\u021bi produsul pe p\u0103rul sp\u0103lat, \u0219terg\u0103tor cu prosopul \u0219i ondulat cu bigudiuri. L\u0103sa\u021bi s\u0103 ac\u021bioneze 15 minute. Cl\u0103ti\u021bi cu ap\u0103 cald\u0103 dup\u0103 5 minute. Fixa\u021bi onduleurile sau buclele cu Perma Fix \u0219i l\u0103sa\u021bi s\u0103 ac\u021bioneze \u00eenc\u0103 5 minute.<\/p>\n<p><span style=\"font-size: 100%;\"><strong>Aten\u021bie:<\/strong> numai pentru uz extern. \u00cen caz de contact cu ochii, cl\u0103ti\u021bi cu mult\u0103 ap\u0103. A nu se lasa la indemana copiilor.<\/span><\/p>","protected":false},"excerpt":{"rendered":"<p>Kezy Waving Perm 1 &#8211; face procedura de ondulare permanent\u0103 mai modern\u0103 \u0219i mai eficient\u0103.<\/p>\n","protected":false},"featured_media":2449,"template":"","meta":[],"product_brand":[288],"product_cat":[140,175],"product_tag":[],"class_list":{"0":"post-2448","1":"product","2":"type-product","3":"status-publish","4":"has-post-thumbnail","6":"product_brand-kezy","7":"product_cat-ondulare-permanenta","8":"product_cat-produse-pentru-saloane","9":"pa_brand-kezy","10":"pa_producator-italia","11":"pa_serie-kezy-perm","12":"pa_tip-produs-modulator","13":"pa_volum-1000-ml","15":"first","16":"instock","17":"shipping-taxable","18":"product-type-simple"},"_links":{"self":[{"href":"https:\/\/beauty-glow.md\/ro\/wp-json\/wp\/v2\/product\/2448","targetHints":{"allow":["GET"]}}],"collection":[{"href":"https:\/\/beauty-glow.md\/ro\/wp-json\/wp\/v2\/product"}],"about":[{"href":"https:\/\/beauty-glow.md\/ro\/wp-json\/wp\/v2\/types\/product"}],"wp:featuredmedia":[{"embeddable":true,"href":"https:\/\/beauty-glow.md\/ro\/wp-json\/wp\/v2\/media\/2449"}],"wp:attachment":[{"href":"https:\/\/beauty-glow.md\/ro\/wp-json\/wp\/v2\/media?parent=2448"}],"wp:term":[{"taxonomy":"product_brand","embeddable":true,"href":"https:\/\/beauty-glow.md\/ro\/wp-json\/wp\/v2\/product_brand?post=2448"},{"taxonomy":"product_cat","embeddable":true,"href":"https:\/\/beauty-glow.md\/ro\/wp-json\/wp\/v2\/product_cat?post=2448"},{"taxonomy":"product_tag","embeddable":true,"href":"https:\/\/beauty-glow.md\/ro\/wp-json\/wp\/v2\/product_tag?post=2448"}],"curies":[{"name":"wp","href":"https:\/\/api.w.org\/{rel}","templated":true}]}}