{"id":2549,"date":"2025-10-31T20:40:18","date_gmt":"2025-10-31T20:40:18","guid":{"rendered":"https:\/\/beauty-glow.md\/?post_type=product&#038;p=2549"},"modified":"2025-10-31T20:54:26","modified_gmt":"2025-10-31T20:54:26","slug":"right-color-k-omplex-serum","status":"publish","type":"product","link":"https:\/\/beauty-glow.md\/ro\/shop\/right-color-k-omplex-serum\/","title":{"rendered":"Ser de p\u0103r cu keratin\u0103 Right Color K-omplex Serum 300ml"},"content":{"rendered":"<h2 style=\"text-align: center;\">Ser de p\u0103r cu keratin\u0103 Right Color K-omplex Serum<\/h2>\n<p>Un sistem profesional de keratin\u0103 care ofer\u0103 efecte eficiente de protec\u021bie \u0219i restaurare a p\u0103rului \u00een timpul tratamentelor chimice precum colorarea, decolorarea \u0219i ondularea permanent\u0103.<\/p>\n<p><img decoding=\"async\" class=\"wp-image-2551 alignleft\" src=\"https:\/\/beauty-glow.md\/wp-content\/uploads\/2025\/10\/Beauty-glow.md-K-omplex-Serie.jpg\" alt=\"Beauty-glow.md K-omplex Serie\" width=\"300\" height=\"300\" title=\"\" srcset=\"https:\/\/beauty-glow.md\/wp-content\/uploads\/2025\/10\/Beauty-glow.md-K-omplex-Serie.jpg 1920w, https:\/\/beauty-glow.md\/wp-content\/uploads\/2025\/10\/Beauty-glow.md-K-omplex-Serie-400x400.jpg 400w, https:\/\/beauty-glow.md\/wp-content\/uploads\/2025\/10\/Beauty-glow.md-K-omplex-Serie-800x800.jpg 800w, https:\/\/beauty-glow.md\/wp-content\/uploads\/2025\/10\/Beauty-glow.md-K-omplex-Serie-280x280.jpg 280w, https:\/\/beauty-glow.md\/wp-content\/uploads\/2025\/10\/Beauty-glow.md-K-omplex-Serie-768x768.jpg 768w, https:\/\/beauty-glow.md\/wp-content\/uploads\/2025\/10\/Beauty-glow.md-K-omplex-Serie-1536x1536.jpg 1536w, https:\/\/beauty-glow.md\/wp-content\/uploads\/2025\/10\/Beauty-glow.md-K-omplex-Serie-300x300.jpg 300w, https:\/\/beauty-glow.md\/wp-content\/uploads\/2025\/10\/Beauty-glow.md-K-omplex-Serie-600x600.jpg 600w, https:\/\/beauty-glow.md\/wp-content\/uploads\/2025\/10\/Beauty-glow.md-K-omplex-Serie-100x100.jpg 100w\" sizes=\"(max-width: 300px) 100vw, 300px\" \/><a href=\"https:\/\/beauty-glow.md\/tip-produs\/ser\/\">Ser<\/a>\u00a0<a href=\"https:\/\/rightcolor.it\/\" target=\"_blank\" rel=\"noopener\">Right Color<\/a> \u2014 prima faz\u0103 a restaur\u0103rii. \u00cent\u0103re\u0219te p\u0103rul sl\u0103bit cu keratin\u0103 \u0219i cre\u0219te rezisten\u021ba p\u0103rului la rupere f\u0103r\u0103 a interfera cu procesul de tratament chimic.<\/p>\n<ul>\n<li>Protejeaz\u0103 \u00eempotriva ruperii p\u0103rului<\/li>\n<li>\u00cent\u0103rie\u0219te v\u00e2rfurile p\u0103rului sl\u0103bite de tratamentele chimice<\/li>\n<li>Restaureaz\u0103 fibrele capilare<\/li>\n<li>Previne ruperea p\u0103rului<\/li>\n<\/ul>\n<p>Finaliza\u021bi tratamentul cu balsamul Right Color K-complex No. 2. Al doilea pas completeaz\u0103 tratamentul \u0219i consolideaz\u0103 rezultatele acestuia.<\/p>\n<p><strong>Volum:<\/strong> 300 ml<\/p>\n<p><span style=\"font-size: 100%;\"><strong>Aten\u021bie:<\/strong> numai pentru uz extern. \u00cen caz de contact cu ochii, cl\u0103ti\u021bi cu mult\u0103 ap\u0103. A nu se lasa la indemana copiilor.<\/span><\/p>","protected":false},"excerpt":{"rendered":"<p>Right Color K-omplex Serum &#8211; are un efect eficient de protec\u021bie \u0219i regenerare asupra p\u0103rului.<\/p>\n","protected":false},"featured_media":2550,"template":"","meta":[],"product_brand":[303],"product_cat":[31,70,86,60,229],"product_tag":[],"class_list":{"0":"post-2549","1":"product","2":"type-product","3":"status-publish","4":"has-post-thumbnail","6":"product_brand-right-color","7":"product_cat-ingrijirea","8":"product_cat-toate-tipurile","9":"product_cat-parul-vopsit","10":"product_cat-keratina","11":"product_cat-serum","12":"pa_brand-right-color","13":"pa_producator-italia","14":"pa_serie-right-color-k-omplex","15":"pa_tip-produs-ser","16":"pa_volum-300-ml","18":"first","19":"instock","20":"shipping-taxable","21":"product-type-simple"},"_links":{"self":[{"href":"https:\/\/beauty-glow.md\/ro\/wp-json\/wp\/v2\/product\/2549","targetHints":{"allow":["GET"]}}],"collection":[{"href":"https:\/\/beauty-glow.md\/ro\/wp-json\/wp\/v2\/product"}],"about":[{"href":"https:\/\/beauty-glow.md\/ro\/wp-json\/wp\/v2\/types\/product"}],"wp:featuredmedia":[{"embeddable":true,"href":"https:\/\/beauty-glow.md\/ro\/wp-json\/wp\/v2\/media\/2550"}],"wp:attachment":[{"href":"https:\/\/beauty-glow.md\/ro\/wp-json\/wp\/v2\/media?parent=2549"}],"wp:term":[{"taxonomy":"product_brand","embeddable":true,"href":"https:\/\/beauty-glow.md\/ro\/wp-json\/wp\/v2\/product_brand?post=2549"},{"taxonomy":"product_cat","embeddable":true,"href":"https:\/\/beauty-glow.md\/ro\/wp-json\/wp\/v2\/product_cat?post=2549"},{"taxonomy":"product_tag","embeddable":true,"href":"https:\/\/beauty-glow.md\/ro\/wp-json\/wp\/v2\/product_tag?post=2549"}],"curies":[{"name":"wp","href":"https:\/\/api.w.org\/{rel}","templated":true}]}}