{"id":2617,"date":"2025-11-03T19:31:31","date_gmt":"2025-11-03T19:31:31","guid":{"rendered":"https:\/\/beauty-glow.md\/?post_type=product&#038;p=2617"},"modified":"2025-11-03T19:41:42","modified_gmt":"2025-11-03T19:41:42","slug":"right-color-velvet-oil","status":"publish","type":"product","link":"https:\/\/beauty-glow.md\/ro\/shop\/right-color-velvet-oil\/","title":{"rendered":"Ulei hr\u0103nitor pentru p\u0103r Right Color Velvet Oil 100ml"},"content":{"rendered":"<h2 style=\"text-align: center;\">Ulei hr\u0103nitor pentru p\u0103r Right Color Velvet Oil<\/h2>\n<p><a href=\"https:\/\/beauty-glow.md\/tip-produs\/ulei-de-par\/\"><img decoding=\"async\" class=\"wp-image-2618  alignleft\" src=\"https:\/\/beauty-glow.md\/wp-content\/uploads\/2025\/11\/Beauty-glow.md-Right-Color-Velvet-Oil-.jpg\" alt=\"Beauty-glow.md Right Color Velvet Oil 100ml\" width=\"300\" height=\"300\" title=\"\" srcset=\"https:\/\/beauty-glow.md\/wp-content\/uploads\/2025\/11\/Beauty-glow.md-Right-Color-Velvet-Oil-.jpg 1920w, https:\/\/beauty-glow.md\/wp-content\/uploads\/2025\/11\/Beauty-glow.md-Right-Color-Velvet-Oil--400x400.jpg 400w, https:\/\/beauty-glow.md\/wp-content\/uploads\/2025\/11\/Beauty-glow.md-Right-Color-Velvet-Oil--800x800.jpg 800w, https:\/\/beauty-glow.md\/wp-content\/uploads\/2025\/11\/Beauty-glow.md-Right-Color-Velvet-Oil--280x280.jpg 280w, https:\/\/beauty-glow.md\/wp-content\/uploads\/2025\/11\/Beauty-glow.md-Right-Color-Velvet-Oil--768x768.jpg 768w, https:\/\/beauty-glow.md\/wp-content\/uploads\/2025\/11\/Beauty-glow.md-Right-Color-Velvet-Oil--1536x1536.jpg 1536w, https:\/\/beauty-glow.md\/wp-content\/uploads\/2025\/11\/Beauty-glow.md-Right-Color-Velvet-Oil--300x300.jpg 300w, https:\/\/beauty-glow.md\/wp-content\/uploads\/2025\/11\/Beauty-glow.md-Right-Color-Velvet-Oil--600x600.jpg 600w, https:\/\/beauty-glow.md\/wp-content\/uploads\/2025\/11\/Beauty-glow.md-Right-Color-Velvet-Oil--100x100.jpg 100w\" sizes=\"(max-width: 300px) 100vw, 300px\" \/>Uleiul<\/a> nutritiv <span dir=\"auto\"><a href=\"https:\/\/rightcolor.it\/\" target=\"_blank\" rel=\"noopener\">Right Color<\/a><\/span> este un ulei nutritiv inovator, cu un parfum dulce \u0219i delicat. \u00cembog\u0103\u021bit cu ulei de argan organic, ofer\u0103 volum \u0219i un aspect non-gras al p\u0103rului pe toat\u0103 lungimea. Formula sa sigileaz\u0103 cuticula firului de p\u0103r, oferindu-i o textur\u0103 elegant\u0103 \u0219i catifelat\u0103. Ideal pentru utilizare pe p\u0103rul umed pentru hr\u0103nire \u0219i pe p\u0103rul uscat pentru o coafare impecabil\u0103. De asemenea, ofer\u0103 o protec\u021bie excelent\u0103 \u00eempotriva razelor UV d\u0103un\u0103toare.<\/p>\n<p><strong>Volum:<\/strong> 100 ml<\/p>\n<p><strong>Mod de utilizare:<\/strong> Aplica\u021bi o cantitate mic\u0103 de ulei pe p\u0103rul umed sau uscat. Distribui\u021bi pe lungimi \u0219i v\u00e2rfuri. Apoi, continua\u021bi coafarea.<\/p>\n<p><span style=\"font-size: 100%;\"><strong>Aten\u021bie:<\/strong> numai pentru uz extern. \u00cen caz de contact cu ochii, cl\u0103ti\u021bi cu mult\u0103 ap\u0103. A nu se lasa la indemana copiilor.<\/span><\/p>","protected":false},"excerpt":{"rendered":"<p>Right Color Velvet Oil &#8211; ofer\u0103 volum \u0219i str\u0103lucire natural\u0103 p\u0103rului pe toat\u0103 lungimea sa.<\/p>\n","protected":false},"featured_media":2619,"template":"","meta":[],"product_brand":[303],"product_cat":[31,70,69,37],"product_tag":[],"class_list":{"0":"post-2617","1":"product","2":"type-product","3":"status-publish","4":"has-post-thumbnail","6":"product_brand-right-color","7":"product_cat-ingrijirea","8":"product_cat-toate-tipurile","9":"product_cat-par-uscat-si-deteriorat","10":"product_cat-ulei","11":"pa_brand-right-color","12":"pa_producator-italia","13":"pa_tip-produs-ulei-de-par","14":"pa_volum-100-ml","16":"first","17":"instock","18":"shipping-taxable","19":"product-type-simple"},"_links":{"self":[{"href":"https:\/\/beauty-glow.md\/ro\/wp-json\/wp\/v2\/product\/2617","targetHints":{"allow":["GET"]}}],"collection":[{"href":"https:\/\/beauty-glow.md\/ro\/wp-json\/wp\/v2\/product"}],"about":[{"href":"https:\/\/beauty-glow.md\/ro\/wp-json\/wp\/v2\/types\/product"}],"wp:featuredmedia":[{"embeddable":true,"href":"https:\/\/beauty-glow.md\/ro\/wp-json\/wp\/v2\/media\/2619"}],"wp:attachment":[{"href":"https:\/\/beauty-glow.md\/ro\/wp-json\/wp\/v2\/media?parent=2617"}],"wp:term":[{"taxonomy":"product_brand","embeddable":true,"href":"https:\/\/beauty-glow.md\/ro\/wp-json\/wp\/v2\/product_brand?post=2617"},{"taxonomy":"product_cat","embeddable":true,"href":"https:\/\/beauty-glow.md\/ro\/wp-json\/wp\/v2\/product_cat?post=2617"},{"taxonomy":"product_tag","embeddable":true,"href":"https:\/\/beauty-glow.md\/ro\/wp-json\/wp\/v2\/product_tag?post=2617"}],"curies":[{"name":"wp","href":"https:\/\/api.w.org\/{rel}","templated":true}]}}