{"id":583,"date":"2023-07-17T09:57:44","date_gmt":"2023-07-17T09:57:44","guid":{"rendered":"https:\/\/beauty-glow.md\/?post_type=product&#038;p=583"},"modified":"2023-12-26T15:30:03","modified_gmt":"2023-12-26T15:30:03","slug":"stapiz-vital-shampoo-anti-hair-loss","status":"publish","type":"product","link":"https:\/\/beauty-glow.md\/ro\/shop\/stapiz-vital-shampoo-anti-hair-loss\/","title":{"rendered":"\u0218ampon \u00eempotriva c\u0103derea p\u0103rului Stapiz Vital Shampoo Anti-Hair Loss 250ml"},"content":{"rendered":"<h2 style=\"text-align: center;\"><a href=\"https:\/\/beauty-glow.md\/attribute\/tip-produs\/sampon\/\">\u0218ampon<\/a> \u00eempotriva c\u0103derea p\u0103rului <a href=\"https:\/\/stapiz.pl\/\" target=\"_blank\" rel=\"noopener\">Stapiz<\/a> Vital Shampoo Anti-Hair Loss<\/h2>\n<p>Linia de produse cosmetice profesionale Vital este conceput\u0103 pentru \u00eengrijirea intensiv\u0103 a p\u0103rului cu v\u00e2rfuri despicate. Formula unic\u0103 a seriei, bazat\u0103 pe o combina\u021bie de ulei de argan \u0219i ulei de jojoba, restabile\u0219te p\u0103rul deteriorat.<\/p>\n<p><img decoding=\"async\" class=\"wp-image-555 aligncenter\" src=\"https:\/\/beauty-glow.md\/wp-content\/uploads\/2023\/11\/Beauty-glow.md-Stapiz-Vital-Serie-549x400.jpeg\" alt=\"\" width=\"457\" height=\"333\" title=\"\" srcset=\"https:\/\/beauty-glow.md\/wp-content\/uploads\/2023\/11\/Beauty-glow.md-Stapiz-Vital-Serie-549x400.jpeg 549w, https:\/\/beauty-glow.md\/wp-content\/uploads\/2023\/11\/Beauty-glow.md-Stapiz-Vital-Serie-768x559.jpeg 768w, https:\/\/beauty-glow.md\/wp-content\/uploads\/2023\/11\/Beauty-glow.md-Stapiz-Vital-Serie-300x219.jpeg 300w, https:\/\/beauty-glow.md\/wp-content\/uploads\/2023\/11\/Beauty-glow.md-Stapiz-Vital-Serie-600x437.jpeg 600w, https:\/\/beauty-glow.md\/wp-content\/uploads\/2023\/11\/Beauty-glow.md-Stapiz-Vital-Serie.jpeg 810w\" sizes=\"(max-width: 457px) 100vw, 457px\" \/><\/p>\n<p>Componentele naturale active ale formulei produsului accelereaz\u0103 microcircula\u021bia s\u00e2ngelui, ceea ce stimuleaz\u0103 cre\u0219terea p\u0103rului. Foliculii laten\u021bi sunt trezi\u021bi, iar cei activi primesc o por\u021bie de \u0219oc de minerale de \u00eent\u0103rire. Uleiurile se vor ocupa de hr\u0103nirea \u0219i hidratarea celulelor \u0219i, de asemenea, vor restabili structura deteriorat\u0103 a buclelor. Datorit\u0103 extractului de ginseng inclus \u00een compozi\u021bie, p\u0103rul este vizibil \u00eent\u0103rit, elasticitatea natural\u0103, netezimea \u0219i str\u0103lucirea natural\u0103 sunt restabilite, oprind procesul de c\u0103dere a p\u0103rului.<\/p>\n<p><strong>Volum:<\/strong> 250 ml<\/p>\n<p><strong>Mod de utilizare:<\/strong> Aplica\u021bi \u0219ampon pe p\u0103rul umed, masa\u021bi u\u0219or \u0219i apoi cl\u0103ti\u021bi bine cu ap\u0103. Repeta\u021bi procedura dac\u0103 este necesar.<\/p>\n<p><span style=\"font-size: 100%;\"><strong>Aten\u021bie:<\/strong> numai pentru uz extern. \u00cen caz de contact cu ochii, cl\u0103ti\u021bi cu mult\u0103 ap\u0103. A nu se lasa la indemana copiilor.<\/span><\/p>","protected":false},"excerpt":{"rendered":"<p>Stapiz Vital Shampoo Anti-Hair Loss &#8211; \u0219ampon \u00eempotriva c\u0103derea p\u0103rului. Cur\u0103\u021b\u0103, \u00eent\u0103re\u0219te p\u0103rul \u0219i stimuleaz\u0103 o nou\u0103 cre\u0219tere a p\u0103rului.<\/p>\n","protected":false},"featured_media":584,"template":"","meta":[],"product_brand":[],"product_cat":[34,70,58,43,31,35],"product_tag":[],"class_list":{"0":"post-583","1":"product","2":"type-product","3":"status-publish","4":"has-post-thumbnail","6":"product_cat-tratament","7":"product_cat-toate-tipurile","8":"product_cat-capete-despicate","9":"product_cat-impotriva-caderii","10":"product_cat-ingrijirea","11":"product_cat-sampon","12":"pa_brand-stapiz","13":"pa_producator-polonia","14":"pa_serie-vital","15":"pa_tip-produs-sampon","16":"pa_volum-250-ml","18":"first","19":"instock","20":"shipping-taxable","21":"product-type-simple"},"_links":{"self":[{"href":"https:\/\/beauty-glow.md\/ro\/wp-json\/wp\/v2\/product\/583","targetHints":{"allow":["GET"]}}],"collection":[{"href":"https:\/\/beauty-glow.md\/ro\/wp-json\/wp\/v2\/product"}],"about":[{"href":"https:\/\/beauty-glow.md\/ro\/wp-json\/wp\/v2\/types\/product"}],"wp:featuredmedia":[{"embeddable":true,"href":"https:\/\/beauty-glow.md\/ro\/wp-json\/wp\/v2\/media\/584"}],"wp:attachment":[{"href":"https:\/\/beauty-glow.md\/ro\/wp-json\/wp\/v2\/media?parent=583"}],"wp:term":[{"taxonomy":"product_brand","embeddable":true,"href":"https:\/\/beauty-glow.md\/ro\/wp-json\/wp\/v2\/product_brand?post=583"},{"taxonomy":"product_cat","embeddable":true,"href":"https:\/\/beauty-glow.md\/ro\/wp-json\/wp\/v2\/product_cat?post=583"},{"taxonomy":"product_tag","embeddable":true,"href":"https:\/\/beauty-glow.md\/ro\/wp-json\/wp\/v2\/product_tag?post=583"}],"curies":[{"name":"wp","href":"https:\/\/api.w.org\/{rel}","templated":true}]}}