{"id":644,"date":"2023-07-18T09:25:11","date_gmt":"2023-07-18T09:25:11","guid":{"rendered":"https:\/\/beauty-glow.md\/?post_type=product&#038;p=644"},"modified":"2024-07-29T06:23:21","modified_gmt":"2024-07-29T06:23:21","slug":"stapiz-sleek-line-volume-shampoo","status":"publish","type":"product","link":"https:\/\/beauty-glow.md\/ro\/shop\/stapiz-sleek-line-volume-shampoo\/","title":{"rendered":"\u0218ampon pentru volum Stapiz Sleek Line Volume Shampoo 300ml"},"content":{"rendered":"<h2 style=\"text-align: center;\">\u0218ampon pentru volum <a href=\"https:\/\/stapiz.pl\/\" target=\"_blank\" rel=\"noopener\">Stapiz<\/a> Sleek Line Volume Shampoo<\/h2>\n<p>O linie care con\u021bine proteine de m\u0103tase cu propriet\u0103\u021bi de netezire \u0219i regenerare. Cosmeticele profesionale din seria SLEEK LINE ofer\u0103 p\u0103rului elasticitate \u0219i str\u0103lucire natural\u0103. Utilizarea regulat\u0103 \u00eengroa\u0219\u0103 fibra capilar\u0103 \u0219i, de asemenea, protejeaz\u0103 p\u0103rul de factorii externi.<\/p>\n<p><img decoding=\"async\" class=\" wp-image-643 aligncenter\" src=\"https:\/\/beauty-glow.md\/wp-content\/uploads\/2023\/11\/Beauty-glow.md-Sleek-Line-Serie--549x400.jpg\" alt=\"Stapiz Sleek Line Serie\" width=\"456\" height=\"332\" title=\"\" srcset=\"https:\/\/beauty-glow.md\/wp-content\/uploads\/2023\/11\/Beauty-glow.md-Sleek-Line-Serie--549x400.jpg 549w, https:\/\/beauty-glow.md\/wp-content\/uploads\/2023\/11\/Beauty-glow.md-Sleek-Line-Serie--768x559.jpg 768w, https:\/\/beauty-glow.md\/wp-content\/uploads\/2023\/11\/Beauty-glow.md-Sleek-Line-Serie--300x219.jpg 300w, https:\/\/beauty-glow.md\/wp-content\/uploads\/2023\/11\/Beauty-glow.md-Sleek-Line-Serie--600x437.jpg 600w, https:\/\/beauty-glow.md\/wp-content\/uploads\/2023\/11\/Beauty-glow.md-Sleek-Line-Serie-.jpg 810w\" sizes=\"(max-width: 456px) 100vw, 456px\" \/><\/p>\n<p><a href=\"https:\/\/beauty-glow.md\/attribute\/tip-produs\/sampon\/\">\u0218amponul<\/a> este conceput pentru p\u0103rul fin, uscat \u0219i delicat, cre\u0219te volumul la r\u0103d\u0103cini, hidrateaz\u0103 f\u0103r\u0103 a supra\u00eenc\u0103rca p\u0103rul. Cre\u0219te densitatea \u0219i grosimea fibrei de p\u0103r.<\/p>\n<p><strong>Volum:<\/strong> 300 ml<\/p>\n<p><strong>Mod de utilizare:<\/strong> Aplica\u021bi \u0219ampon pe p\u0103rul umed, masa\u021bi u\u0219or \u0219i apoi cl\u0103ti\u021bi bine cu ap\u0103. Repeta\u021bi procedura dac\u0103 este necesar.<\/p>\n<p><span style=\"font-size: 100%;\"><strong>Aten\u021bie:<\/strong> numai pentru uz extern. \u00cen caz de contact cu ochii, cl\u0103ti\u021bi cu mult\u0103 ap\u0103. A nu se lasa la indemana copiilor.<\/span><\/p>","protected":false},"excerpt":{"rendered":"<p>Stapiz Sleek Line Volume Shampoo &#8211; \u0219ampon pentru p\u0103r fin \u0219i uscat, cre\u0219te grosimea, creeaz\u0103 volum.<\/p>\n","protected":false},"featured_media":645,"template":"","meta":[],"product_brand":[],"product_cat":[31,54,62,69,35],"product_tag":[],"class_list":{"0":"post-644","1":"product","2":"type-product","3":"status-publish","4":"has-post-thumbnail","6":"product_cat-ingrijirea","7":"product_cat-restaurarea","8":"product_cat-volumul-parului","9":"product_cat-par-uscat-si-deteriorat","10":"product_cat-sampon","11":"pa_brand-stapiz","12":"pa_producator-polonia","13":"pa_serie-sleek-line","14":"pa_tip-produs-sampon","15":"pa_volum-300-ml","17":"first","18":"instock","19":"shipping-taxable","20":"product-type-simple"},"_links":{"self":[{"href":"https:\/\/beauty-glow.md\/ro\/wp-json\/wp\/v2\/product\/644","targetHints":{"allow":["GET"]}}],"collection":[{"href":"https:\/\/beauty-glow.md\/ro\/wp-json\/wp\/v2\/product"}],"about":[{"href":"https:\/\/beauty-glow.md\/ro\/wp-json\/wp\/v2\/types\/product"}],"wp:featuredmedia":[{"embeddable":true,"href":"https:\/\/beauty-glow.md\/ro\/wp-json\/wp\/v2\/media\/645"}],"wp:attachment":[{"href":"https:\/\/beauty-glow.md\/ro\/wp-json\/wp\/v2\/media?parent=644"}],"wp:term":[{"taxonomy":"product_brand","embeddable":true,"href":"https:\/\/beauty-glow.md\/ro\/wp-json\/wp\/v2\/product_brand?post=644"},{"taxonomy":"product_cat","embeddable":true,"href":"https:\/\/beauty-glow.md\/ro\/wp-json\/wp\/v2\/product_cat?post=644"},{"taxonomy":"product_tag","embeddable":true,"href":"https:\/\/beauty-glow.md\/ro\/wp-json\/wp\/v2\/product_tag?post=644"}],"curies":[{"name":"wp","href":"https:\/\/api.w.org\/{rel}","templated":true}]}}