{"id":646,"date":"2023-07-18T09:26:48","date_gmt":"2023-07-18T09:26:48","guid":{"rendered":"https:\/\/beauty-glow.md\/?post_type=product&#038;p=646"},"modified":"2023-12-26T15:31:38","modified_gmt":"2023-12-26T15:31:38","slug":"stapiz-sleek-line-volume-mask-1l","status":"publish","type":"product","link":"https:\/\/beauty-glow.md\/ro\/shop\/stapiz-sleek-line-volume-mask-1l\/","title":{"rendered":"Masc\u0103 pentru volum Stapiz Sleek Line Volume Mask 1000ml"},"content":{"rendered":"<h2 style=\"text-align: center;\">Masc\u0103 pentru volum <a href=\"https:\/\/stapiz.pl\/\" target=\"_blank\" rel=\"noopener\">Stapiz<\/a> Sleek Line Volume Mask<\/h2>\n<p>O linie care con\u021bine proteine de m\u0103tase cu propriet\u0103\u021bi de netezire \u0219i regenerare. Cosmeticele profesionale din seria SLEEK LINE ofer\u0103 p\u0103rului elasticitate \u0219i str\u0103lucire natural\u0103. Utilizarea regulat\u0103 \u00eengroa\u0219\u0103 fibra capilar\u0103 \u0219i, de asemenea, protejeaz\u0103 p\u0103rul de factorii externi.<\/p>\n<p><img decoding=\"async\" class=\" wp-image-643 aligncenter\" src=\"https:\/\/beauty-glow.md\/wp-content\/uploads\/2023\/11\/Beauty-glow.md-Sleek-Line-Serie--549x400.jpg\" alt=\"Stapiz Sleek Line Serie\" width=\"456\" height=\"332\" title=\"\" srcset=\"https:\/\/beauty-glow.md\/wp-content\/uploads\/2023\/11\/Beauty-glow.md-Sleek-Line-Serie--549x400.jpg 549w, https:\/\/beauty-glow.md\/wp-content\/uploads\/2023\/11\/Beauty-glow.md-Sleek-Line-Serie--768x559.jpg 768w, https:\/\/beauty-glow.md\/wp-content\/uploads\/2023\/11\/Beauty-glow.md-Sleek-Line-Serie--300x219.jpg 300w, https:\/\/beauty-glow.md\/wp-content\/uploads\/2023\/11\/Beauty-glow.md-Sleek-Line-Serie--600x437.jpg 600w, https:\/\/beauty-glow.md\/wp-content\/uploads\/2023\/11\/Beauty-glow.md-Sleek-Line-Serie-.jpg 810w\" sizes=\"(max-width: 456px) 100vw, 456px\" \/><\/p>\n<p><a href=\"https:\/\/beauty-glow.md\/attribute\/tip-produs\/masca-par\/\">Masca<\/a> este conceput\u0103 pentru p\u0103rul fin, uscat \u0219i delicat, cre\u0219te volumul la r\u0103d\u0103cini, hidrateaz\u0103 f\u0103r\u0103 a supra\u00eenc\u0103rca p\u0103rul. Cre\u0219te densitatea \u0219i grosimea fibrei de p\u0103r.<\/p>\n<p><strong>Volum:<\/strong> 1000 ml<\/p>\n<p><strong>Mod de utilizare:<\/strong> Sp\u0103la\u021bi-v\u0103 p\u0103rul cu \u0219ampon. Distribui\u021bi masca uniform pe 2\/3 din lungimea p\u0103rului, f\u0103r\u0103 a atinge r\u0103d\u0103cinile. L\u0103sa\u021bi produsul pe p\u0103r timp de 5-10 minute. Cl\u0103ti\u021bi bine masca cu mult\u0103 ap\u0103. Usca\u021bi-v\u0103 p\u0103rul cu un prosop \u0219i coafa\u021bi.<\/p>\n<p><span style=\"font-size: 100%;\"><strong>Aten\u021bie:<\/strong> numai pentru uz extern. \u00cen caz de contact cu ochii, cl\u0103ti\u021bi cu mult\u0103 ap\u0103. A nu se lasa la indemana copiilor.<\/span><\/p>","protected":false},"excerpt":{"rendered":"<p>Stapiz Sleek Line Volume Mask &#8211;\u00a0masc\u0103 pentru p\u0103r fin \u0219i uscat, cre\u0219te grosimea, creeaz\u0103 volum.<\/p>\n","protected":false},"featured_media":647,"template":"","meta":[],"product_brand":[],"product_cat":[31,54,62,69,36],"product_tag":[],"class_list":{"0":"post-646","1":"product","2":"type-product","3":"status-publish","4":"has-post-thumbnail","6":"product_cat-ingrijirea","7":"product_cat-restaurarea","8":"product_cat-volumul-parului","9":"product_cat-par-uscat-si-deteriorat","10":"product_cat-masca","11":"pa_brand-stapiz","12":"pa_producator-polonia","13":"pa_serie-sleek-line","14":"pa_tip-produs-masca-par","15":"pa_volum-1000-ml","17":"first","18":"instock","19":"shipping-taxable","20":"product-type-simple"},"_links":{"self":[{"href":"https:\/\/beauty-glow.md\/ro\/wp-json\/wp\/v2\/product\/646","targetHints":{"allow":["GET"]}}],"collection":[{"href":"https:\/\/beauty-glow.md\/ro\/wp-json\/wp\/v2\/product"}],"about":[{"href":"https:\/\/beauty-glow.md\/ro\/wp-json\/wp\/v2\/types\/product"}],"wp:featuredmedia":[{"embeddable":true,"href":"https:\/\/beauty-glow.md\/ro\/wp-json\/wp\/v2\/media\/647"}],"wp:attachment":[{"href":"https:\/\/beauty-glow.md\/ro\/wp-json\/wp\/v2\/media?parent=646"}],"wp:term":[{"taxonomy":"product_brand","embeddable":true,"href":"https:\/\/beauty-glow.md\/ro\/wp-json\/wp\/v2\/product_brand?post=646"},{"taxonomy":"product_cat","embeddable":true,"href":"https:\/\/beauty-glow.md\/ro\/wp-json\/wp\/v2\/product_cat?post=646"},{"taxonomy":"product_tag","embeddable":true,"href":"https:\/\/beauty-glow.md\/ro\/wp-json\/wp\/v2\/product_tag?post=646"}],"curies":[{"name":"wp","href":"https:\/\/api.w.org\/{rel}","templated":true}]}}