{"id":664,"date":"2023-07-18T10:06:11","date_gmt":"2023-07-18T10:06:11","guid":{"rendered":"https:\/\/beauty-glow.md\/?post_type=product&#038;p=664"},"modified":"2025-08-24T12:46:32","modified_gmt":"2025-08-24T12:46:32","slug":"stapiz-sleek-line-wavescurls-shampoo","status":"publish","type":"product","link":"https:\/\/beauty-glow.md\/ro\/shop\/stapiz-sleek-line-wavescurls-shampoo\/","title":{"rendered":"\u0218ampon pentru p\u0103rul cre\u021b Stapiz Sleek Line Waves&#038;Curls Shampoo 300ml"},"content":{"rendered":"<h2 style=\"text-align: center;\">\u0218ampon pentru p\u0103rul cre\u021b <a href=\"https:\/\/stapiz.pl\/\" target=\"_blank\" rel=\"noopener\">Stapiz<\/a> Sleek Line Waves&amp;Curls Shampoo<\/h2>\n<p>O linie care con\u021bine proteine de m\u0103tase cu propriet\u0103\u021bi de netezire \u0219i regenerare. Cosmeticele profesionale din seria SLEEK LINE ofer\u0103 p\u0103rului elasticitate \u0219i str\u0103lucire natural\u0103. Utilizarea regulat\u0103 \u00eengroa\u0219\u0103 fibra capilar\u0103 \u0219i, de asemenea, protejeaz\u0103 p\u0103rul de factorii externi.<\/p>\n<p><img decoding=\"async\" class=\" wp-image-662 aligncenter\" src=\"https:\/\/beauty-glow.md\/wp-content\/uploads\/2023\/11\/Beauty-glow.md-Sleek-Line-Serie-1-1-400x400.jpg\" alt=\"Sleek Line Serie\" width=\"335\" height=\"335\" title=\"\" srcset=\"https:\/\/beauty-glow.md\/wp-content\/uploads\/2023\/11\/Beauty-glow.md-Sleek-Line-Serie-1-1-400x400.jpg 400w, https:\/\/beauty-glow.md\/wp-content\/uploads\/2023\/11\/Beauty-glow.md-Sleek-Line-Serie-1-1-800x800.jpg 800w, https:\/\/beauty-glow.md\/wp-content\/uploads\/2023\/11\/Beauty-glow.md-Sleek-Line-Serie-1-1-280x280.jpg 280w, https:\/\/beauty-glow.md\/wp-content\/uploads\/2023\/11\/Beauty-glow.md-Sleek-Line-Serie-1-1-768x768.jpg 768w, https:\/\/beauty-glow.md\/wp-content\/uploads\/2023\/11\/Beauty-glow.md-Sleek-Line-Serie-1-1-300x300.jpg 300w, https:\/\/beauty-glow.md\/wp-content\/uploads\/2023\/11\/Beauty-glow.md-Sleek-Line-Serie-1-1-600x600.jpg 600w, https:\/\/beauty-glow.md\/wp-content\/uploads\/2023\/11\/Beauty-glow.md-Sleek-Line-Serie-1-1-100x100.jpg 100w, https:\/\/beauty-glow.md\/wp-content\/uploads\/2023\/11\/Beauty-glow.md-Sleek-Line-Serie-1-1.jpg 1000w\" sizes=\"(max-width: 335px) 100vw, 335px\" \/><\/p>\n<p><a href=\"https:\/\/beauty-glow.md\/attribute\/tip-produs\/sampon\/\">\u0218ampon<\/a> pentru p\u0103r ondulat \u0219i cre\u021b cur\u0103\u021b\u0103 temeinic f\u0103r\u0103 a provoca irita\u021bii. Subliniaz\u0103 bucla natural\u0103 a buclelor. Hidrateaz\u0103 profund \u0219i reduce uscarea p\u0103rului. Buclele r\u0103m\u00e2n moi, elastice, str\u0103lucitoare, f\u0103r\u0103 frizz. Faciliteaz\u0103 coafarea \u0219i piept\u0103narea, accentueaz\u0103 volumul natural, nu \u00eengreuneaz\u0103.<\/p>\n<p><strong>Volum:<\/strong> 300 ml<\/p>\n<p><strong>Mod de utilizare:<\/strong> Aplica\u021bi \u0219ampon pe p\u0103rul umed, masa\u021bi u\u0219or \u0219i apoi cl\u0103ti\u021bi bine cu ap\u0103. Repeta\u021bi procedura dac\u0103 este necesar.<\/p>\n<p><span style=\"font-size: 100%;\"><strong>Aten\u021bie:<\/strong> numai pentru uz extern. \u00cen caz de contact cu ochii, cl\u0103ti\u021bi cu mult\u0103 ap\u0103. A nu se lasa la indemana copiilor.<\/span><\/p>","protected":false},"excerpt":{"rendered":"<p>Sleek Line Waves&amp;Curls Shampoo &#8211; \u0219ampon pentru p\u0103r ondulat, men\u021bine elasticitatea \u0219i str\u0103lucirea.<\/p>\n","protected":false},"featured_media":666,"template":"","meta":[],"product_brand":[],"product_cat":[31,67,70,35],"product_tag":[],"class_list":{"0":"post-664","1":"product","2":"type-product","3":"status-publish","4":"has-post-thumbnail","6":"product_cat-ingrijirea","7":"product_cat-parul-ondulat","8":"product_cat-toate-tipurile","9":"product_cat-sampon","10":"pa_brand-stapiz","11":"pa_producator-polonia","12":"pa_serie-sleek-line","13":"pa_tip-produs-sampon","14":"pa_volum-300-ml","16":"first","17":"instock","18":"shipping-taxable","19":"product-type-simple"},"_links":{"self":[{"href":"https:\/\/beauty-glow.md\/ro\/wp-json\/wp\/v2\/product\/664","targetHints":{"allow":["GET"]}}],"collection":[{"href":"https:\/\/beauty-glow.md\/ro\/wp-json\/wp\/v2\/product"}],"about":[{"href":"https:\/\/beauty-glow.md\/ro\/wp-json\/wp\/v2\/types\/product"}],"wp:featuredmedia":[{"embeddable":true,"href":"https:\/\/beauty-glow.md\/ro\/wp-json\/wp\/v2\/media\/666"}],"wp:attachment":[{"href":"https:\/\/beauty-glow.md\/ro\/wp-json\/wp\/v2\/media?parent=664"}],"wp:term":[{"taxonomy":"product_brand","embeddable":true,"href":"https:\/\/beauty-glow.md\/ro\/wp-json\/wp\/v2\/product_brand?post=664"},{"taxonomy":"product_cat","embeddable":true,"href":"https:\/\/beauty-glow.md\/ro\/wp-json\/wp\/v2\/product_cat?post=664"},{"taxonomy":"product_tag","embeddable":true,"href":"https:\/\/beauty-glow.md\/ro\/wp-json\/wp\/v2\/product_tag?post=664"}],"curies":[{"name":"wp","href":"https:\/\/api.w.org\/{rel}","templated":true}]}}