{"id":667,"date":"2023-07-18T11:03:27","date_gmt":"2023-07-18T11:03:27","guid":{"rendered":"https:\/\/beauty-glow.md\/?post_type=product&#038;p=667"},"modified":"2025-08-24T12:47:19","modified_gmt":"2025-08-24T12:47:19","slug":"stapiz-sleek-line-wavescurls-mask","status":"publish","type":"product","link":"https:\/\/beauty-glow.md\/ro\/shop\/stapiz-sleek-line-wavescurls-mask\/","title":{"rendered":"Masc\u0103 pentru p\u0103rul cre\u021b Stapiz Sleek Line Waves&#038;Curls Mask 250ml"},"content":{"rendered":"<h2 style=\"text-align: center;\">Masc\u0103 pentru p\u0103rul cre\u021b <a href=\"https:\/\/stapiz.pl\/\" target=\"_blank\" rel=\"noopener\">Stapiz<\/a> Sleek Line Waves&amp;Curls Mask<\/h2>\n<p>O linie care con\u021bine proteine de m\u0103tase cu propriet\u0103\u021bi de netezire \u0219i regenerare. Cosmeticele profesionale din seria SLEEK LINE ofer\u0103 p\u0103rului elasticitate \u0219i str\u0103lucire natural\u0103. Utilizarea regulat\u0103 \u00eengroa\u0219\u0103 fibra capilar\u0103 \u0219i, de asemenea, protejeaz\u0103 p\u0103rul de factorii externi.<\/p>\n<p><img decoding=\"async\" class=\" wp-image-662 aligncenter\" src=\"https:\/\/beauty-glow.md\/wp-content\/uploads\/2023\/11\/Beauty-glow.md-Sleek-Line-Serie-1-1-400x400.jpg\" alt=\"Sleek Line Serie\" width=\"335\" height=\"335\" title=\"\" srcset=\"https:\/\/beauty-glow.md\/wp-content\/uploads\/2023\/11\/Beauty-glow.md-Sleek-Line-Serie-1-1-400x400.jpg 400w, https:\/\/beauty-glow.md\/wp-content\/uploads\/2023\/11\/Beauty-glow.md-Sleek-Line-Serie-1-1-800x800.jpg 800w, https:\/\/beauty-glow.md\/wp-content\/uploads\/2023\/11\/Beauty-glow.md-Sleek-Line-Serie-1-1-280x280.jpg 280w, https:\/\/beauty-glow.md\/wp-content\/uploads\/2023\/11\/Beauty-glow.md-Sleek-Line-Serie-1-1-768x768.jpg 768w, https:\/\/beauty-glow.md\/wp-content\/uploads\/2023\/11\/Beauty-glow.md-Sleek-Line-Serie-1-1-300x300.jpg 300w, https:\/\/beauty-glow.md\/wp-content\/uploads\/2023\/11\/Beauty-glow.md-Sleek-Line-Serie-1-1-600x600.jpg 600w, https:\/\/beauty-glow.md\/wp-content\/uploads\/2023\/11\/Beauty-glow.md-Sleek-Line-Serie-1-1-100x100.jpg 100w, https:\/\/beauty-glow.md\/wp-content\/uploads\/2023\/11\/Beauty-glow.md-Sleek-Line-Serie-1-1.jpg 1000w\" sizes=\"(max-width: 335px) 100vw, 335px\" \/><\/p>\n<p><a href=\"https:\/\/beauty-glow.md\/attribute\/tip-produs\/masca-par\/\">Masca<\/a> pentru p\u0103rul ondulat \u0219i cre\u021b care \u00eembun\u0103t\u0103\u021be\u0219te bucla natural\u0103 a p\u0103rului t\u0103u. Hidrateaz\u0103 \u00een profunzime, protejeaz\u0103 de influen\u021bele externe \u0219i de uscare. Revitalizeaz\u0103 fibrele de p\u0103r \u0219i le \u00eembun\u0103t\u0103\u021be\u0219te elasticitatea \u0219i rezisten\u021ba. Buclele r\u0103m\u00e2n moi, str\u0103lucitoare, f\u0103r\u0103 \u00eencre\u021bire. Faciliteaz\u0103 coafarea \u0219i piept\u0103narea, accentueaz\u0103 volumul natural, nu \u00eengreuneaz\u0103.<\/p>\n<p><strong>Volum:<\/strong> 250 ml<\/p>\n<p><strong>Mod de utilizare:<\/strong> Sp\u0103la\u021bi-v\u0103 p\u0103rul cu \u0219ampon. Distribui\u021bi masca uniform pe 2\/3 din lungimea p\u0103rului, f\u0103r\u0103 a atinge r\u0103d\u0103cinile. L\u0103sa\u021bi produsul pe p\u0103r timp de 5-10 minute. Cl\u0103ti\u021bi bine masca cu mult\u0103 ap\u0103. Usca\u021bi-v\u0103 p\u0103rul cu un prosop \u0219i coafa\u021bi.<\/p>\n<p><span style=\"font-size: 100%;\"><strong>Aten\u021bie:<\/strong> numai pentru uz extern. \u00cen caz de contact cu ochii, cl\u0103ti\u021bi cu mult\u0103 ap\u0103. A nu se lasa la indemana copiilor.<\/span><\/p>","protected":false},"excerpt":{"rendered":"<p>Stapiz Sleek Line Waves&amp;Curls Mask &#8211; masc\u0103 pentru p\u0103r ondulat, men\u021bine elasticitatea \u0219i str\u0103lucirea.<\/p>\n","protected":false},"featured_media":668,"template":"","meta":[],"product_brand":[],"product_cat":[31,67,70,36],"product_tag":[],"class_list":{"0":"post-667","1":"product","2":"type-product","3":"status-publish","4":"has-post-thumbnail","6":"product_cat-ingrijirea","7":"product_cat-parul-ondulat","8":"product_cat-toate-tipurile","9":"product_cat-masca","10":"pa_brand-stapiz","11":"pa_producator-polonia","12":"pa_serie-sleek-line","13":"pa_tip-produs-masca-par","14":"pa_volum-250-ml","16":"first","17":"instock","18":"shipping-taxable","19":"product-type-simple"},"_links":{"self":[{"href":"https:\/\/beauty-glow.md\/ro\/wp-json\/wp\/v2\/product\/667","targetHints":{"allow":["GET"]}}],"collection":[{"href":"https:\/\/beauty-glow.md\/ro\/wp-json\/wp\/v2\/product"}],"about":[{"href":"https:\/\/beauty-glow.md\/ro\/wp-json\/wp\/v2\/types\/product"}],"wp:featuredmedia":[{"embeddable":true,"href":"https:\/\/beauty-glow.md\/ro\/wp-json\/wp\/v2\/media\/668"}],"wp:attachment":[{"href":"https:\/\/beauty-glow.md\/ro\/wp-json\/wp\/v2\/media?parent=667"}],"wp:term":[{"taxonomy":"product_brand","embeddable":true,"href":"https:\/\/beauty-glow.md\/ro\/wp-json\/wp\/v2\/product_brand?post=667"},{"taxonomy":"product_cat","embeddable":true,"href":"https:\/\/beauty-glow.md\/ro\/wp-json\/wp\/v2\/product_cat?post=667"},{"taxonomy":"product_tag","embeddable":true,"href":"https:\/\/beauty-glow.md\/ro\/wp-json\/wp\/v2\/product_tag?post=667"}],"curies":[{"name":"wp","href":"https:\/\/api.w.org\/{rel}","templated":true}]}}