{"id":674,"date":"2023-07-18T11:26:57","date_gmt":"2023-07-18T11:26:57","guid":{"rendered":"https:\/\/beauty-glow.md\/?post_type=product&#038;p=674"},"modified":"2024-01-20T16:21:21","modified_gmt":"2024-01-20T16:21:21","slug":"stapiz-sleek-line-blond-shampoo","status":"publish","type":"product","link":"https:\/\/beauty-glow.md\/ro\/shop\/stapiz-sleek-line-blond-shampoo\/","title":{"rendered":"\u0218ampon de p\u0103r pentru nuan\u021be reci Stapiz Sleek Line Blond Shampoo 300ml"},"content":{"rendered":"<h2 style=\"text-align: center;\">\u0218ampon de p\u0103r pentru nuan\u021be de blond reci <a href=\"https:\/\/stapiz.pl\/\" target=\"_blank\" rel=\"noopener\">Stapiz<\/a> Sleek Line Blond Shampoo<\/h2>\n<p>O linie care con\u021bine proteine de m\u0103tase cu propriet\u0103\u021bi de netezire \u0219i regenerare. Cosmeticele profesionale din seria SLEEK LINE ofer\u0103 p\u0103rului elasticitate \u0219i str\u0103lucire natural\u0103. Utilizarea regulat\u0103 \u00eengroa\u0219\u0103 fibra capilar\u0103 \u0219i, de asemenea, protejeaz\u0103 p\u0103rul de factorii externi.<\/p>\n<p><img decoding=\"async\" class=\"aligncenter wp-image-672 \" src=\"https:\/\/beauty-glow.md\/wp-content\/uploads\/2023\/11\/Beauty-glow.md-Stapiz-Sleek-Line-BLOND-Serie-e1700306598473.jpg\" alt=\"Stapiz Sleek Line BLOND Serie\" width=\"388\" height=\"321\" title=\"\" srcset=\"https:\/\/beauty-glow.md\/wp-content\/uploads\/2023\/11\/Beauty-glow.md-Stapiz-Sleek-Line-BLOND-Serie-e1700306598473.jpg 1548w, https:\/\/beauty-glow.md\/wp-content\/uploads\/2023\/11\/Beauty-glow.md-Stapiz-Sleek-Line-BLOND-Serie-e1700306598473-484x400.jpg 484w, https:\/\/beauty-glow.md\/wp-content\/uploads\/2023\/11\/Beauty-glow.md-Stapiz-Sleek-Line-BLOND-Serie-e1700306598473-968x800.jpg 968w, https:\/\/beauty-glow.md\/wp-content\/uploads\/2023\/11\/Beauty-glow.md-Stapiz-Sleek-Line-BLOND-Serie-e1700306598473-768x635.jpg 768w, https:\/\/beauty-glow.md\/wp-content\/uploads\/2023\/11\/Beauty-glow.md-Stapiz-Sleek-Line-BLOND-Serie-e1700306598473-1536x1270.jpg 1536w, https:\/\/beauty-glow.md\/wp-content\/uploads\/2023\/11\/Beauty-glow.md-Stapiz-Sleek-Line-BLOND-Serie-e1700306598473-300x248.jpg 300w, https:\/\/beauty-glow.md\/wp-content\/uploads\/2023\/11\/Beauty-glow.md-Stapiz-Sleek-Line-BLOND-Serie-e1700306598473-600x496.jpg 600w\" sizes=\"(max-width: 388px) 100vw, 388px\" \/><\/p>\n<p><a href=\"https:\/\/beauty-glow.md\/attribute\/tip-produs\/sampon\/\">\u0218ampon<\/a> conceput pentru p\u0103rul blond, gri \u0219i decolorat. Formula special\u0103 ofer\u0103 p\u0103rului un ton de platin\u0103. Proteinele de m\u0103tase con\u021binute regenereaz\u0103 str\u0103lucitor structura p\u0103rului deteriorat. Se spal\u0103 u\u0219or, elimin\u00e2nd nuan\u021ba galben\u0103 a p\u0103rului.<\/p>\n<p><strong>Volum:<\/strong> 300 ml<\/p>\n<p><strong>Mod de utilizare:<\/strong> Aplica\u021bi \u0219ampon pe p\u0103rul umed, masa\u021bi u\u0219or \u0219i apoi cl\u0103ti\u021bi bine cu ap\u0103. Repeta\u021bi procedura dac\u0103 este necesar.<\/p>\n<p><span style=\"font-size: 100%;\"><strong>Aten\u021bie:<\/strong> numai pentru uz extern. \u00cen caz de contact cu ochii, cl\u0103ti\u021bi cu mult\u0103 ap\u0103. A nu se lasa la indemana copiilor.<\/span><\/p>","protected":false},"excerpt":{"rendered":"<p>Stapiz Sleek Line Blond Shampoo &#8211; \u0219ampon pentru nuan\u021be reci, p\u0103streaz\u0103 culoarea, elimin\u0103 nuan\u021ba galben\u0103.<\/p>\n","protected":false},"featured_media":675,"template":"","meta":[],"product_brand":[],"product_cat":[31,70,86,66,234,35],"product_tag":[],"class_list":{"0":"post-674","1":"product","2":"type-product","3":"status-publish","4":"has-post-thumbnail","6":"product_cat-ingrijirea","7":"product_cat-toate-tipurile","8":"product_cat-parul-vopsit","9":"product_cat-protectia-culorii","10":"product_cat-sampoane-nuantatoare","11":"product_cat-sampon","12":"pa_brand-stapiz","13":"pa_producator-polonia","14":"pa_serie-sleek-line","15":"pa_tip-produs-sampon","16":"pa_volum-300-ml","18":"first","19":"instock","20":"shipping-taxable","21":"product-type-simple"},"_links":{"self":[{"href":"https:\/\/beauty-glow.md\/ro\/wp-json\/wp\/v2\/product\/674","targetHints":{"allow":["GET"]}}],"collection":[{"href":"https:\/\/beauty-glow.md\/ro\/wp-json\/wp\/v2\/product"}],"about":[{"href":"https:\/\/beauty-glow.md\/ro\/wp-json\/wp\/v2\/types\/product"}],"wp:featuredmedia":[{"embeddable":true,"href":"https:\/\/beauty-glow.md\/ro\/wp-json\/wp\/v2\/media\/675"}],"wp:attachment":[{"href":"https:\/\/beauty-glow.md\/ro\/wp-json\/wp\/v2\/media?parent=674"}],"wp:term":[{"taxonomy":"product_brand","embeddable":true,"href":"https:\/\/beauty-glow.md\/ro\/wp-json\/wp\/v2\/product_brand?post=674"},{"taxonomy":"product_cat","embeddable":true,"href":"https:\/\/beauty-glow.md\/ro\/wp-json\/wp\/v2\/product_cat?post=674"},{"taxonomy":"product_tag","embeddable":true,"href":"https:\/\/beauty-glow.md\/ro\/wp-json\/wp\/v2\/product_tag?post=674"}],"curies":[{"name":"wp","href":"https:\/\/api.w.org\/{rel}","templated":true}]}}