{"id":691,"date":"2023-07-18T12:03:43","date_gmt":"2023-07-18T12:03:43","guid":{"rendered":"https:\/\/beauty-glow.md\/?post_type=product&#038;p=691"},"modified":"2024-07-29T06:17:27","modified_gmt":"2024-07-29T06:17:27","slug":"stapiz-sleek-line-blush-blond-mask","status":"publish","type":"product","link":"https:\/\/beauty-glow.md\/ro\/shop\/stapiz-sleek-line-blush-blond-mask\/","title":{"rendered":"Masc\u0103 de p\u0103r pentru nuan\u021be calde Stapiz Sleek Line Blush Blond Mask 250ml"},"content":{"rendered":"<h2 style=\"text-align: center;\">Masc\u0103 de p\u0103r pentru nuan\u021be calde de blond <a href=\"https:\/\/stapiz.pl\/\" target=\"_blank\" rel=\"noopener\">Stapiz<\/a> Sleek Line Blush Blond Mask<\/h2>\n<p>O linie care con\u021bine proteine de m\u0103tase cu propriet\u0103\u021bi de netezire \u0219i regenerare. Cosmeticele profesionale din seria SLEEK LINE ofer\u0103 p\u0103rului elasticitate \u0219i str\u0103lucire natural\u0103. Utilizarea regulat\u0103 \u00eengroa\u0219\u0103 fibra capilar\u0103 \u0219i, de asemenea, protejeaz\u0103 p\u0103rul de factorii externi.<\/p>\n<p><img decoding=\"async\" class=\"aligncenter wp-image-672 \" src=\"https:\/\/beauty-glow.md\/wp-content\/uploads\/2023\/11\/Beauty-glow.md-Stapiz-Sleek-Line-BLOND-Serie-e1700306598473.jpg\" alt=\"Stapiz Sleek Line BLOND Serie\" width=\"388\" height=\"321\" title=\"\" srcset=\"https:\/\/beauty-glow.md\/wp-content\/uploads\/2023\/11\/Beauty-glow.md-Stapiz-Sleek-Line-BLOND-Serie-e1700306598473.jpg 1548w, https:\/\/beauty-glow.md\/wp-content\/uploads\/2023\/11\/Beauty-glow.md-Stapiz-Sleek-Line-BLOND-Serie-e1700306598473-484x400.jpg 484w, https:\/\/beauty-glow.md\/wp-content\/uploads\/2023\/11\/Beauty-glow.md-Stapiz-Sleek-Line-BLOND-Serie-e1700306598473-968x800.jpg 968w, https:\/\/beauty-glow.md\/wp-content\/uploads\/2023\/11\/Beauty-glow.md-Stapiz-Sleek-Line-BLOND-Serie-e1700306598473-768x635.jpg 768w, https:\/\/beauty-glow.md\/wp-content\/uploads\/2023\/11\/Beauty-glow.md-Stapiz-Sleek-Line-BLOND-Serie-e1700306598473-1536x1270.jpg 1536w, https:\/\/beauty-glow.md\/wp-content\/uploads\/2023\/11\/Beauty-glow.md-Stapiz-Sleek-Line-BLOND-Serie-e1700306598473-300x248.jpg 300w, https:\/\/beauty-glow.md\/wp-content\/uploads\/2023\/11\/Beauty-glow.md-Stapiz-Sleek-Line-BLOND-Serie-e1700306598473-600x496.jpg 600w\" sizes=\"(max-width: 388px) 100vw, 388px\" \/><\/p>\n<p><a href=\"https:\/\/beauty-glow.md\/attribute\/tip-produs\/masca-par\/\">Masca<\/a> pentru p\u0103r blond, spal\u0103 delicat, hidrateaz\u0103 intens structura p\u0103rului, subliniaz\u0103 bog\u0103\u021bia culorii, oferindu-i o nou\u0103 str\u0103lucire. Protejeaz\u0103 \u00eempotriva factorilor externi \u0219i con\u021bine un filtru UV.<\/p>\n<p><strong>Volum:<\/strong> 250 ml<\/p>\n<p><strong>Mod de utilizare:<\/strong> Sp\u0103la\u021bi-v\u0103 p\u0103rul cu \u0219ampon. Distribui\u021bi masca uniform pe 2\/3 din lungimea p\u0103rului, f\u0103r\u0103 a atinge r\u0103d\u0103cinile. L\u0103sa\u021bi produsul pe p\u0103r timp de 5-10 minute. Cl\u0103ti\u021bi bine masca cu mult\u0103 ap\u0103. Usca\u021bi-v\u0103 p\u0103rul cu un prosop \u0219i coafa\u021bi.<\/p>\n<p><span style=\"font-size: 100%;\"><strong>Aten\u021bie:<\/strong> numai pentru uz extern. \u00cen caz de contact cu ochii, cl\u0103ti\u021bi cu mult\u0103 ap\u0103. A nu se lasa la indemana copiilor.<\/span><\/p>","protected":false},"excerpt":{"rendered":"<p>Stapiz Sleek Line Blush Blond Mask &#8211; masc\u0103 pentru nuan\u021be reci, p\u0103streaz\u0103 culoarea, protejeaz\u0103 \u00eempotriva radia\u021biilor ultraviolete.<\/p>\n","protected":false},"featured_media":692,"template":"","meta":[],"product_brand":[],"product_cat":[31,70,86,64,66,36,236],"product_tag":[],"class_list":{"0":"post-691","1":"product","2":"type-product","3":"status-publish","4":"has-post-thumbnail","6":"product_cat-ingrijirea","7":"product_cat-toate-tipurile","8":"product_cat-parul-vopsit","9":"product_cat-protectie-uv","10":"product_cat-protectia-culorii","11":"product_cat-masca","12":"product_cat-masti-nuantatoare","13":"pa_brand-stapiz","14":"pa_producator-polonia","15":"pa_serie-sleek-line","16":"pa_tip-produs-masca-par","17":"pa_volum-250-ml","19":"first","20":"instock","21":"shipping-taxable","22":"product-type-simple"},"_links":{"self":[{"href":"https:\/\/beauty-glow.md\/ro\/wp-json\/wp\/v2\/product\/691","targetHints":{"allow":["GET"]}}],"collection":[{"href":"https:\/\/beauty-glow.md\/ro\/wp-json\/wp\/v2\/product"}],"about":[{"href":"https:\/\/beauty-glow.md\/ro\/wp-json\/wp\/v2\/types\/product"}],"wp:featuredmedia":[{"embeddable":true,"href":"https:\/\/beauty-glow.md\/ro\/wp-json\/wp\/v2\/media\/692"}],"wp:attachment":[{"href":"https:\/\/beauty-glow.md\/ro\/wp-json\/wp\/v2\/media?parent=691"}],"wp:term":[{"taxonomy":"product_brand","embeddable":true,"href":"https:\/\/beauty-glow.md\/ro\/wp-json\/wp\/v2\/product_brand?post=691"},{"taxonomy":"product_cat","embeddable":true,"href":"https:\/\/beauty-glow.md\/ro\/wp-json\/wp\/v2\/product_cat?post=691"},{"taxonomy":"product_tag","embeddable":true,"href":"https:\/\/beauty-glow.md\/ro\/wp-json\/wp\/v2\/product_tag?post=691"}],"curies":[{"name":"wp","href":"https:\/\/api.w.org\/{rel}","templated":true}]}}