{"id":693,"date":"2023-07-18T12:07:42","date_gmt":"2023-07-18T12:07:42","guid":{"rendered":"https:\/\/beauty-glow.md\/?post_type=product&#038;p=693"},"modified":"2023-12-26T15:33:10","modified_gmt":"2023-12-26T15:33:10","slug":"sleek-line-repair-all-in-one-mask","status":"publish","type":"product","link":"https:\/\/beauty-glow.md\/ro\/shop\/sleek-line-repair-all-in-one-mask\/","title":{"rendered":"Masc\u0103-spray bifazic\u0103 Stapiz Sleek Line Repair All-in-One Mask 300ml"},"content":{"rendered":"<h2 style=\"text-align: center;\">Masc\u0103-spray bifazic\u0103 <a href=\"https:\/\/stapiz.pl\/\" target=\"_blank\" rel=\"noopener\">Stapiz<\/a> Sleek Line Repair All-in-One Mask<\/h2>\n<p>O linie care con\u021bine proteine de m\u0103tase cu propriet\u0103\u021bi de netezire \u0219i regenerare. Cosmeticele profesionale din seria SLEEK LINE ofer\u0103 p\u0103rului elasticitate \u0219i str\u0103lucire natural\u0103. Utilizarea regulat\u0103 \u00eengroa\u0219\u0103 fibra capilar\u0103 \u0219i, de asemenea, protejeaz\u0103 p\u0103rul de factorii externi.<\/p>\n<p><img decoding=\"async\" class=\" wp-image-627 aligncenter\" src=\"https:\/\/beauty-glow.md\/wp-content\/uploads\/2023\/11\/Beauty-glow.md-Sleek-Line-Serie-549x400.jpg\" alt=\"Sleek Line Serie\" width=\"447\" height=\"326\" title=\"\" srcset=\"https:\/\/beauty-glow.md\/wp-content\/uploads\/2023\/11\/Beauty-glow.md-Sleek-Line-Serie-549x400.jpg 549w, https:\/\/beauty-glow.md\/wp-content\/uploads\/2023\/11\/Beauty-glow.md-Sleek-Line-Serie-768x559.jpg 768w, https:\/\/beauty-glow.md\/wp-content\/uploads\/2023\/11\/Beauty-glow.md-Sleek-Line-Serie-300x219.jpg 300w, https:\/\/beauty-glow.md\/wp-content\/uploads\/2023\/11\/Beauty-glow.md-Sleek-Line-Serie-600x437.jpg 600w, https:\/\/beauty-glow.md\/wp-content\/uploads\/2023\/11\/Beauty-glow.md-Sleek-Line-Serie.jpg 810w\" sizes=\"(max-width: 447px) 100vw, 447px\" \/><\/p>\n<p><a href=\"https:\/\/beauty-glow.md\/attribute\/tip-produs\/masca-par\/\">Masc\u0103<\/a> de \u00eengrijire restabilitoare de ac\u021biune multifunc\u021bional\u0103, de ne\u0219ters. Aceasta este o modalitate rapid\u0103 \u0219i u\u0219oar\u0103 de a v\u0103 men\u021bine p\u0103rul hidratat \u0219i hr\u0103nit. Masca face parul manevrabil. Produsul este bogat \u00een substan\u021be active: proteine \u200b\u200bde m\u0103tase, creatin\u0103 \u0219i ceramide umple \u0219i refac imperfec\u021biunile din structura p\u0103rului deteriorat, d\u00e2nd p\u0103rului str\u0103lucire \u0219i un aspect s\u0103n\u0103tos. Masca previne apari\u021bia v\u00e2rfurilor despicate, protejeaz\u0103 \u00eempotriva temperaturilor ridicate, neteze\u0219te, faciliteaz\u0103 piept\u0103narea \u0219i accelereaz\u0103 coafarea p\u0103rului. Formula u\u0219oar\u0103 nu \u00eengreuneaz\u0103 p\u0103rul. Poate fi aplicat at\u00e2t pe p\u0103rul umed c\u00e2t \u0219i pe cel uscat.<\/p>\n<ul>\n<li>Restaureaz\u0103<\/li>\n<li>Hr\u0103ne\u0219te profund<\/li>\n<li>Previne producerea daunelor<\/li>\n<li>Neteze\u0219te<\/li>\n<li>\u00cent\u0103re\u0219te<\/li>\n<li>Hidrateaz\u0103<\/li>\n<li>Adaug\u0103 volum<\/li>\n<li>Red\u0103 str\u0103lucirea<\/li>\n<li>Ofer\u0103 moliciune<\/li>\n<li>Previne spargerea<\/li>\n<li>U\u0219ureaz\u0103 coafarea<\/li>\n<li>Protejeaz\u0103 \u00eempotriva temperaturilor ridicate<\/li>\n<\/ul>\n<p><strong>Volum:<\/strong> 300 ml<\/p>\n<p><strong>Mod de utilizare:<\/strong> Utiliza\u021bi spray-ul pe p\u0103rul umed sau uscat \u00eenainte de coafare pentru a oferi p\u0103rului str\u0103lucire \u0219i un efect pl\u0103cut de catifelare. Pulveriza\u021bi spray-ul la aproximativ 15-20 cm de cap. Nu-l sp\u0103la\u021bi.<\/p>\n<p><span style=\"font-size: 100%;\"><strong>Aten\u021bie:<\/strong> numai pentru uz extern. \u00cen caz de contact cu ochii, cl\u0103ti\u021bi cu mult\u0103 ap\u0103. A nu se lasa la indemana copiilor.<\/span><\/p>","protected":false},"excerpt":{"rendered":"<p>Sleek Line Repair All-in-One Mask &#8211; masca-spray red\u0103 str\u0103lucirea \u0219i m\u0103t\u0103sosul, \u00eent\u0103re\u0219te, neteze\u0219te, protejeaz\u0103 de temperaturile ridicate.<\/p>\n","protected":false},"featured_media":695,"template":"","meta":[],"product_brand":[],"product_cat":[31,54,70,36,58,65],"product_tag":[],"class_list":{"0":"post-693","1":"product","2":"type-product","3":"status-publish","4":"has-post-thumbnail","6":"product_cat-ingrijirea","7":"product_cat-restaurarea","8":"product_cat-toate-tipurile","9":"product_cat-masca","10":"product_cat-capete-despicate","11":"product_cat-protectie-termica","12":"pa_brand-stapiz","13":"pa_producator-polonia","14":"pa_serie-sleek-line","15":"pa_tip-produs-masca-par","16":"pa_volum-300-ml","18":"first","19":"instock","20":"shipping-taxable","21":"product-type-simple"},"_links":{"self":[{"href":"https:\/\/beauty-glow.md\/ro\/wp-json\/wp\/v2\/product\/693","targetHints":{"allow":["GET"]}}],"collection":[{"href":"https:\/\/beauty-glow.md\/ro\/wp-json\/wp\/v2\/product"}],"about":[{"href":"https:\/\/beauty-glow.md\/ro\/wp-json\/wp\/v2\/types\/product"}],"wp:featuredmedia":[{"embeddable":true,"href":"https:\/\/beauty-glow.md\/ro\/wp-json\/wp\/v2\/media\/695"}],"wp:attachment":[{"href":"https:\/\/beauty-glow.md\/ro\/wp-json\/wp\/v2\/media?parent=693"}],"wp:term":[{"taxonomy":"product_brand","embeddable":true,"href":"https:\/\/beauty-glow.md\/ro\/wp-json\/wp\/v2\/product_brand?post=693"},{"taxonomy":"product_cat","embeddable":true,"href":"https:\/\/beauty-glow.md\/ro\/wp-json\/wp\/v2\/product_cat?post=693"},{"taxonomy":"product_tag","embeddable":true,"href":"https:\/\/beauty-glow.md\/ro\/wp-json\/wp\/v2\/product_tag?post=693"}],"curies":[{"name":"wp","href":"https:\/\/api.w.org\/{rel}","templated":true}]}}