{"id":704,"date":"2023-07-21T09:28:55","date_gmt":"2023-07-21T09:28:55","guid":{"rendered":"https:\/\/beauty-glow.md\/?post_type=product&#038;p=704"},"modified":"2023-12-26T15:33:25","modified_gmt":"2023-12-26T15:33:25","slug":"stapiz-keratin-code-shampoo-1l","status":"publish","type":"product","link":"https:\/\/beauty-glow.md\/ro\/shop\/stapiz-keratin-code-shampoo-1l\/","title":{"rendered":"\u0218ampon cu keratin\u0103 Stapiz Keratin Code Shampoo 1000ml"},"content":{"rendered":"<h2 style=\"text-align: center;\">\u0218ampon cu keratin\u0103 <a href=\"https:\/\/stapiz.pl\/\" target=\"_blank\" rel=\"noopener\">Stapiz<\/a> Keratin Code Shampoo<\/h2>\n<p>O serie profesional\u0103 de produse cosmetice cu keratin\u0103 \u0219i colagen, concepute pentru \u00eengrijirea p\u0103rului care necesit\u0103 restaurare \u0219i \u00eent\u0103rire. Ofer\u0103 efectul de p\u0103r neted \u0219i str\u0103lucitor. Keratin\u0103 reface zonele poroase de la suprafa\u021ba p\u0103rului, regener\u00e2nd structura fibrelor capilare. Colagenul \u00eent\u0103re\u0219te p\u0103rul, compact\u00e2ndu-l delicat la r\u0103d\u0103cini.<\/p>\n<p><img decoding=\"async\" class=\"aligncenter wp-image-705 \" src=\"https:\/\/beauty-glow.md\/wp-content\/uploads\/2023\/11\/Beauty-Glow.md-Keratin-Code-serie.jpg\" alt=\"Stapiz Keratin Code serie\" width=\"369\" height=\"377\" title=\"\" srcset=\"https:\/\/beauty-glow.md\/wp-content\/uploads\/2023\/11\/Beauty-Glow.md-Keratin-Code-serie.jpg 940w, https:\/\/beauty-glow.md\/wp-content\/uploads\/2023\/11\/Beauty-Glow.md-Keratin-Code-serie-391x400.jpg 391w, https:\/\/beauty-glow.md\/wp-content\/uploads\/2023\/11\/Beauty-Glow.md-Keratin-Code-serie-783x800.jpg 783w, https:\/\/beauty-glow.md\/wp-content\/uploads\/2023\/11\/Beauty-Glow.md-Keratin-Code-serie-768x785.jpg 768w, https:\/\/beauty-glow.md\/wp-content\/uploads\/2023\/11\/Beauty-Glow.md-Keratin-Code-serie-300x307.jpg 300w, https:\/\/beauty-glow.md\/wp-content\/uploads\/2023\/11\/Beauty-Glow.md-Keratin-Code-serie-600x613.jpg 600w\" sizes=\"(max-width: 369px) 100vw, 369px\" \/><\/p>\n<p><a href=\"https:\/\/beauty-glow.md\/attribute\/tip-produs\/sampon\/\">\u0218ampon<\/a> profesional cu keratina \u0219i colagen. \u00cengrijire intensiv\u0103 \u0219i refacere a p\u0103rului, oferind netezime m\u0103t\u0103soas\u0103 \u0219i str\u0103lucire natural\u0103. Keratina \u00eent\u0103re\u0219te \u0219i restabile\u0219te zonele deteriorate din structura fibrei p\u0103rului. Colagenul reduce ruperea \u0219i \u00eembun\u0103t\u0103\u021be\u0219te starea p\u0103rului uscat \u0219i deteriorat. Pantenolul con\u021binut de \u0219ampon hidrateaz\u0103 eficient scalpul \u0219i p\u0103rul, favoriz\u00e2nd piept\u0103narea \u0219i coafarea.<\/p>\n<p><strong>Volum:<\/strong> 1000 ml<\/p>\n<p><strong>Mod de utilizare:<\/strong> Aplica\u021bi \u0219ampon pe p\u0103rul umed, masa\u021bi u\u0219or \u0219i apoi cl\u0103ti\u021bi bine cu ap\u0103. Repeta\u021bi procedura dac\u0103 este necesar.<\/p>\n<p><span style=\"font-size: 100%;\"><strong>Aten\u021bie:<\/strong> numai pentru uz extern. \u00cen caz de contact cu ochii, cl\u0103ti\u021bi cu mult\u0103 ap\u0103. A nu se lasa la indemana copiilor.<\/span><\/p>","protected":false},"excerpt":{"rendered":"<p>Stapiz Keratin Code Shampoo &#8211; \u0219ampon cu keratina \u00eent\u0103re\u0219te, red\u0103 m\u0103t\u0103sarea \u0219i str\u0103lucirea.<\/p>\n","protected":false},"featured_media":706,"template":"","meta":[],"product_brand":[],"product_cat":[31,54,70,62,69,60,35],"product_tag":[],"class_list":{"0":"post-704","1":"product","2":"type-product","3":"status-publish","4":"has-post-thumbnail","6":"product_cat-ingrijirea","7":"product_cat-restaurarea","8":"product_cat-toate-tipurile","9":"product_cat-volumul-parului","10":"product_cat-par-uscat-si-deteriorat","11":"product_cat-keratina","12":"product_cat-sampon","13":"pa_brand-stapiz","14":"pa_producator-polonia","15":"pa_serie-keratin-code","16":"pa_tip-produs-sampon","17":"pa_volum-1000-ml","19":"first","20":"instock","21":"shipping-taxable","22":"product-type-simple"},"_links":{"self":[{"href":"https:\/\/beauty-glow.md\/ro\/wp-json\/wp\/v2\/product\/704","targetHints":{"allow":["GET"]}}],"collection":[{"href":"https:\/\/beauty-glow.md\/ro\/wp-json\/wp\/v2\/product"}],"about":[{"href":"https:\/\/beauty-glow.md\/ro\/wp-json\/wp\/v2\/types\/product"}],"wp:featuredmedia":[{"embeddable":true,"href":"https:\/\/beauty-glow.md\/ro\/wp-json\/wp\/v2\/media\/706"}],"wp:attachment":[{"href":"https:\/\/beauty-glow.md\/ro\/wp-json\/wp\/v2\/media?parent=704"}],"wp:term":[{"taxonomy":"product_brand","embeddable":true,"href":"https:\/\/beauty-glow.md\/ro\/wp-json\/wp\/v2\/product_brand?post=704"},{"taxonomy":"product_cat","embeddable":true,"href":"https:\/\/beauty-glow.md\/ro\/wp-json\/wp\/v2\/product_cat?post=704"},{"taxonomy":"product_tag","embeddable":true,"href":"https:\/\/beauty-glow.md\/ro\/wp-json\/wp\/v2\/product_tag?post=704"}],"curies":[{"name":"wp","href":"https:\/\/api.w.org\/{rel}","templated":true}]}}