{"id":709,"date":"2023-07-21T10:31:11","date_gmt":"2023-07-21T10:31:11","guid":{"rendered":"https:\/\/beauty-glow.md\/?post_type=product&#038;p=709"},"modified":"2023-12-26T15:33:30","modified_gmt":"2023-12-26T15:33:30","slug":"stapiz-keratin-code-mask-1l","status":"publish","type":"product","link":"https:\/\/beauty-glow.md\/ro\/shop\/stapiz-keratin-code-mask-1l\/","title":{"rendered":"Masc\u0103 cu keratin\u0103 Stapiz Keratin Code Mask 1000ml"},"content":{"rendered":"<h2 style=\"text-align: center;\">Masc\u0103 cu keratin\u0103 <a href=\"https:\/\/stapiz.pl\/\" target=\"_blank\" rel=\"noopener\">Stapiz<\/a> Keratin Code Mask<\/h2>\n<p>O serie profesional\u0103 de produse cosmetice cu keratin\u0103 \u0219i colagen, concepute pentru \u00eengrijirea p\u0103rului care necesit\u0103 restaurare \u0219i \u00eent\u0103rire. Ofer\u0103 efectul de p\u0103r neted \u0219i str\u0103lucitor. Keratin\u0103 reface zonele poroase de la suprafa\u021ba p\u0103rului, regener\u00e2nd structura fibrelor capilare. Colagenul \u00eent\u0103re\u0219te p\u0103rul, compact\u00e2ndu-l delicat la r\u0103d\u0103cini.<\/p>\n<p><img decoding=\"async\" class=\"aligncenter wp-image-705 \" src=\"https:\/\/beauty-glow.md\/wp-content\/uploads\/2023\/11\/Beauty-Glow.md-Keratin-Code-serie.jpg\" alt=\"Stapiz Keratin Code serie\" width=\"369\" height=\"377\" title=\"\" srcset=\"https:\/\/beauty-glow.md\/wp-content\/uploads\/2023\/11\/Beauty-Glow.md-Keratin-Code-serie.jpg 940w, https:\/\/beauty-glow.md\/wp-content\/uploads\/2023\/11\/Beauty-Glow.md-Keratin-Code-serie-391x400.jpg 391w, https:\/\/beauty-glow.md\/wp-content\/uploads\/2023\/11\/Beauty-Glow.md-Keratin-Code-serie-783x800.jpg 783w, https:\/\/beauty-glow.md\/wp-content\/uploads\/2023\/11\/Beauty-Glow.md-Keratin-Code-serie-768x785.jpg 768w, https:\/\/beauty-glow.md\/wp-content\/uploads\/2023\/11\/Beauty-Glow.md-Keratin-Code-serie-300x307.jpg 300w, https:\/\/beauty-glow.md\/wp-content\/uploads\/2023\/11\/Beauty-Glow.md-Keratin-Code-serie-600x613.jpg 600w\" sizes=\"(max-width: 369px) 100vw, 369px\" \/><\/p>\n<p><a href=\"https:\/\/beauty-glow.md\/category\/ingrijirea\/balsam-masca\/\">Masc\u0103<\/a> profesional\u0103, intens restauratoare, cu keratin\u0103 \u0219i colagen, recomandat\u0103 pentru p\u0103rul uscat \u0219i deteriorat. Efectul de p\u0103r neted \u0219i plin de str\u0103lucire datorit\u0103 prezen\u021bei keratinei, care reface zonele poroase din structura fibrelor capilare. Colagenul \u00eent\u0103re\u0219te, confer\u0103 elasticitate \u0219i rezisten\u021b\u0103. Masca u\u0219ureaz\u0103 piept\u0103narea \u0219i \u00eempiedic\u0103 p\u0103rul s\u0103 devin\u0103 \u00eencre\u021bit.<\/p>\n<p><strong>Volum:<\/strong> 1000 ml<\/p>\n<p><strong>Mod de utilizare:<\/strong> Sp\u0103la\u021bi-v\u0103 p\u0103rul cu \u0219ampon. Distribui\u021bi masca uniform pe 2\/3 din lungimea p\u0103rului, f\u0103r\u0103 a atinge r\u0103d\u0103cinile. L\u0103sa\u021bi produsul pe p\u0103r timp de 5-10 minute. Cl\u0103ti\u021bi bine masca cu mult\u0103 ap\u0103. Usca\u021bi-v\u0103 p\u0103rul cu un prosop \u0219i coafa\u021bi.<\/p>\n<p><span style=\"font-size: 100%;\"><strong>Aten\u021bie:<\/strong> numai pentru uz extern. \u00cen caz de contact cu ochii, cl\u0103ti\u021bi cu mult\u0103 ap\u0103. A nu se lasa la indemana copiilor.<\/span><\/p>","protected":false},"excerpt":{"rendered":"<p>Stapiz Keratin Code Mask &#8211; masc\u0103 cu keratina \u00eent\u0103re\u0219te, red\u0103 m\u0103t\u0103sarea \u0219i str\u0103lucirea.<\/p>\n","protected":false},"featured_media":710,"template":"","meta":[],"product_brand":[],"product_cat":[31,54,70,62,69,60,36],"product_tag":[],"class_list":{"0":"post-709","1":"product","2":"type-product","3":"status-publish","4":"has-post-thumbnail","6":"product_cat-ingrijirea","7":"product_cat-restaurarea","8":"product_cat-toate-tipurile","9":"product_cat-volumul-parului","10":"product_cat-par-uscat-si-deteriorat","11":"product_cat-keratina","12":"product_cat-masca","13":"pa_brand-stapiz","14":"pa_producator-polonia","15":"pa_serie-keratin-code","16":"pa_tip-produs-masca-par","17":"pa_volum-1000-ml","19":"first","20":"instock","21":"shipping-taxable","22":"product-type-simple"},"_links":{"self":[{"href":"https:\/\/beauty-glow.md\/ro\/wp-json\/wp\/v2\/product\/709","targetHints":{"allow":["GET"]}}],"collection":[{"href":"https:\/\/beauty-glow.md\/ro\/wp-json\/wp\/v2\/product"}],"about":[{"href":"https:\/\/beauty-glow.md\/ro\/wp-json\/wp\/v2\/types\/product"}],"wp:featuredmedia":[{"embeddable":true,"href":"https:\/\/beauty-glow.md\/ro\/wp-json\/wp\/v2\/media\/710"}],"wp:attachment":[{"href":"https:\/\/beauty-glow.md\/ro\/wp-json\/wp\/v2\/media?parent=709"}],"wp:term":[{"taxonomy":"product_brand","embeddable":true,"href":"https:\/\/beauty-glow.md\/ro\/wp-json\/wp\/v2\/product_brand?post=709"},{"taxonomy":"product_cat","embeddable":true,"href":"https:\/\/beauty-glow.md\/ro\/wp-json\/wp\/v2\/product_cat?post=709"},{"taxonomy":"product_tag","embeddable":true,"href":"https:\/\/beauty-glow.md\/ro\/wp-json\/wp\/v2\/product_tag?post=709"}],"curies":[{"name":"wp","href":"https:\/\/api.w.org\/{rel}","templated":true}]}}