{"id":725,"date":"2023-07-21T13:21:03","date_gmt":"2023-07-21T13:21:03","guid":{"rendered":"https:\/\/beauty-glow.md\/?post_type=product&#038;p=725"},"modified":"2024-07-29T06:27:16","modified_gmt":"2024-07-29T06:27:16","slug":"stapiz-basic-salon-lily-of-the-valley-shampoo-5l","status":"publish","type":"product","link":"https:\/\/beauty-glow.md\/ro\/shop\/stapiz-basic-salon-lily-of-the-valley-shampoo-5l\/","title":{"rendered":"\u0218ampon pentru p\u0103r Stapiz Basic Salon Lily of the Valley Shampoo 5000ml"},"content":{"rendered":"<h2 style=\"text-align: center;\">\u0218ampon <a href=\"https:\/\/stapiz.pl\/\" target=\"_blank\" rel=\"noopener\">Stapiz<\/a> Basic Salon Lily of the Valley Shampoo<\/h2>\n<p>O linie profesional\u0103 de produse cosmetice tehnice necesare \u00een fiecare salon. Linia include \u0219ampoane, m\u0103\u0219ti, balsam \u0219i peroxid de hidrogen \u00een crem\u0103 pentru uz profesional.<\/p>\n<p><img decoding=\"async\" class=\"wp-image-714 aligncenter\" src=\"https:\/\/beauty-glow.md\/wp-content\/uploads\/2023\/11\/Beauty-Glow.md-Stapiz-Basic-Salon-Serie-.jpg\" alt=\"Stapiz Basic Salon Serie\" width=\"568\" height=\"234\" title=\"\" srcset=\"https:\/\/beauty-glow.md\/wp-content\/uploads\/2023\/11\/Beauty-Glow.md-Stapiz-Basic-Salon-Serie-.jpg 947w, https:\/\/beauty-glow.md\/wp-content\/uploads\/2023\/11\/Beauty-Glow.md-Stapiz-Basic-Salon-Serie--800x329.jpg 800w, https:\/\/beauty-glow.md\/wp-content\/uploads\/2023\/11\/Beauty-Glow.md-Stapiz-Basic-Salon-Serie--768x316.jpg 768w, https:\/\/beauty-glow.md\/wp-content\/uploads\/2023\/11\/Beauty-Glow.md-Stapiz-Basic-Salon-Serie--300x124.jpg 300w, https:\/\/beauty-glow.md\/wp-content\/uploads\/2023\/11\/Beauty-Glow.md-Stapiz-Basic-Salon-Serie--600x247.jpg 600w\" sizes=\"(max-width: 568px) 100vw, 568px\" \/><\/p>\n<p><a href=\"https:\/\/beauty-glow.md\/attribute\/tip-produs\/sampon\/\">\u0218amponul<\/a> este conceput pentru orice tip de par. Are un miros natural si placut. \u00cent\u0103re\u0219te foliculii de p\u0103r \u0219i protejeaz\u0103 \u00eempotriva efectelor negative ale factorilor externi. Previne ruperea p\u0103rului \u0219i ofer\u0103 un efect de hr\u0103nire \u0219i \u00eent\u0103rire.<\/p>\n<p><strong>Volum:<\/strong> 5000 ml<\/p>\n<p><strong>Mod de utilizare:<\/strong> Aplica\u021bi \u0219ampon pe p\u0103rul umed, masa\u021bi u\u0219or \u0219i apoi cl\u0103ti\u021bi bine cu ap\u0103. Repeta\u021bi procedura dac\u0103 este necesar.<\/p>\n<p><span style=\"font-size: 100%;\"><strong>Aten\u021bie:<\/strong> numai pentru uz extern. \u00cen caz de contact cu ochii, cl\u0103ti\u021bi cu mult\u0103 ap\u0103. A nu se lasa la indemana copiilor.<\/span><\/p>","protected":false},"excerpt":{"rendered":"<p>Stapiz Basic Salon Lily of the Valley Shampoo &#8211; \u00eent\u0103re\u0219te foliculii de p\u0103r, protejeaz\u0103 de influen\u021bele externe.<\/p>\n","protected":false},"featured_media":726,"template":"","meta":[],"product_brand":[],"product_cat":[31,70,55,175,250,35],"product_tag":[],"class_list":{"0":"post-725","1":"product","2":"type-product","3":"status-publish","4":"has-post-thumbnail","6":"product_cat-ingrijirea","7":"product_cat-toate-tipurile","8":"product_cat-protectia","9":"product_cat-produse-pentru-saloane","10":"product_cat-sampoane-salon","11":"product_cat-sampon","12":"pa_brand-stapiz","13":"pa_producator-polonia","14":"pa_serie-basic-salon","15":"pa_tip-produs-sampon","16":"pa_volum-5000-ml","18":"first","19":"instock","20":"shipping-taxable","21":"product-type-simple"},"_links":{"self":[{"href":"https:\/\/beauty-glow.md\/ro\/wp-json\/wp\/v2\/product\/725","targetHints":{"allow":["GET"]}}],"collection":[{"href":"https:\/\/beauty-glow.md\/ro\/wp-json\/wp\/v2\/product"}],"about":[{"href":"https:\/\/beauty-glow.md\/ro\/wp-json\/wp\/v2\/types\/product"}],"wp:featuredmedia":[{"embeddable":true,"href":"https:\/\/beauty-glow.md\/ro\/wp-json\/wp\/v2\/media\/726"}],"wp:attachment":[{"href":"https:\/\/beauty-glow.md\/ro\/wp-json\/wp\/v2\/media?parent=725"}],"wp:term":[{"taxonomy":"product_brand","embeddable":true,"href":"https:\/\/beauty-glow.md\/ro\/wp-json\/wp\/v2\/product_brand?post=725"},{"taxonomy":"product_cat","embeddable":true,"href":"https:\/\/beauty-glow.md\/ro\/wp-json\/wp\/v2\/product_cat?post=725"},{"taxonomy":"product_tag","embeddable":true,"href":"https:\/\/beauty-glow.md\/ro\/wp-json\/wp\/v2\/product_tag?post=725"}],"curies":[{"name":"wp","href":"https:\/\/api.w.org\/{rel}","templated":true}]}}