{"id":733,"date":"2023-07-21T13:52:54","date_gmt":"2023-07-21T13:52:54","guid":{"rendered":"https:\/\/beauty-glow.md\/?post_type=product&#038;p=733"},"modified":"2024-07-29T06:28:05","modified_gmt":"2024-07-29T06:28:05","slug":"stapiz-basic-salon-aloe-conditioner","status":"publish","type":"product","link":"https:\/\/beauty-glow.md\/ro\/shop\/stapiz-basic-salon-aloe-conditioner\/","title":{"rendered":"Balsam pentru p\u0103r uscat Stapiz Basic Salon Aloe Conditioner 1000ml"},"content":{"rendered":"<h2 style=\"text-align: center;\">Balsam pentru p\u0103r uscat <a href=\"https:\/\/stapiz.pl\/\" target=\"_blank\" rel=\"noopener\">Stapiz<\/a> Basic Salon Aloe Conditioner<\/h2>\n<p>O linie profesional\u0103 de produse cosmetice tehnice necesare \u00een fiecare salon. Linia include \u0219ampoane, m\u0103\u0219ti, balsam \u0219i peroxid de hidrogen \u00een crem\u0103 pentru uz profesional.<\/p>\n<p><img decoding=\"async\" class=\"wp-image-714 aligncenter\" src=\"https:\/\/beauty-glow.md\/wp-content\/uploads\/2023\/11\/Beauty-Glow.md-Stapiz-Basic-Salon-Serie-.jpg\" alt=\"Stapiz Basic Salon Serie\" width=\"568\" height=\"234\" title=\"\" srcset=\"https:\/\/beauty-glow.md\/wp-content\/uploads\/2023\/11\/Beauty-Glow.md-Stapiz-Basic-Salon-Serie-.jpg 947w, https:\/\/beauty-glow.md\/wp-content\/uploads\/2023\/11\/Beauty-Glow.md-Stapiz-Basic-Salon-Serie--800x329.jpg 800w, https:\/\/beauty-glow.md\/wp-content\/uploads\/2023\/11\/Beauty-Glow.md-Stapiz-Basic-Salon-Serie--768x316.jpg 768w, https:\/\/beauty-glow.md\/wp-content\/uploads\/2023\/11\/Beauty-Glow.md-Stapiz-Basic-Salon-Serie--300x124.jpg 300w, https:\/\/beauty-glow.md\/wp-content\/uploads\/2023\/11\/Beauty-Glow.md-Stapiz-Basic-Salon-Serie--600x247.jpg 600w\" sizes=\"(max-width: 568px) 100vw, 568px\" \/><\/p>\n<p><a href=\"https:\/\/beauty-glow.md\/attribute\/tip-produs\/balsam-pentru-par\/\">Balsamul<\/a> este dezvoltat pe baza unei formule speciale \u00eembog\u0103\u021bite cu extract valoros de aloe vera, datorit\u0103 c\u0103reia balsamul restabile\u0219te rapid \u0219i eficient p\u0103rul uscat \u0219i deteriorat, tonific\u0103, hr\u0103ne\u0219te cu substan\u021be utile \u0219i, de asemenea, men\u021bine hidratarea \u00een structura \u0219uvi\u021belor, d\u00e2ndu-le s\u0103n\u0103tate \u0219i frumuse\u021be. Balsamul protejeaz\u0103 buclele de efectele negative ale factorilor externi prin crearea unui strat protector suplimentar \u00een structura p\u0103rului.<\/p>\n<p><strong>Volum:<\/strong> 1000 ml<\/p>\n<p><strong>Mod de utilizare:<\/strong> Sp\u0103la\u021bi-v\u0103 p\u0103rul cu \u0219ampon. Distribui\u021bi balsam uniform pe 2\/3 din lungimea p\u0103rului, f\u0103r\u0103 a atinge r\u0103d\u0103cinile. L\u0103sa\u021bi produsul pe p\u0103r timp de 2-3 minute. Cl\u0103ti\u021bi bine cu mult\u0103 ap\u0103. Usca\u021bi-v\u0103 p\u0103rul cu un prosop \u0219i coafa\u021bi.<\/p>\n<p><span style=\"font-size: 100%;\"><strong>Aten\u021bie:<\/strong> numai pentru uz extern. \u00cen caz de contact cu ochii, cl\u0103ti\u021bi cu mult\u0103 ap\u0103. A nu se lasa la indemana copiilor.<\/span><\/p>","protected":false},"excerpt":{"rendered":"<p>Stapiz Basic Salon Aloe Conditioner &#8211; reface p\u0103rul uscat \u0219i deteriorat, tonific\u0103 \u0219i hidrateaz\u0103.<\/p>\n","protected":false},"featured_media":734,"template":"","meta":[],"product_brand":[],"product_cat":[31,69,55,228],"product_tag":[],"class_list":{"0":"post-733","1":"product","2":"type-product","3":"status-publish","4":"has-post-thumbnail","6":"product_cat-ingrijirea","7":"product_cat-par-uscat-si-deteriorat","8":"product_cat-protectia","9":"product_cat-balsam","10":"pa_brand-stapiz","11":"pa_producator-polonia","12":"pa_serie-basic-salon","13":"pa_tip-produs-balsam-pentru-par","14":"pa_volum-1000-ml","16":"first","17":"instock","18":"shipping-taxable","19":"product-type-simple"},"_links":{"self":[{"href":"https:\/\/beauty-glow.md\/ro\/wp-json\/wp\/v2\/product\/733","targetHints":{"allow":["GET"]}}],"collection":[{"href":"https:\/\/beauty-glow.md\/ro\/wp-json\/wp\/v2\/product"}],"about":[{"href":"https:\/\/beauty-glow.md\/ro\/wp-json\/wp\/v2\/types\/product"}],"wp:featuredmedia":[{"embeddable":true,"href":"https:\/\/beauty-glow.md\/ro\/wp-json\/wp\/v2\/media\/734"}],"wp:attachment":[{"href":"https:\/\/beauty-glow.md\/ro\/wp-json\/wp\/v2\/media?parent=733"}],"wp:term":[{"taxonomy":"product_brand","embeddable":true,"href":"https:\/\/beauty-glow.md\/ro\/wp-json\/wp\/v2\/product_brand?post=733"},{"taxonomy":"product_cat","embeddable":true,"href":"https:\/\/beauty-glow.md\/ro\/wp-json\/wp\/v2\/product_cat?post=733"},{"taxonomy":"product_tag","embeddable":true,"href":"https:\/\/beauty-glow.md\/ro\/wp-json\/wp\/v2\/product_tag?post=733"}],"curies":[{"name":"wp","href":"https:\/\/api.w.org\/{rel}","templated":true}]}}