{"id":988,"date":"2023-12-01T07:36:36","date_gmt":"2023-12-01T07:36:36","guid":{"rendered":"https:\/\/beauty-glow.md\/?post_type=product&#038;p=988"},"modified":"2025-10-29T12:24:33","modified_gmt":"2025-10-29T12:24:33","slug":"shot-moremore-bleach-cream","status":"publish","type":"product","link":"https:\/\/beauty-glow.md\/ro\/shop\/shot-moremore-bleach-cream\/","title":{"rendered":"Past\u0103 pentru decolorarea Shot More&#038;More Bleach Cream 250gr"},"content":{"rendered":"<h2 style=\"text-align: center;\">Past\u0103 pentru decolorarea p\u0103rului Shot More&amp;More Bleach Cream<\/h2>\n<p><a href=\"https:\/\/beauty-glow.md\/tip-produs\/crema\/\"><img decoding=\"async\" class=\"wp-image-998 size-full alignleft\" src=\"https:\/\/beauty-glow.md\/wp-content\/uploads\/2023\/12\/Beauty-glow.md-Shot-Ambition-Color.png\" alt=\"Shot More&amp;More Bleach Cream\" width=\"242\" height=\"300\" title=\"\"><\/a><\/p>\n<p><a href=\"https:\/\/beauty-glow.md\/tip-produs\/pasta-decolorarea\/\">Past\u0103 de \u00een\u0103lbire<\/a> <a href=\"https:\/\/www.cosmeticcenter.it\/\" target=\"_blank\" rel=\"noopener\">Shot<\/a> &#8211; produs de \u00eenalt\u0103 calitate din linia Ambition Tech. Cel mai curat \u0219i rapid rezultat pentru albirea p\u0103rului p\u00e2n\u0103 la 8 tonuri. Trateaz\u0103 structura p\u0103rului cu grij\u0103. Pentru orice tehnic\u0103 de aplicare. Contine proteine \u200b\u200bvegetale, ulei de ricin, argila alba si ceara de albine.<\/p>\n<p><strong>Volum:<\/strong> 250 gr<\/p>\n<p><strong>Mod de utilizare:<\/strong> \u00centr-un recipient nemetalic, amesteca\u021bi 1:1 Bleach &amp; Color cu crema oxidant\u0103 Shot 3%, 6%, 9% sau 12%, \u00een func\u021bie de gradul de iluminare dorit. Timpul de expunere este de la 10 la 50 de minute. Aplica\u021bi amestecul rezultat pe p\u0103r \u0219i monitoriza\u021bi vizual procesul de vopsire. C\u00e2nd ob\u021bine\u021bi rezultatul dorit, cl\u0103ti\u021bi cu aten\u021bie p\u0103rul cu ap\u0103 cald\u0103 p\u00e2n\u0103 c\u00e2nd apa devine limpede.<\/p>\n<p><span style=\"font-size: 100%;\"><strong>Aten\u021bie:<\/strong> numai pentru uz extern. \u00cen caz de contact cu ochii, cl\u0103ti\u021bi cu mult\u0103 ap\u0103. A nu se lasa la indemana copiilor.<\/span><\/p>","protected":false},"excerpt":{"rendered":"<p>Shot More&amp;More Bleach Cream decoloreaz\u0103 u\u0219or p\u0103rul, potrivit pentru orice tehnic\u0103 de aplicare.<\/p>\n","protected":false},"featured_media":999,"template":"","meta":[],"product_brand":[],"product_cat":[70,124,175],"product_tag":[],"class_list":{"0":"post-988","1":"product","2":"type-product","3":"status-publish","4":"has-post-thumbnail","6":"product_cat-toate-tipurile","7":"product_cat-decolorarea-parului","8":"product_cat-produse-pentru-saloane","9":"pa_brand-shot","10":"pa_producator-italia","11":"pa_serie-ambition-tech","12":"pa_tip-produs-pasta-decolorarea","13":"pa_volum-250-gr","15":"first","16":"instock","17":"shipping-taxable","18":"product-type-simple"},"_links":{"self":[{"href":"https:\/\/beauty-glow.md\/ro\/wp-json\/wp\/v2\/product\/988","targetHints":{"allow":["GET"]}}],"collection":[{"href":"https:\/\/beauty-glow.md\/ro\/wp-json\/wp\/v2\/product"}],"about":[{"href":"https:\/\/beauty-glow.md\/ro\/wp-json\/wp\/v2\/types\/product"}],"wp:featuredmedia":[{"embeddable":true,"href":"https:\/\/beauty-glow.md\/ro\/wp-json\/wp\/v2\/media\/999"}],"wp:attachment":[{"href":"https:\/\/beauty-glow.md\/ro\/wp-json\/wp\/v2\/media?parent=988"}],"wp:term":[{"taxonomy":"product_brand","embeddable":true,"href":"https:\/\/beauty-glow.md\/ro\/wp-json\/wp\/v2\/product_brand?post=988"},{"taxonomy":"product_cat","embeddable":true,"href":"https:\/\/beauty-glow.md\/ro\/wp-json\/wp\/v2\/product_cat?post=988"},{"taxonomy":"product_tag","embeddable":true,"href":"https:\/\/beauty-glow.md\/ro\/wp-json\/wp\/v2\/product_tag?post=988"}],"curies":[{"name":"wp","href":"https:\/\/api.w.org\/{rel}","templated":true}]}}