{"id":280,"date":"2023-11-13T12:22:34","date_gmt":"2023-11-13T12:22:34","guid":{"rendered":"https:\/\/beauty-glow.md\/?page_id=280"},"modified":"2024-12-30T10:24:38","modified_gmt":"2024-12-30T10:24:38","slug":"contacte","status":"publish","type":"page","link":"https:\/\/beauty-glow.md\/ru\/contacte\/","title":{"rendered":"\u041a\u043e\u043d\u0442\u0430\u043a\u0442\u044b"},"content":{"rendered":"<div class=\"banner has-hover hide-for-small\" id=\"banner-1034234851\">\n          <div class=\"banner-inner fill\">\n        <div class=\"banner-bg fill\" >\n            <img decoding=\"async\" width=\"1920\" height=\"575\" src=\"https:\/\/beauty-glow.md\/wp-content\/uploads\/2024\/01\/Header-Dekstop.jpg\" class=\"bg attachment-original size-original\" alt=\"Header Dekstop\" title=\"\">                        <div class=\"overlay\"><\/div>            \n                    <\/div>\n\t\t\n        <div class=\"banner-layers container\">\n            <div class=\"fill banner-link\"><\/div>            \n   <div id=\"text-box-1906159113\" class=\"text-box banner-layer x0 md-x0 lg-x0 y100 md-y100 lg-y100 res-text\">\n                     <div data-animate=\"bounceInLeft\">           <div class=\"text-box-content text dark\">\n              \n              <div class=\"text-inner text-left\">\n                  \n\t<div id=\"text-755844228\" class=\"text\">\n\t\t\n\n<h1><span style=\"font-size: 100%;\">\u0421\u0412\u042f\u0416\u0418\u0421\u042c \u0421 \u041d\u0410\u041c\u0418<\/span><\/h1>\n\n\t\t\n<style>\n#text-755844228 {\n  font-size: 0.75rem;\n}\n@media (min-width:550px) {\n  #text-755844228 {\n    font-size: 1.1rem;\n  }\n}\n<\/style>\n\t<\/div>\n\t\n              <\/div>\n           <\/div>\n       <\/div>                     \n<style>\n#text-box-1906159113 {\n  width: 100%;\n}\n#text-box-1906159113 .text-box-content {\n  font-size: 80%;\n}\n@media (min-width:550px) {\n  #text-box-1906159113 {\n    width: 80%;\n  }\n  #text-box-1906159113 .text-box-content {\n    font-size: 100%;\n  }\n}\n<\/style>\n    <\/div>\n \n        <\/div>\n      <\/div>\n\n            \n<style>\n#banner-1034234851 {\n  padding-top: 90%;\n}\n#banner-1034234851 .overlay {\n  background-color: rgba(0,0,0,.5);\n}\n#banner-1034234851 .banner-bg img {\n  object-position: 50% 100%;\n}\n@media (min-width:550px) {\n  #banner-1034234851 {\n    padding-top: 400px;\n  }\n}\n<\/style>\n  <\/div>\n\n\n\n  <div class=\"banner has-hover show-for-small\" id=\"banner-801723253\">\n          <div class=\"banner-inner fill\">\n        <div class=\"banner-bg fill\" >\n            <img decoding=\"async\" width=\"1920\" height=\"1574\" src=\"https:\/\/beauty-glow.md\/wp-content\/uploads\/2023\/12\/Header-mob.jpg\" class=\"bg attachment-original size-original\" alt=\"\" title=\"\">                        <div class=\"overlay\"><\/div>            \n                    <\/div>\n\t\t\n        <div class=\"banner-layers container\">\n            <div class=\"fill banner-link\"><\/div>            \n   <div id=\"text-box-1857141617\" class=\"text-box banner-layer x0 md-x0 lg-x0 y30 md-y100 lg-y100 res-text\">\n                     <div data-animate=\"bounceInLeft\">           <div class=\"text-box-content text dark\">\n              \n              <div class=\"text-inner text-center\">\n                  \n\t<div id=\"text-3304191675\" class=\"text\">\n\t\t\n\n<h1><span style=\"font-size: 75%;\">\u0421\u0412\u042f\u0416\u0418\u0421\u042c \u0421 \u041d\u0410\u041c\u0418<\/span><\/h1>\n\n\t\t\n<style>\n#text-3304191675 {\n  font-size: 0.75rem;\n}\n@media (min-width:550px) {\n  #text-3304191675 {\n    font-size: 1.1rem;\n  }\n}\n<\/style>\n\t<\/div>\n\t\n              <\/div>\n           <\/div>\n       <\/div>                     \n<style>\n#text-box-1857141617 {\n  width: 100%;\n}\n#text-box-1857141617 .text-box-content {\n  font-size: 80%;\n}\n@media (min-width:550px) {\n  #text-box-1857141617 {\n    width: 80%;\n  }\n  #text-box-1857141617 .text-box-content {\n    font-size: 100%;\n  }\n}\n<\/style>\n    <\/div>\n \n        <\/div>\n      <\/div>\n\n            \n<style>\n#banner-801723253 {\n  padding-top: 99.99%;\n}\n#banner-801723253 .overlay {\n  background-color: rgba(0,0,0,.5);\n}\n#banner-801723253 .banner-bg img {\n  object-position: 50% 0%;\n}\n@media (min-width:550px) {\n  #banner-801723253 {\n    padding-top: 500px;\n  }\n}\n<\/style>\n  <\/div>\n\n\n<div class=\"row row-large row-full-width\"  id=\"row-1955562160\">\n\n\t<div id=\"col-1739965465\" class=\"col small-12 large-12\"  >\n\t\t\t\t<div class=\"col-inner text-left\" style=\"background-color:rgb(255, 255, 255);\" >\n\t\t\t\n\t\t\t\n<div class=\"row row-collapse row-full-width\"  id=\"row-108413760\">\n\n\t<div id=\"col-259631792\" class=\"col medium-12 small-12 large-7\"  >\n\t\t\t\t<div class=\"col-inner\"  >\n\t\t\t\n\t\t\t\n\t<div id=\"text-4093641276\" class=\"text\">\n\t\t\n\n<h2>\u0414\u0435\u0440\u0436\u0438 \u0441 \u043d\u0430\u043c\u0438 \u0441\u0432\u044f\u0437\u044c<\/h2>\n\n\t\t\n<style>\n#text-4093641276 {\n  font-size: 1.1rem;\n}\n<\/style>\n\t<\/div>\n\t\n\t<div id=\"gap-1989347747\" class=\"gap-element clearfix\" style=\"display:block; height:auto;\">\n\t\t\n<style>\n#gap-1989347747 {\n  padding-top: 20px;\n}\n@media (min-width:550px) {\n  #gap-1989347747 {\n    padding-top: 20px;\n  }\n}\n@media (min-width:850px) {\n  #gap-1989347747 {\n    padding-top: 30px;\n  }\n}\n<\/style>\n\t<\/div>\n\t\n<div class=\"row\"  id=\"row-1072880655\">\n\n\t<div id=\"col-1043542525\" class=\"col medium-6 small-12 large-6\"  >\n\t\t\t\t<div class=\"col-inner\"  >\n\t\t\t\n\t\t\t\n\t<div class=\"img has-hover x md-x lg-x y md-y lg-y\" id=\"image_480511516\">\n\t\t\t\t\t\t\t\t<div class=\"img-inner dark\" >\n\t\t\t<img decoding=\"async\" width=\"200\" height=\"200\" src=\"https:\/\/beauty-glow.md\/wp-content\/uploads\/2023\/11\/Icon-Adress.png\" class=\"attachment-original size-original\" alt=\"\" srcset=\"https:\/\/beauty-glow.md\/wp-content\/uploads\/2023\/11\/Icon-Adress.png 200w, https:\/\/beauty-glow.md\/wp-content\/uploads\/2023\/11\/Icon-Adress-100x100.png 100w\" sizes=\"(max-width: 200px) 100vw, 200px\" title=\"\">\t\t\t\t\t\t\n\t\t\t\t\t<\/div>\n\t\t\t\t\t\t\t\t\n<style>\n#image_480511516 {\n  width: 15%;\n}\n@media (min-width:550px) {\n  #image_480511516 {\n    width: 20%;\n  }\n}\n<\/style>\n\t<\/div>\n\t\n\n<h3>\u0410\u0434\u0440\u0435\u0441<\/h3>\n\n<p>or. Chi\u0219in\u0103u, bd. \u015etefan cel Mare \u015fi Sf\u00e2nt 64<\/p>\n\t\t<\/div>\n\t\t\t\t\t<\/div>\n\n\t\n\n\t<div id=\"col-1814157071\" class=\"col medium-5 small-12 large-6\"  >\n\t\t\t\t<div class=\"col-inner\"  >\n\t\t\t\n\t\t\t\n\t<div class=\"img has-hover x md-x lg-x y md-y lg-y\" id=\"image_1586055530\">\n\t\t\t\t\t\t\t\t<div class=\"img-inner dark\" >\n\t\t\t<img decoding=\"async\" width=\"200\" height=\"200\" src=\"https:\/\/beauty-glow.md\/wp-content\/uploads\/2023\/11\/Icon-Work-time.png\" class=\"attachment-original size-original\" alt=\"\" srcset=\"https:\/\/beauty-glow.md\/wp-content\/uploads\/2023\/11\/Icon-Work-time.png 200w, https:\/\/beauty-glow.md\/wp-content\/uploads\/2023\/11\/Icon-Work-time-100x100.png 100w\" sizes=\"(max-width: 200px) 100vw, 200px\" title=\"\">\t\t\t\t\t\t\n\t\t\t\t\t<\/div>\n\t\t\t\t\t\t\t\t\n<style>\n#image_1586055530 {\n  width: 15%;\n}\n@media (min-width:550px) {\n  #image_1586055530 {\n    width: 20%;\n  }\n}\n<\/style>\n\t<\/div>\n\t\n\n<h3>\u0427\u0430\u0441\u044b \u0440\u0430\u0431\u043e\u0442\u044b<\/h3>\n\n\u0412\u0442-\u0421\u0431 09:00-14:00\n\t\t<\/div>\n\t\t\t\t\t<\/div>\n\n\t\n<\/div>\n<div class=\"row\"  id=\"row-2018689088\">\n\n\t<div id=\"col-1946084837\" class=\"col medium-6 small-12 large-6\"  >\n\t\t\t\t<div class=\"col-inner\"  >\n\t\t\t\n\t\t\t\n\t<div class=\"img has-hover x md-x lg-x y md-y lg-y\" id=\"image_66095870\">\n\t\t\t\t\t\t\t\t<div class=\"img-inner dark\" >\n\t\t\t<img decoding=\"async\" width=\"200\" height=\"200\" src=\"https:\/\/beauty-glow.md\/wp-content\/uploads\/2023\/11\/Icon-email.png\" class=\"attachment-original size-original\" alt=\"\" srcset=\"https:\/\/beauty-glow.md\/wp-content\/uploads\/2023\/11\/Icon-email.png 200w, https:\/\/beauty-glow.md\/wp-content\/uploads\/2023\/11\/Icon-email-100x100.png 100w\" sizes=\"(max-width: 200px) 100vw, 200px\" title=\"\">\t\t\t\t\t\t\n\t\t\t\t\t<\/div>\n\t\t\t\t\t\t\t\t\n<style>\n#image_66095870 {\n  width: 15%;\n}\n@media (min-width:550px) {\n  #image_66095870 {\n    width: 20%;\n  }\n}\n<\/style>\n\t<\/div>\n\t\n<h3>E-mail<\/h3>\n<p>contact@beauty-glow.md<\/p>\n\t\t<\/div>\n\t\t\t\t\t<\/div>\n\n\t\n\n\t<div id=\"col-1871376732\" class=\"col medium-6 small-12 large-6\"  >\n\t\t\t\t<div class=\"col-inner\"  >\n\t\t\t\n\t\t\t\n\t<div class=\"img has-hover x md-x lg-x y md-y lg-y\" id=\"image_2004754119\">\n\t\t\t\t\t\t\t\t<div class=\"img-inner dark\" >\n\t\t\t<img decoding=\"async\" width=\"200\" height=\"200\" src=\"https:\/\/beauty-glow.md\/wp-content\/uploads\/2023\/11\/Icon-phone.png\" class=\"attachment-original size-original\" alt=\"\" srcset=\"https:\/\/beauty-glow.md\/wp-content\/uploads\/2023\/11\/Icon-phone.png 200w, https:\/\/beauty-glow.md\/wp-content\/uploads\/2023\/11\/Icon-phone-100x100.png 100w\" sizes=\"(max-width: 200px) 100vw, 200px\" title=\"\">\t\t\t\t\t\t\n\t\t\t\t\t<\/div>\n\t\t\t\t\t\t\t\t\n<style>\n#image_2004754119 {\n  width: 15%;\n}\n@media (min-width:550px) {\n  #image_2004754119 {\n    width: 20%;\n  }\n}\n<\/style>\n\t<\/div>\n\t\n\n<h3>\u041d\u043e\u043c\u0435\u0440 \u0442\u0435\u043b\u0435\u0444\u043e\u043d\u0430<\/h3>\n\n<p>+373 605 922 44<\/p>\n\t\t<\/div>\n\t\t\t\t\t<\/div>\n\n\t\n<\/div>\n\t\t<\/div>\n\t\t\t\t\n<style>\n#col-259631792 > .col-inner {\n  padding: 0px 0px 0px 20px;\n}\n<\/style>\n\t<\/div>\n\n\t\n\n\t<div id=\"col-1532182303\" class=\"col medium-12 small-12 large-5\"  >\n\t\t\t\t<div class=\"col-inner text-left\"  >\n\t\t\t\n\t\t\t\n\t<div id=\"text-3354170227\" class=\"text\">\n\t\t\n\n<h2>\u0417\u0430\u0434\u0430\u0439 \u0432\u043e\u043f\u0440\u043e\u0441<\/h2>\n\n\t\t\n<style>\n#text-3354170227 {\n  font-size: 1.1rem;\n}\n<\/style>\n\t<\/div>\n\t\n\t<div id=\"gap-2096141181\" class=\"gap-element clearfix\" style=\"display:block; height:auto;\">\n\t\t\n<style>\n#gap-2096141181 {\n  padding-top: 20px;\n}\n@media (min-width:550px) {\n  #gap-2096141181 {\n    padding-top: 20px;\n  }\n}\n@media (min-width:850px) {\n  #gap-2096141181 {\n    padding-top: 30px;\n  }\n}\n<\/style>\n\t<\/div>\n\t\n\n\n<div class=\"wpcf7 no-js\" id=\"wpcf7-f885-o1\" lang=\"ru-RU\" dir=\"ltr\" data-wpcf7-id=\"885\">\n<div class=\"screen-reader-response\"><p role=\"status\" aria-live=\"polite\" aria-atomic=\"true\"><\/p> <ul><\/ul><\/div>\n<form action=\"\/ru\/wp-json\/wp\/v2\/pages\/280#wpcf7-f885-o1\" method=\"post\" class=\"wpcf7-form init\" aria-label=\"\u041a\u043e\u043d\u0442\u0430\u043a\u0442\u043d\u0430\u044f \u0444\u043e\u0440\u043c\u0430\" novalidate=\"novalidate\" data-status=\"init\">\n<fieldset class=\"hidden-fields-container\"><input type=\"hidden\" name=\"_wpcf7\" value=\"885\" \/><input type=\"hidden\" name=\"_wpcf7_version\" value=\"6.1.5\" \/><input type=\"hidden\" name=\"_wpcf7_locale\" value=\"ru_RU\" \/><input type=\"hidden\" name=\"_wpcf7_unit_tag\" value=\"wpcf7-f885-o1\" \/><input type=\"hidden\" name=\"_wpcf7_container_post\" value=\"0\" \/><input type=\"hidden\" name=\"_wpcf7_posted_data_hash\" value=\"\" \/>\n<\/fieldset>\n<p><label> \u0418\u043c\u044f<br \/>\n<span class=\"wpcf7-form-control-wrap\" data-name=\"your-name\"><input size=\"40\" maxlength=\"400\" class=\"wpcf7-form-control wpcf7-text wpcf7-validates-as-required\" autocomplete=\"name\" aria-required=\"true\" aria-invalid=\"false\" value=\"\" type=\"text\" name=\"your-name\" \/><\/span> <\/label>\n<\/p>\n<p><label> E-mail<br \/>\n<span class=\"wpcf7-form-control-wrap\" data-name=\"your-email\"><input size=\"40\" maxlength=\"400\" class=\"wpcf7-form-control wpcf7-email wpcf7-validates-as-required wpcf7-text wpcf7-validates-as-email\" autocomplete=\"email\" aria-required=\"true\" aria-invalid=\"false\" value=\"\" type=\"email\" name=\"your-email\" \/><\/span> <\/label>\n<\/p>\n<p><label> \u0422\u0435\u043c\u0430<br \/>\n<span class=\"wpcf7-form-control-wrap\" data-name=\"your-subject\"><input size=\"40\" maxlength=\"400\" class=\"wpcf7-form-control wpcf7-text wpcf7-validates-as-required\" aria-required=\"true\" aria-invalid=\"false\" value=\"\" type=\"text\" name=\"your-subject\" \/><\/span> <\/label>\n<\/p>\n<p><label> \u0421\u043e\u043e\u0431\u0449\u0435\u043d\u0438\u0435<br \/>\n<span class=\"wpcf7-form-control-wrap\" data-name=\"your-message\"><textarea cols=\"40\" rows=\"10\" maxlength=\"2000\" class=\"wpcf7-form-control wpcf7-textarea\" aria-invalid=\"false\" name=\"your-message\"><\/textarea><\/span> <\/label>\n<\/p>\n<p><input class=\"wpcf7-form-control wpcf7-submit has-spinner\" type=\"submit\" value=\"\u041e\u0422\u041f\u0420\u0410\u0412\u0418\u0422\u042c\" \/>\n<\/p><div class=\"wpcf7-response-output\" aria-hidden=\"true\"><\/div>\n<\/form>\n<\/div>\n\n\n\t\t<\/div>\n\t\t\t\t\t<\/div>\n\n\t\n\n<style>\n#row-108413760 > .col > .col-inner {\n  padding: 0px 15px 0px 15px;\n}\n<\/style>\n<\/div>\n\t\t<\/div>\n\t\t\t\t\n<style>\n#col-1739965465 > .col-inner {\n  padding: 50px 20px 0px 20px;\n  margin: -0 0px 0px 0px;\n}\n@media (min-width:550px) {\n  #col-1739965465 > .col-inner {\n    padding: 50px 20px 30px 20px;\n    margin: 0 0px 0px 0px;\n  }\n}\n@media (min-width:850px) {\n  #col-1739965465 > .col-inner {\n    padding: 66px 5% 16px 5%;\n    margin: 0px 0px 0px 0px;\n  }\n}\n<\/style>\n\t<\/div>\n\n\t\n<\/div>","protected":false},"excerpt":{"rendered":"","protected":false},"author":1,"featured_media":269,"parent":0,"menu_order":15,"comment_status":"closed","ping_status":"closed","template":"","meta":{"footnotes":""},"class_list":["post-280","page","type-page","status-publish","has-post-thumbnail","hentry"],"_links":{"self":[{"href":"https:\/\/beauty-glow.md\/ru\/wp-json\/wp\/v2\/pages\/280","targetHints":{"allow":["GET"]}}],"collection":[{"href":"https:\/\/beauty-glow.md\/ru\/wp-json\/wp\/v2\/pages"}],"about":[{"href":"https:\/\/beauty-glow.md\/ru\/wp-json\/wp\/v2\/types\/page"}],"author":[{"embeddable":true,"href":"https:\/\/beauty-glow.md\/ru\/wp-json\/wp\/v2\/users\/1"}],"replies":[{"embeddable":true,"href":"https:\/\/beauty-glow.md\/ru\/wp-json\/wp\/v2\/comments?post=280"}],"version-history":[{"count":46,"href":"https:\/\/beauty-glow.md\/ru\/wp-json\/wp\/v2\/pages\/280\/revisions"}],"predecessor-version":[{"id":2096,"href":"https:\/\/beauty-glow.md\/ru\/wp-json\/wp\/v2\/pages\/280\/revisions\/2096"}],"wp:featuredmedia":[{"embeddable":true,"href":"https:\/\/beauty-glow.md\/ru\/wp-json\/wp\/v2\/media\/269"}],"wp:attachment":[{"href":"https:\/\/beauty-glow.md\/ru\/wp-json\/wp\/v2\/media?parent=280"}],"curies":[{"name":"wp","href":"https:\/\/api.w.org\/{rel}","templated":true}]}}